{"id":9404,"date":"2026-01-18T00:13:38","date_gmt":"2026-01-17T23:13:38","guid":{"rendered":"https:\/\/oraodoberman.com\/?post_type=product&#038;p=9404"},"modified":"2026-01-18T00:17:27","modified_gmt":"2026-01-17T23:17:27","slug":"ra-isis-di-orao","status":"publish","type":"product","link":"https:\/\/oraodoberman.com\/fr\/chiens-dobermans\/doberman-a-vendre\/ra-isis-di-orao\/","title":{"rendered":"Ra Isis di Orao"},"content":{"rendered":"\t\t<div data-elementor-type=\"product-post\" data-elementor-id=\"9404\" class=\"elementor elementor-9404\" data-elementor-post-type=\"product\">\n\t\t\t\t<div class=\"elementor-element elementor-element-c6f7e5e e-flex e-con-boxed e-con e-parent\" data-id=\"c6f7e5e\" data-element_type=\"container\" data-e-type=\"container\">\n\t\t\t\t\t<div class=\"e-con-inner\">\n\t\t\t\t<div class=\"elementor-element elementor-element-8108ece elementor-widget elementor-widget-gallery\" data-id=\"8108ece\" data-element_type=\"widget\" data-e-type=\"widget\" data-settings=\"{&quot;columns&quot;:2,&quot;lazyload&quot;:&quot;yes&quot;,&quot;gallery_layout&quot;:&quot;grid&quot;,&quot;columns_tablet&quot;:2,&quot;columns_mobile&quot;:1,&quot;gap&quot;:{&quot;unit&quot;:&quot;px&quot;,&quot;size&quot;:10,&quot;sizes&quot;:[]},&quot;gap_tablet&quot;:{&quot;unit&quot;:&quot;px&quot;,&quot;size&quot;:10,&quot;sizes&quot;:[]},&quot;gap_mobile&quot;:{&quot;unit&quot;:&quot;px&quot;,&quot;size&quot;:10,&quot;sizes&quot;:[]},&quot;link_to&quot;:&quot;file&quot;,&quot;aspect_ratio&quot;:&quot;3:2&quot;,&quot;overlay_background&quot;:&quot;yes&quot;,&quot;content_hover_animation&quot;:&quot;fade-in&quot;}\" data-widget_type=\"gallery.default\">\n\t\t\t\t<div class=\"elementor-widget-container\">\n\t\t\t\t\t\t\t<div class=\"elementor-gallery__container\">\n\t\t\t\t\t\t\t<a class=\"e-gallery-item elementor-gallery-item elementor-animated-content\" href=\"https:\/\/oraodoberman.com\/wp-content\/uploads\/2025\/08\/DSC_0216-1-1.jpg\" data-elementor-open-lightbox=\"yes\" data-elementor-lightbox-slideshow=\"8108ece\" data-elementor-lightbox-title=\"DSC_0216 (1)\" data-e-action-hash=\"#elementor-action%3Aaction%3Dlightbox%26settings%3DeyJpZCI6NzA2NCwidXJsIjoiaHR0cHM6XC9cL29yYW9kb2Jlcm1hbi5jb21cL3dwLWNvbnRlbnRcL3VwbG9hZHNcLzIwMjVcLzA4XC9EU0NfMDIxNi0xLTEuanBnIiwic2xpZGVzaG93IjoiODEwOGVjZSJ9\">\n\t\t\t\t\t<div class=\"e-gallery-image elementor-gallery-item__image\" data-thumbnail=\"https:\/\/oraodoberman.com\/wp-content\/uploads\/2025\/08\/DSC_0216-1-1-200x300.jpg\" data-width=\"200\" data-height=\"300\" aria-label=\"\" role=\"img\" ><\/div>\n\t\t\t\t\t\t\t\t\t\t\t<div class=\"elementor-gallery-item__overlay\"><\/div>\n\t\t\t\t\t\t\t\t\t\t\t\t\t\t<\/a>\n\t\t\t\t\t\t\t<a class=\"e-gallery-item elementor-gallery-item elementor-animated-content\" href=\"https:\/\/oraodoberman.com\/wp-content\/uploads\/2025\/08\/DSC_0206-1.jpg\" data-elementor-open-lightbox=\"yes\" data-elementor-lightbox-slideshow=\"8108ece\" data-elementor-lightbox-title=\"DSC_0206\" data-e-action-hash=\"#elementor-action%3Aaction%3Dlightbox%26settings%3DeyJpZCI6NjE1MywidXJsIjoiaHR0cHM6XC9cL29yYW9kb2Jlcm1hbi5jb21cL3dwLWNvbnRlbnRcL3VwbG9hZHNcLzIwMjVcLzA4XC9EU0NfMDIwNi0xLmpwZyIsInNsaWRlc2hvdyI6IjgxMDhlY2UifQ%3D%3D\">\n\t\t\t\t\t<div class=\"e-gallery-image elementor-gallery-item__image\" data-thumbnail=\"https:\/\/oraodoberman.com\/wp-content\/uploads\/2025\/08\/DSC_0206-1-200x300.jpg\" data-width=\"200\" data-height=\"300\" aria-label=\"a dog sitting on a red background\" role=\"img\" ><\/div>\n\t\t\t\t\t\t\t\t\t\t\t<div class=\"elementor-gallery-item__overlay\"><\/div>\n\t\t\t\t\t\t\t\t\t\t\t\t\t\t<\/a>\n\t\t\t\t\t\t\t<a class=\"e-gallery-item elementor-gallery-item elementor-animated-content\" href=\"https:\/\/oraodoberman.com\/wp-content\/uploads\/2025\/08\/DSC_0218-1.jpg\" data-elementor-open-lightbox=\"yes\" data-elementor-lightbox-slideshow=\"8108ece\" data-elementor-lightbox-title=\"DSC_0218\" data-e-action-hash=\"#elementor-action%3Aaction%3Dlightbox%26settings%3DeyJpZCI6NjE0MSwidXJsIjoiaHR0cHM6XC9cL29yYW9kb2Jlcm1hbi5jb21cL3dwLWNvbnRlbnRcL3VwbG9hZHNcLzIwMjVcLzA4XC9EU0NfMDIxOC0xLmpwZyIsInNsaWRlc2hvdyI6IjgxMDhlY2UifQ%3D%3D\">\n\t\t\t\t\t<div class=\"e-gallery-image elementor-gallery-item__image\" data-thumbnail=\"https:\/\/oraodoberman.com\/wp-content\/uploads\/2025\/08\/DSC_0218-1-300x200.jpg\" data-width=\"300\" data-height=\"200\" aria-label=\"\" role=\"img\" ><\/div>\n\t\t\t\t\t\t\t\t\t\t\t<div class=\"elementor-gallery-item__overlay\"><\/div>\n\t\t\t\t\t\t\t\t\t\t\t\t\t\t<\/a>\n\t\t\t\t\t\t\t<a class=\"e-gallery-item elementor-gallery-item elementor-animated-content\" href=\"https:\/\/oraodoberman.com\/wp-content\/uploads\/2025\/08\/DSC_0224-1.jpg\" data-elementor-open-lightbox=\"yes\" data-elementor-lightbox-slideshow=\"8108ece\" data-elementor-lightbox-title=\"DSC_0224\" data-e-action-hash=\"#elementor-action%3Aaction%3Dlightbox%26settings%3DeyJpZCI6NjEzNSwidXJsIjoiaHR0cHM6XC9cL29yYW9kb2Jlcm1hbi5jb21cL3dwLWNvbnRlbnRcL3VwbG9hZHNcLzIwMjVcLzA4XC9EU0NfMDIyNC0xLmpwZyIsInNsaWRlc2hvdyI6IjgxMDhlY2UifQ%3D%3D\">\n\t\t\t\t\t<div class=\"e-gallery-image elementor-gallery-item__image\" data-thumbnail=\"https:\/\/oraodoberman.com\/wp-content\/uploads\/2025\/08\/DSC_0224-1-300x200.jpg\" data-width=\"300\" data-height=\"200\" aria-label=\"\" role=\"img\" ><\/div>\n\t\t\t\t\t\t\t\t\t\t\t<div class=\"elementor-gallery-item__overlay\"><\/div>\n\t\t\t\t\t\t\t\t\t\t\t\t\t\t<\/a>\n\t\t\t\t\t<\/div>\n\t\t\t\t\t<\/div>\n\t\t\t\t<\/div>\n\t\t\t\t<div class=\"elementor-element elementor-element-57c8cc4 elementor-widget elementor-widget-text-editor\" data-id=\"57c8cc4\" data-element_type=\"widget\" data-e-type=\"widget\" data-widget_type=\"text-editor.default\">\n\t\t\t\t<div class=\"elementor-widget-container\">\n\t\t\t\t\t\t\t\t\t<div data-test-render-count=\"1\"><div class=\"group\"><div class=\"group relative relative pb-3\" data-is-streaming=\"false\"><div class=\"font-claude-response relative leading-[1.65rem] [&amp;_pre&gt;div]:bg-bg-000\/50 [&amp;_pre&gt;div]:border-0.5 [&amp;_pre&gt;div]:border-border-400 [&amp;_.ignore-pre-bg&gt;div]:bg-transparent [&amp;_.standard-markdown_:is(p,blockquote,h1,h2,h3,h4,h5,h6)]:pl-2 [&amp;_.standard-markdown_:is(p,blockquote,ul,ol,h1,h2,h3,h4,h5,h6)]:pr-8 [&amp;_.progressive-markdown_:is(p,blockquote,h1,h2,h3,h4,h5,h6)]:pl-2 [&amp;_.progressive-markdown_:is(p,blockquote,ul,ol,h1,h2,h3,h4,h5,h6)]:pr-8\"><div class=\"standard-markdown grid-cols-1 grid gap-3 [&amp;_&gt;_*]:min-w-0 standard-markdown\"><p class=\"font-claude-response-body break-words whitespace-normal leading-[1.7]\"><strong>Chiot Doberman noir \u2013 Votre petite ch\u00e9rie<\/strong><\/p><p class=\"font-claude-response-body break-words whitespace-normal leading-[1.7]\">Imaginez notre magnifique chiot Doberman noir \u2013 une v\u00e9ritable boule d&rsquo;\u00e9nergie qui remplira votre maison d&rsquo;une joie de vivre indescriptible ! Cette petite fus\u00e9e d\u00e9vou\u00e9e s&rsquo;est d\u00e9j\u00e0 r\u00e9v\u00e9l\u00e9e \u00eatre une vraie personnalit\u00e9 avec ses pr\u00e9f\u00e9rences bien particuli\u00e8res.<\/p><p class=\"font-claude-response-body break-words whitespace-normal leading-[1.7]\">Les enfants sont sa priorit\u00e9 absolue \u2013 elle fond litt\u00e9ralement lorsque les petits sont \u00e0 proximit\u00e9. Sa passion secr\u00e8te ? Les oiseaux ! Elle passe d&rsquo;interminables minutes \u00e0 observer les acrobates qui voltigent devant la fen\u00eatre, comme une petite chercheuse.<\/p><p class=\"font-claude-response-body break-words whitespace-normal leading-[1.7]\">Sa robe noire profonde et soyeuse fait d&rsquo;elle une vraie beaut\u00e9, mais sa signature, c&rsquo;est d\u00e9finitivement sa fa\u00e7on espi\u00e8gle de s&rsquo;\u00e9taler sur le canap\u00e9 \u2013 comme si tout le canap\u00e9 lui appartenait !<\/p><p class=\"font-claude-response-body break-words whitespace-normal leading-[1.7]\">Cette petite diva charmante apporte l&rsquo;\u00e9quilibre parfait entre tendresse et vivacit\u00e9 enjou\u00e9e.<\/p><p class=\"font-claude-response-body break-words whitespace-normal leading-[1.7]\"><strong>Pedigree :<\/strong><\/p><ul class=\"[li_&amp;]:mb-0 [li_&amp;]:mt-1 [li_&amp;]:gap-1 [&amp;:not(:last-child)_ul]:pb-1 [&amp;:not(:last-child)_ol]:pb-1 list-disc flex flex-col gap-1 pl-8 mb-3\"><li class=\"whitespace-normal break-words pl-2\"><strong>P\u00e8re :<\/strong> <a href=\"https:\/\/oraodoberman.com\/fr\/chiens-dobermans\/nos-dobermans\/pegase-des-fedelissimi\/\">Pegas Della Fedelissimi<\/a><\/li><li class=\"whitespace-normal break-words pl-2\"><strong>M\u00e8re :<\/strong> <a href=\"https:\/\/oraodoberman.com\/fr\/chiens-dobermans\/nos-dobermans\/longue-vie-a-vinco-metida\/\">Vivat De Vinko Metida<\/a><\/li><\/ul><p class=\"font-claude-response-body break-words whitespace-normal leading-[1.7]\">Faites de la place pour votre nouvelle petite colocataire !<\/p><\/div><\/div><\/div><div class=\"flex justify-start\" role=\"group\" aria-label=\"Message actions\"><div class=\"text-text-300\"><div class=\"text-text-300 flex items-stretch justify-between\"><div class=\"w-fit\" data-state=\"closed\"><div class=\"relative text-text-500 group-hover\/btn:text-text-100\"><div class=\"transition-all opacity-100 scale-100\">\u00a0<\/div><div class=\"absolute top-0 left-0 transition-all opacity-0 scale-50\">\u00a0<\/div><\/div><\/div><div class=\"w-fit\" data-state=\"closed\"><div class=\"text-text-500 group-hover\/btn:text-text-100\">\u00a0<\/div><\/div><div class=\"w-fit\" data-state=\"closed\"><div class=\"text-text-500 group-hover\/btn:text-text-100\">\u00a0<\/div><\/div><div class=\"flex items-center\"><div class=\"w-fit\" data-state=\"closed\"><div class=\"text-text-500 group-hover\/btn:text-text-100\">\u00a0<\/div><\/div><\/div><\/div><\/div><\/div><\/div><\/div><div class=\"h-px w-full pointer-events-none\" aria-hidden=\"true\">\u00a0<\/div>\t\t\t\t\t\t\t\t<\/div>\n\t\t\t\t<\/div>\n\t\t\t\t\t<\/div>\n\t\t\t\t<\/div>\n\t\t\t\t<\/div>\n\t\t","protected":false},"excerpt":{"rendered":"<p>Chiot Doberman noir \u2013 Votre petite ch\u00e9rie Imaginez notre magnifique chiot Doberman noir \u2013 une v\u00e9ritable boule d&rsquo;\u00e9nergie qui remplira votre maison d&rsquo;une joie de vivre indescriptible ! Cette petite fus\u00e9e d\u00e9vou\u00e9e s&rsquo;est d\u00e9j\u00e0 r\u00e9v\u00e9l\u00e9e \u00eatre une vraie personnalit\u00e9 avec ses pr\u00e9f\u00e9rences bien particuli\u00e8res. Les enfants sont sa priorit\u00e9 absolue \u2013 elle fond litt\u00e9ralement lorsque [&hellip;]<\/p>\n","protected":false},"featured_media":7064,"comment_status":"open","ping_status":"closed","template":"","meta":[],"product_brand":[],"product_cat":[103,141],"product_tag":[],"class_list":{"0":"post-9404","1":"product","2":"type-product","3":"status-publish","4":"has-post-thumbnail","6":"product_cat-doberman-a-vendre","7":"product_cat-r-litter-doberman-a-vendre","9":"first","10":"instock","11":"shipping-taxable","12":"product-type-simple"},"_links":{"self":[{"href":"https:\/\/oraodoberman.com\/fr\/wp-json\/wp\/v2\/product\/9404","targetHints":{"allow":["GET"]}}],"collection":[{"href":"https:\/\/oraodoberman.com\/fr\/wp-json\/wp\/v2\/product"}],"about":[{"href":"https:\/\/oraodoberman.com\/fr\/wp-json\/wp\/v2\/types\/product"}],"replies":[{"embeddable":true,"href":"https:\/\/oraodoberman.com\/fr\/wp-json\/wp\/v2\/comments?post=9404"}],"version-history":[{"count":4,"href":"https:\/\/oraodoberman.com\/fr\/wp-json\/wp\/v2\/product\/9404\/revisions"}],"predecessor-version":[{"id":9408,"href":"https:\/\/oraodoberman.com\/fr\/wp-json\/wp\/v2\/product\/9404\/revisions\/9408"}],"wp:featuredmedia":[{"embeddable":true,"href":"https:\/\/oraodoberman.com\/fr\/wp-json\/wp\/v2\/media\/7064"}],"wp:attachment":[{"href":"https:\/\/oraodoberman.com\/fr\/wp-json\/wp\/v2\/media?parent=9404"}],"wp:term":[{"taxonomy":"product_brand","embeddable":true,"href":"https:\/\/oraodoberman.com\/fr\/wp-json\/wp\/v2\/product_brand?post=9404"},{"taxonomy":"product_cat","embeddable":true,"href":"https:\/\/oraodoberman.com\/fr\/wp-json\/wp\/v2\/product_cat?post=9404"},{"taxonomy":"product_tag","embeddable":true,"href":"https:\/\/oraodoberman.com\/fr\/wp-json\/wp\/v2\/product_tag?post=9404"}],"curies":[{"name":"wp","href":"https:\/\/api.w.org\/{rel}","templated":true}]}}