{"id":9392,"date":"2026-01-17T00:33:01","date_gmt":"2026-01-16T23:33:01","guid":{"rendered":"https:\/\/oraodoberman.com\/?post_type=product&#038;p=9392"},"modified":"2026-01-17T00:35:23","modified_gmt":"2026-01-16T23:35:23","slug":"julian-di-orao-2","status":"publish","type":"product","link":"https:\/\/oraodoberman.com\/fr\/chiens-dobermans\/doberman-a-vendre\/julian-di-orao-2\/","title":{"rendered":"Julian di Orao"},"content":{"rendered":"\t\t<div data-elementor-type=\"product-post\" data-elementor-id=\"9392\" class=\"elementor elementor-9392\" data-elementor-post-type=\"product\">\n\t\t\t\t<div class=\"elementor-element elementor-element-75f1521 e-flex e-con-boxed e-con e-parent\" data-id=\"75f1521\" data-element_type=\"container\" data-e-type=\"container\">\n\t\t\t\t\t<div class=\"e-con-inner\">\n\t\t\t\t<div class=\"elementor-element elementor-element-88a9d93 elementor-widget elementor-widget-gallery\" data-id=\"88a9d93\" data-element_type=\"widget\" data-e-type=\"widget\" data-settings=\"{&quot;lazyload&quot;:&quot;yes&quot;,&quot;gallery_layout&quot;:&quot;grid&quot;,&quot;columns&quot;:4,&quot;columns_tablet&quot;:2,&quot;columns_mobile&quot;:1,&quot;gap&quot;:{&quot;unit&quot;:&quot;px&quot;,&quot;size&quot;:10,&quot;sizes&quot;:[]},&quot;gap_tablet&quot;:{&quot;unit&quot;:&quot;px&quot;,&quot;size&quot;:10,&quot;sizes&quot;:[]},&quot;gap_mobile&quot;:{&quot;unit&quot;:&quot;px&quot;,&quot;size&quot;:10,&quot;sizes&quot;:[]},&quot;link_to&quot;:&quot;file&quot;,&quot;aspect_ratio&quot;:&quot;3:2&quot;,&quot;overlay_background&quot;:&quot;yes&quot;,&quot;content_hover_animation&quot;:&quot;fade-in&quot;}\" data-widget_type=\"gallery.default\">\n\t\t\t\t<div class=\"elementor-widget-container\">\n\t\t\t\t\t\t\t<div class=\"elementor-gallery__container\">\n\t\t\t\t\t\t\t<a class=\"e-gallery-item elementor-gallery-item elementor-animated-content\" href=\"https:\/\/oraodoberman.com\/wp-content\/uploads\/2025\/03\/DSC_5574.jpg\" data-elementor-open-lightbox=\"yes\" data-elementor-lightbox-slideshow=\"88a9d93\" data-elementor-lightbox-title=\"DSC_5574\" data-e-action-hash=\"#elementor-action%3Aaction%3Dlightbox%26settings%3DeyJpZCI6MjMyNCwidXJsIjoiaHR0cHM6XC9cL29yYW9kb2Jlcm1hbi5jb21cL3dwLWNvbnRlbnRcL3VwbG9hZHNcLzIwMjVcLzAzXC9EU0NfNTU3NC5qcGciLCJzbGlkZXNob3ciOiI4OGE5ZDkzIn0%3D\">\n\t\t\t\t\t<div class=\"e-gallery-image elementor-gallery-item__image\" data-thumbnail=\"https:\/\/oraodoberman.com\/wp-content\/uploads\/2025\/03\/DSC_5574-200x300.jpg\" data-width=\"200\" data-height=\"300\" aria-label=\"\" role=\"img\" ><\/div>\n\t\t\t\t\t\t\t\t\t\t\t<div class=\"elementor-gallery-item__overlay\"><\/div>\n\t\t\t\t\t\t\t\t\t\t\t\t\t\t<\/a>\n\t\t\t\t\t\t\t<a class=\"e-gallery-item elementor-gallery-item elementor-animated-content\" href=\"https:\/\/oraodoberman.com\/wp-content\/uploads\/2025\/03\/DSC_5561.jpg\" data-elementor-open-lightbox=\"yes\" data-elementor-lightbox-slideshow=\"88a9d93\" data-elementor-lightbox-title=\"DSC_5561\" data-e-action-hash=\"#elementor-action%3Aaction%3Dlightbox%26settings%3DeyJpZCI6MjQwNCwidXJsIjoiaHR0cHM6XC9cL29yYW9kb2Jlcm1hbi5jb21cL3dwLWNvbnRlbnRcL3VwbG9hZHNcLzIwMjVcLzAzXC9EU0NfNTU2MS5qcGciLCJzbGlkZXNob3ciOiI4OGE5ZDkzIn0%3D\">\n\t\t\t\t\t<div class=\"e-gallery-image elementor-gallery-item__image\" data-thumbnail=\"https:\/\/oraodoberman.com\/wp-content\/uploads\/2025\/03\/DSC_5561-200x300.jpg\" data-width=\"200\" data-height=\"300\" aria-label=\"\" role=\"img\" ><\/div>\n\t\t\t\t\t\t\t\t\t\t\t<div class=\"elementor-gallery-item__overlay\"><\/div>\n\t\t\t\t\t\t\t\t\t\t\t\t\t\t<\/a>\n\t\t\t\t\t\t\t<a class=\"e-gallery-item elementor-gallery-item elementor-animated-content\" href=\"https:\/\/oraodoberman.com\/wp-content\/uploads\/2025\/03\/DSC_5566.jpg\" data-elementor-open-lightbox=\"yes\" data-elementor-lightbox-slideshow=\"88a9d93\" data-elementor-lightbox-title=\"DSC_5566\" data-e-action-hash=\"#elementor-action%3Aaction%3Dlightbox%26settings%3DeyJpZCI6MjMyOCwidXJsIjoiaHR0cHM6XC9cL29yYW9kb2Jlcm1hbi5jb21cL3dwLWNvbnRlbnRcL3VwbG9hZHNcLzIwMjVcLzAzXC9EU0NfNTU2Ni5qcGciLCJzbGlkZXNob3ciOiI4OGE5ZDkzIn0%3D\">\n\t\t\t\t\t<div class=\"e-gallery-image elementor-gallery-item__image\" data-thumbnail=\"https:\/\/oraodoberman.com\/wp-content\/uploads\/2025\/03\/DSC_5566-200x300.jpg\" data-width=\"200\" data-height=\"300\" aria-label=\"\" role=\"img\" ><\/div>\n\t\t\t\t\t\t\t\t\t\t\t<div class=\"elementor-gallery-item__overlay\"><\/div>\n\t\t\t\t\t\t\t\t\t\t\t\t\t\t<\/a>\n\t\t\t\t\t\t\t<a class=\"e-gallery-item elementor-gallery-item elementor-animated-content\" href=\"https:\/\/oraodoberman.com\/wp-content\/uploads\/2025\/03\/DSC_5577.jpg\" data-elementor-open-lightbox=\"yes\" data-elementor-lightbox-slideshow=\"88a9d93\" data-elementor-lightbox-title=\"DSC_5577\" data-e-action-hash=\"#elementor-action%3Aaction%3Dlightbox%26settings%3DeyJpZCI6MjQwMCwidXJsIjoiaHR0cHM6XC9cL29yYW9kb2Jlcm1hbi5jb21cL3dwLWNvbnRlbnRcL3VwbG9hZHNcLzIwMjVcLzAzXC9EU0NfNTU3Ny5qcGciLCJzbGlkZXNob3ciOiI4OGE5ZDkzIn0%3D\">\n\t\t\t\t\t<div class=\"e-gallery-image elementor-gallery-item__image\" data-thumbnail=\"https:\/\/oraodoberman.com\/wp-content\/uploads\/2025\/03\/DSC_5577-300x200.jpg\" data-width=\"300\" data-height=\"200\" aria-label=\"\" role=\"img\" ><\/div>\n\t\t\t\t\t\t\t\t\t\t\t<div class=\"elementor-gallery-item__overlay\"><\/div>\n\t\t\t\t\t\t\t\t\t\t\t\t\t\t<\/a>\n\t\t\t\t\t\t\t<a class=\"e-gallery-item elementor-gallery-item elementor-animated-content\" href=\"https:\/\/oraodoberman.com\/wp-content\/uploads\/2025\/03\/DSC_5588.jpg\" data-elementor-open-lightbox=\"yes\" data-elementor-lightbox-slideshow=\"88a9d93\" data-elementor-lightbox-title=\"DSC_5588\" data-e-action-hash=\"#elementor-action%3Aaction%3Dlightbox%26settings%3DeyJpZCI6MjMyMCwidXJsIjoiaHR0cHM6XC9cL29yYW9kb2Jlcm1hbi5jb21cL3dwLWNvbnRlbnRcL3VwbG9hZHNcLzIwMjVcLzAzXC9EU0NfNTU4OC5qcGciLCJzbGlkZXNob3ciOiI4OGE5ZDkzIn0%3D\">\n\t\t\t\t\t<div class=\"e-gallery-image elementor-gallery-item__image\" data-thumbnail=\"https:\/\/oraodoberman.com\/wp-content\/uploads\/2025\/03\/DSC_5588-300x200.jpg\" data-width=\"300\" data-height=\"200\" aria-label=\"\" role=\"img\" ><\/div>\n\t\t\t\t\t\t\t\t\t\t\t<div class=\"elementor-gallery-item__overlay\"><\/div>\n\t\t\t\t\t\t\t\t\t\t\t\t\t\t<\/a>\n\t\t\t\t\t<\/div>\n\t\t\t\t\t<\/div>\n\t\t\t\t<\/div>\n\t\t\t\t<div class=\"elementor-element elementor-element-54de2b2 elementor-widget elementor-widget-text-editor\" data-id=\"54de2b2\" data-element_type=\"widget\" data-e-type=\"widget\" data-widget_type=\"text-editor.default\">\n\t\t\t\t<div class=\"elementor-widget-container\">\n\t\t\t\t\t\t\t\t\t<p class=\"font-claude-response-body break-words whitespace-normal leading-[1.7]\"><strong>Chiot Doberman m\u00e2le noir \u2013 pedigree exceptionnel !<\/strong><\/p><p class=\"font-claude-response-body break-words whitespace-normal leading-[1.7]\">Ce chiot Doberman m\u00e2le noir est issu d&rsquo;un pedigree exceptionnel qui garantit une qualit\u00e9 sup\u00e9rieure ! Sa beaut\u00e9 est d\u00e9j\u00e0 \u00e9vidente \u00e0 cet \u00e2ge \u2013 des proportions parfaites et une robe noire profonde \u00e0 couper le souffle. Son caract\u00e8re est aussi impressionnant que ses origines \u2013 \u00e9quilibr\u00e9, intelligent et plein de charme. Le pedigree se refl\u00e8te dans chaque mouvement de ce petit aristocrate. Un investissement dans la qualit\u00e9 qui vous apportera des ann\u00e9es de fiert\u00e9 et de bonheur.<\/p><p class=\"font-claude-response-body break-words whitespace-normal leading-[1.7]\">R\u00e9serv\u00e9 \u00e0 ceux qui reconnaissent la valeur d&rsquo;une lign\u00e9e exceptionnelle et d&rsquo;un caract\u00e8re inestimable !<\/p><p class=\"font-claude-response-body break-words whitespace-normal leading-[1.7]\"><strong>P\u00e8re de la port\u00e9e :<\/strong> <a href=\"https:\/\/www.the-dobermann.com\/males\/8006-obelix-della-fedelissimi\" target=\"_blank\" rel=\"noopener\">Obelix della Fedelissimi<\/a><br \/><strong>M\u00e8re de la port\u00e9e :<\/strong> <a href=\"https:\/\/oraodoberman.com\/de\/dobermann-hunde\/unsere-dobermanner\/la-traviata-tara-di-orao\/\">Traviata Tara di Orao<\/a><\/p>\t\t\t\t\t\t\t\t<\/div>\n\t\t\t\t<\/div>\n\t\t\t\t\t<\/div>\n\t\t\t\t<\/div>\n\t\t\t\t<\/div>\n\t\t","protected":false},"excerpt":{"rendered":"<p>Chiot Doberman m\u00e2le noir \u2013 pedigree exceptionnel ! Ce chiot Doberman m\u00e2le noir est issu d&rsquo;un pedigree exceptionnel qui garantit une qualit\u00e9 sup\u00e9rieure ! Sa beaut\u00e9 est d\u00e9j\u00e0 \u00e9vidente \u00e0 cet \u00e2ge \u2013 des proportions parfaites et une robe noire profonde \u00e0 couper le souffle. Son caract\u00e8re est aussi impressionnant que ses origines \u2013 \u00e9quilibr\u00e9, [&hellip;]<\/p>\n","protected":false},"featured_media":2324,"comment_status":"open","ping_status":"closed","template":"","meta":[],"product_brand":[],"product_cat":[103,138],"product_tag":[],"class_list":{"0":"post-9392","1":"product","2":"type-product","3":"status-publish","4":"has-post-thumbnail","6":"product_cat-doberman-a-vendre","7":"product_cat-j-litter-doberman-a-vendre","9":"first","10":"instock","11":"shipping-taxable","12":"product-type-simple"},"_links":{"self":[{"href":"https:\/\/oraodoberman.com\/fr\/wp-json\/wp\/v2\/product\/9392","targetHints":{"allow":["GET"]}}],"collection":[{"href":"https:\/\/oraodoberman.com\/fr\/wp-json\/wp\/v2\/product"}],"about":[{"href":"https:\/\/oraodoberman.com\/fr\/wp-json\/wp\/v2\/types\/product"}],"replies":[{"embeddable":true,"href":"https:\/\/oraodoberman.com\/fr\/wp-json\/wp\/v2\/comments?post=9392"}],"version-history":[{"count":4,"href":"https:\/\/oraodoberman.com\/fr\/wp-json\/wp\/v2\/product\/9392\/revisions"}],"predecessor-version":[{"id":9396,"href":"https:\/\/oraodoberman.com\/fr\/wp-json\/wp\/v2\/product\/9392\/revisions\/9396"}],"wp:featuredmedia":[{"embeddable":true,"href":"https:\/\/oraodoberman.com\/fr\/wp-json\/wp\/v2\/media\/2324"}],"wp:attachment":[{"href":"https:\/\/oraodoberman.com\/fr\/wp-json\/wp\/v2\/media?parent=9392"}],"wp:term":[{"taxonomy":"product_brand","embeddable":true,"href":"https:\/\/oraodoberman.com\/fr\/wp-json\/wp\/v2\/product_brand?post=9392"},{"taxonomy":"product_cat","embeddable":true,"href":"https:\/\/oraodoberman.com\/fr\/wp-json\/wp\/v2\/product_cat?post=9392"},{"taxonomy":"product_tag","embeddable":true,"href":"https:\/\/oraodoberman.com\/fr\/wp-json\/wp\/v2\/product_tag?post=9392"}],"curies":[{"name":"wp","href":"https:\/\/api.w.org\/{rel}","templated":true}]}}