{"id":7661,"date":"2025-08-24T21:45:05","date_gmt":"2025-08-24T21:45:05","guid":{"rendered":"https:\/\/oraodoberman.com\/?post_type=product&#038;p=7661"},"modified":"2025-08-24T21:50:41","modified_gmt":"2025-08-24T21:50:41","slug":"elementor-7661","status":"publish","type":"product","link":"https:\/\/oraodoberman.com\/fr\/chiens-dobermans\/doberman-a-vendre\/elementor-7661\/","title":{"rendered":"Vulcan Vaxy di Orao"},"content":{"rendered":"\t\t<div data-elementor-type=\"product-post\" data-elementor-id=\"7661\" class=\"elementor elementor-7661\" data-elementor-post-type=\"product\">\n\t\t\t\t<div class=\"elementor-element elementor-element-e491e55 e-flex e-con-boxed e-con e-parent\" data-id=\"e491e55\" data-element_type=\"container\" data-e-type=\"container\">\n\t\t\t\t\t<div class=\"e-con-inner\">\n\t\t\t\t<div class=\"elementor-element elementor-element-758db54 elementor-widget elementor-widget-gallery\" data-id=\"758db54\" data-element_type=\"widget\" data-e-type=\"widget\" data-settings=\"{&quot;columns&quot;:2,&quot;aspect_ratio&quot;:&quot;9:16&quot;,&quot;lazyload&quot;:&quot;yes&quot;,&quot;gallery_layout&quot;:&quot;grid&quot;,&quot;columns_tablet&quot;:2,&quot;columns_mobile&quot;:1,&quot;gap&quot;:{&quot;unit&quot;:&quot;px&quot;,&quot;size&quot;:10,&quot;sizes&quot;:[]},&quot;gap_tablet&quot;:{&quot;unit&quot;:&quot;px&quot;,&quot;size&quot;:10,&quot;sizes&quot;:[]},&quot;gap_mobile&quot;:{&quot;unit&quot;:&quot;px&quot;,&quot;size&quot;:10,&quot;sizes&quot;:[]},&quot;link_to&quot;:&quot;file&quot;,&quot;overlay_background&quot;:&quot;yes&quot;,&quot;content_hover_animation&quot;:&quot;fade-in&quot;}\" data-widget_type=\"gallery.default\">\n\t\t\t\t<div class=\"elementor-widget-container\">\n\t\t\t\t\t\t\t<div class=\"elementor-gallery__container\">\n\t\t\t\t\t\t\t<a class=\"e-gallery-item elementor-gallery-item elementor-animated-content\" href=\"https:\/\/oraodoberman.com\/wp-content\/uploads\/2025\/03\/f8a596bd-4c54-4a63-846b-671dbeb535d5.jpg\" data-elementor-open-lightbox=\"yes\" data-elementor-lightbox-slideshow=\"758db54\" data-elementor-lightbox-title=\"f8a596bd-4c54-4a63-846b-671dbeb535d5\" data-e-action-hash=\"#elementor-action%3Aaction%3Dlightbox%26settings%3DeyJpZCI6MzcxOSwidXJsIjoiaHR0cHM6XC9cL29yYW9kb2Jlcm1hbi5jb21cL3dwLWNvbnRlbnRcL3VwbG9hZHNcLzIwMjVcLzAzXC9mOGE1OTZiZC00YzU0LTRhNjMtODQ2Yi02NzFkYmViNTM1ZDUuanBnIiwic2xpZGVzaG93IjoiNzU4ZGI1NCJ9\">\n\t\t\t\t\t<div class=\"e-gallery-image elementor-gallery-item__image\" data-thumbnail=\"https:\/\/oraodoberman.com\/wp-content\/uploads\/2025\/03\/f8a596bd-4c54-4a63-846b-671dbeb535d5-684x1024.jpg\" data-width=\"684\" data-height=\"1024\" aria-label=\"\" role=\"img\" ><\/div>\n\t\t\t\t\t\t\t\t\t\t\t<div class=\"elementor-gallery-item__overlay\"><\/div>\n\t\t\t\t\t\t\t\t\t\t\t\t\t\t<\/a>\n\t\t\t\t\t\t\t<a class=\"e-gallery-item elementor-gallery-item elementor-animated-content\" href=\"https:\/\/oraodoberman.com\/wp-content\/uploads\/2025\/03\/81660470-754c-4c74-aed6-df3e83afac22.jpg\" data-elementor-open-lightbox=\"yes\" data-elementor-lightbox-slideshow=\"758db54\" data-elementor-lightbox-title=\"81660470-754c-4c74-aed6-df3e83afac22\" data-e-action-hash=\"#elementor-action%3Aaction%3Dlightbox%26settings%3DeyJpZCI6MzcxMywidXJsIjoiaHR0cHM6XC9cL29yYW9kb2Jlcm1hbi5jb21cL3dwLWNvbnRlbnRcL3VwbG9hZHNcLzIwMjVcLzAzXC84MTY2MDQ3MC03NTRjLTRjNzQtYWVkNi1kZjNlODNhZmFjMjIuanBnIiwic2xpZGVzaG93IjoiNzU4ZGI1NCJ9\">\n\t\t\t\t\t<div class=\"e-gallery-image elementor-gallery-item__image\" data-thumbnail=\"https:\/\/oraodoberman.com\/wp-content\/uploads\/2025\/03\/81660470-754c-4c74-aed6-df3e83afac22-684x1024.jpg\" data-width=\"684\" data-height=\"1024\" aria-label=\"a dog being petted by a person\" role=\"img\" ><\/div>\n\t\t\t\t\t\t\t\t\t\t\t<div class=\"elementor-gallery-item__overlay\"><\/div>\n\t\t\t\t\t\t\t\t\t\t\t\t\t\t<\/a>\n\t\t\t\t\t\t\t<a class=\"e-gallery-item elementor-gallery-item elementor-animated-content\" href=\"https:\/\/oraodoberman.com\/wp-content\/uploads\/2025\/03\/16910114-a1fe-44dc-a395-270e3da5eaec.jpg\" data-elementor-open-lightbox=\"yes\" data-elementor-lightbox-slideshow=\"758db54\" data-elementor-lightbox-title=\"16910114-a1fe-44dc-a395-270e3da5eaec\" data-e-action-hash=\"#elementor-action%3Aaction%3Dlightbox%26settings%3DeyJpZCI6MzczMSwidXJsIjoiaHR0cHM6XC9cL29yYW9kb2Jlcm1hbi5jb21cL3dwLWNvbnRlbnRcL3VwbG9hZHNcLzIwMjVcLzAzXC8xNjkxMDExNC1hMWZlLTQ0ZGMtYTM5NS0yNzBlM2RhNWVhZWMuanBnIiwic2xpZGVzaG93IjoiNzU4ZGI1NCJ9\">\n\t\t\t\t\t<div class=\"e-gallery-image elementor-gallery-item__image\" data-thumbnail=\"https:\/\/oraodoberman.com\/wp-content\/uploads\/2025\/03\/16910114-a1fe-44dc-a395-270e3da5eaec-684x1024.jpg\" data-width=\"684\" data-height=\"1024\" aria-label=\"\" role=\"img\" ><\/div>\n\t\t\t\t\t\t\t\t\t\t\t<div class=\"elementor-gallery-item__overlay\"><\/div>\n\t\t\t\t\t\t\t\t\t\t\t\t\t\t<\/a>\n\t\t\t\t\t\t\t<a class=\"e-gallery-item elementor-gallery-item elementor-animated-content\" href=\"https:\/\/oraodoberman.com\/wp-content\/uploads\/2025\/03\/3f6636d8-bb69-4328-8abf-d35b5058b856.jpg\" data-elementor-open-lightbox=\"yes\" data-elementor-lightbox-slideshow=\"758db54\" data-elementor-lightbox-title=\"3f6636d8-bb69-4328-8abf-d35b5058b856\" data-e-action-hash=\"#elementor-action%3Aaction%3Dlightbox%26settings%3DeyJpZCI6MzcyNSwidXJsIjoiaHR0cHM6XC9cL29yYW9kb2Jlcm1hbi5jb21cL3dwLWNvbnRlbnRcL3VwbG9hZHNcLzIwMjVcLzAzXC8zZjY2MzZkOC1iYjY5LTQzMjgtOGFiZi1kMzViNTA1OGI4NTYuanBnIiwic2xpZGVzaG93IjoiNzU4ZGI1NCJ9\">\n\t\t\t\t\t<div class=\"e-gallery-image elementor-gallery-item__image\" data-thumbnail=\"https:\/\/oraodoberman.com\/wp-content\/uploads\/2025\/03\/3f6636d8-bb69-4328-8abf-d35b5058b856-684x1024.jpg\" data-width=\"684\" data-height=\"1024\" aria-label=\"\" role=\"img\" ><\/div>\n\t\t\t\t\t\t\t\t\t\t\t<div class=\"elementor-gallery-item__overlay\"><\/div>\n\t\t\t\t\t\t\t\t\t\t\t\t\t\t<\/a>\n\t\t\t\t\t\t\t<a class=\"e-gallery-item elementor-gallery-item elementor-animated-content\" href=\"https:\/\/oraodoberman.com\/wp-content\/uploads\/2025\/03\/bac09757-3b2a-4f69-8fc2-978a9557184f.jpg\" data-elementor-open-lightbox=\"yes\" data-elementor-lightbox-slideshow=\"758db54\" data-elementor-lightbox-title=\"bac09757-3b2a-4f69-8fc2-978a9557184f\" data-e-action-hash=\"#elementor-action%3Aaction%3Dlightbox%26settings%3DeyJpZCI6MzczNywidXJsIjoiaHR0cHM6XC9cL29yYW9kb2Jlcm1hbi5jb21cL3dwLWNvbnRlbnRcL3VwbG9hZHNcLzIwMjVcLzAzXC9iYWMwOTc1Ny0zYjJhLTRmNjktOGZjMi05NzhhOTU1NzE4NGYuanBnIiwic2xpZGVzaG93IjoiNzU4ZGI1NCJ9\">\n\t\t\t\t\t<div class=\"e-gallery-image elementor-gallery-item__image\" data-thumbnail=\"https:\/\/oraodoberman.com\/wp-content\/uploads\/2025\/03\/bac09757-3b2a-4f69-8fc2-978a9557184f-1024x684.jpg\" data-width=\"800\" data-height=\"534\" aria-label=\"\" role=\"img\" ><\/div>\n\t\t\t\t\t\t\t\t\t\t\t<div class=\"elementor-gallery-item__overlay\"><\/div>\n\t\t\t\t\t\t\t\t\t\t\t\t\t\t<\/a>\n\t\t\t\t\t<\/div>\n\t\t\t\t\t<\/div>\n\t\t\t\t<\/div>\n\t\t\t\t<div class=\"elementor-element elementor-element-02fb4e4 elementor-widget elementor-widget-text-editor\" data-id=\"02fb4e4\" data-element_type=\"widget\" data-e-type=\"widget\" data-widget_type=\"text-editor.default\">\n\t\t\t\t<div class=\"elementor-widget-container\">\n\t\t\t\t\t\t\t\t\t<p class=\"whitespace-normal break-words\"><strong>Votre futur prince noir vous attend !<\/strong><\/p><p class=\"whitespace-normal break-words\"><strong>Ce magnifique Doberman m\u00e2le noir est de l&rsquo;\u00e9l\u00e9gance pure sur quatre pattes !<\/strong><\/p><p class=\"whitespace-normal break-words\"><strong>Sa belle couleur noire lui donne une apparence aristocratique, tandis que son caract\u00e8re est compl\u00e8tement oppos\u00e9 \u2013 affectueux, doux et incroyablement gentil envers tous autour de lui.<\/strong><\/p><p class=\"whitespace-normal break-words\"><strong>Un petit gentleman qui adore les c\u00e2lins et beaucoup d&rsquo;attention. Son intelligence et son d\u00e9sir de plaire rendront votre lien sp\u00e9cial. Il est pr\u00eat \u00e0 devenir votre ombre et ami le plus fid\u00e8le. Ne manquez pas l&rsquo;opportunit\u00e9 de faire de ce petit prince noir partie de votre famille \u2013 nous garantissons qu&rsquo;il volera votre c\u0153ur !<\/strong><\/p><p class=\"whitespace-normal break-words\">**P\u00e8re de la port\u00e9e : <a href=\"https:\/\/oraodoberman.com\/psi-dobermani\/nasi-dobermani\/ime-psa-ovde\/\"><em><strong>Vajron di Orao<\/strong><\/em> <\/a><\/p><p class=\"whitespace-normal break-words\">**M\u00e8re de la port\u00e9e :<a href=\"https:\/\/oraodoberman.com\/psi-dobermani\/nasi-dobermani\/traviata-tara-di-orao\/\"> <em><strong>Traviata Tara di Orao<\/strong><\/em><\/a><\/p>\t\t\t\t\t\t\t\t<\/div>\n\t\t\t\t<\/div>\n\t\t\t\t\t<\/div>\n\t\t\t\t<\/div>\n\t\t\t\t<\/div>\n\t\t","protected":false},"excerpt":{"rendered":"<p>Votre futur prince noir vous attend ! Ce magnifique Doberman m\u00e2le noir est de l&rsquo;\u00e9l\u00e9gance pure sur quatre pattes ! Sa belle couleur noire lui donne une apparence aristocratique, tandis que son caract\u00e8re est compl\u00e8tement oppos\u00e9 \u2013 affectueux, doux et incroyablement gentil envers tous autour de lui. Un petit gentleman qui adore les c\u00e2lins et [&hellip;]<\/p>\n","protected":false},"featured_media":3719,"comment_status":"open","ping_status":"closed","template":"","meta":[],"product_brand":[],"product_cat":[103,143],"product_tag":[],"class_list":{"0":"post-7661","1":"product","2":"type-product","3":"status-publish","4":"has-post-thumbnail","6":"product_cat-doberman-a-vendre","7":"product_cat-v-litter-doberman-a-vendre","9":"first","10":"instock","11":"shipping-taxable","12":"product-type-simple"},"_links":{"self":[{"href":"https:\/\/oraodoberman.com\/fr\/wp-json\/wp\/v2\/product\/7661","targetHints":{"allow":["GET"]}}],"collection":[{"href":"https:\/\/oraodoberman.com\/fr\/wp-json\/wp\/v2\/product"}],"about":[{"href":"https:\/\/oraodoberman.com\/fr\/wp-json\/wp\/v2\/types\/product"}],"replies":[{"embeddable":true,"href":"https:\/\/oraodoberman.com\/fr\/wp-json\/wp\/v2\/comments?post=7661"}],"version-history":[{"count":0,"href":"https:\/\/oraodoberman.com\/fr\/wp-json\/wp\/v2\/product\/7661\/revisions"}],"wp:featuredmedia":[{"embeddable":true,"href":"https:\/\/oraodoberman.com\/fr\/wp-json\/wp\/v2\/media\/3719"}],"wp:attachment":[{"href":"https:\/\/oraodoberman.com\/fr\/wp-json\/wp\/v2\/media?parent=7661"}],"wp:term":[{"taxonomy":"product_brand","embeddable":true,"href":"https:\/\/oraodoberman.com\/fr\/wp-json\/wp\/v2\/product_brand?post=7661"},{"taxonomy":"product_cat","embeddable":true,"href":"https:\/\/oraodoberman.com\/fr\/wp-json\/wp\/v2\/product_cat?post=7661"},{"taxonomy":"product_tag","embeddable":true,"href":"https:\/\/oraodoberman.com\/fr\/wp-json\/wp\/v2\/product_tag?post=7661"}],"curies":[{"name":"wp","href":"https:\/\/api.w.org\/{rel}","templated":true}]}}