{"id":7654,"date":"2025-08-24T21:41:11","date_gmt":"2025-08-24T21:41:11","guid":{"rendered":"https:\/\/oraodoberman.com\/?post_type=product&#038;p=7654"},"modified":"2025-08-24T21:44:37","modified_gmt":"2025-08-24T21:44:37","slug":"elementor-7654","status":"publish","type":"product","link":"https:\/\/oraodoberman.com\/fr\/chiens-dobermans\/doberman-a-vendre\/elementor-7654\/","title":{"rendered":"Vita Vaxy di Orao"},"content":{"rendered":"\t\t<div data-elementor-type=\"product-post\" data-elementor-id=\"7654\" class=\"elementor elementor-7654\" data-elementor-post-type=\"product\">\n\t\t\t\t<div class=\"elementor-element elementor-element-6325c0f e-flex e-con-boxed e-con e-parent\" data-id=\"6325c0f\" data-element_type=\"container\" data-e-type=\"container\">\n\t\t\t\t\t<div class=\"e-con-inner\">\n\t\t\t\t<div class=\"elementor-element elementor-element-b3317b7 elementor-widget elementor-widget-gallery\" data-id=\"b3317b7\" data-element_type=\"widget\" data-e-type=\"widget\" data-settings=\"{&quot;columns&quot;:2,&quot;aspect_ratio&quot;:&quot;9:16&quot;,&quot;lazyload&quot;:&quot;yes&quot;,&quot;gallery_layout&quot;:&quot;grid&quot;,&quot;columns_tablet&quot;:2,&quot;columns_mobile&quot;:1,&quot;gap&quot;:{&quot;unit&quot;:&quot;px&quot;,&quot;size&quot;:10,&quot;sizes&quot;:[]},&quot;gap_tablet&quot;:{&quot;unit&quot;:&quot;px&quot;,&quot;size&quot;:10,&quot;sizes&quot;:[]},&quot;gap_mobile&quot;:{&quot;unit&quot;:&quot;px&quot;,&quot;size&quot;:10,&quot;sizes&quot;:[]},&quot;link_to&quot;:&quot;file&quot;,&quot;overlay_background&quot;:&quot;yes&quot;,&quot;content_hover_animation&quot;:&quot;fade-in&quot;}\" data-widget_type=\"gallery.default\">\n\t\t\t\t<div class=\"elementor-widget-container\">\n\t\t\t\t\t\t\t<div class=\"elementor-gallery__container\">\n\t\t\t\t\t\t\t<a class=\"e-gallery-item elementor-gallery-item elementor-animated-content\" href=\"https:\/\/oraodoberman.com\/wp-content\/uploads\/2025\/03\/75e1d3c2-93b0-4eb8-82ed-e75841355b3a-1.jpg\" data-elementor-open-lightbox=\"yes\" data-elementor-lightbox-slideshow=\"b3317b7\" data-elementor-lightbox-title=\"75e1d3c2-93b0-4eb8-82ed-e75841355b3a\" data-e-action-hash=\"#elementor-action%3Aaction%3Dlightbox%26settings%3DeyJpZCI6MzU1NywidXJsIjoiaHR0cHM6XC9cL29yYW9kb2Jlcm1hbi5jb21cL3dwLWNvbnRlbnRcL3VwbG9hZHNcLzIwMjVcLzAzXC83NWUxZDNjMi05M2IwLTRlYjgtODJlZC1lNzU4NDEzNTViM2EtMS5qcGciLCJzbGlkZXNob3ciOiJiMzMxN2I3In0%3D\">\n\t\t\t\t\t<div class=\"e-gallery-image elementor-gallery-item__image\" data-thumbnail=\"https:\/\/oraodoberman.com\/wp-content\/uploads\/2025\/03\/75e1d3c2-93b0-4eb8-82ed-e75841355b3a-1-684x1024.jpg\" data-width=\"684\" data-height=\"1024\" aria-label=\"\" role=\"img\" ><\/div>\n\t\t\t\t\t\t\t\t\t\t\t<div class=\"elementor-gallery-item__overlay\"><\/div>\n\t\t\t\t\t\t\t\t\t\t\t\t\t\t<\/a>\n\t\t\t\t\t\t\t<a class=\"e-gallery-item elementor-gallery-item elementor-animated-content\" href=\"https:\/\/oraodoberman.com\/wp-content\/uploads\/2025\/03\/da4f8cb1-5240-45cc-a3e8-816fa122a363.jpg\" data-elementor-open-lightbox=\"yes\" data-elementor-lightbox-slideshow=\"b3317b7\" data-elementor-lightbox-title=\"da4f8cb1-5240-45cc-a3e8-816fa122a363\" data-e-action-hash=\"#elementor-action%3Aaction%3Dlightbox%26settings%3DeyJpZCI6MzYyMywidXJsIjoiaHR0cHM6XC9cL29yYW9kb2Jlcm1hbi5jb21cL3dwLWNvbnRlbnRcL3VwbG9hZHNcLzIwMjVcLzAzXC9kYTRmOGNiMS01MjQwLTQ1Y2MtYTNlOC04MTZmYTEyMmEzNjMuanBnIiwic2xpZGVzaG93IjoiYjMzMTdiNyJ9\">\n\t\t\t\t\t<div class=\"e-gallery-image elementor-gallery-item__image\" data-thumbnail=\"https:\/\/oraodoberman.com\/wp-content\/uploads\/2025\/03\/da4f8cb1-5240-45cc-a3e8-816fa122a363-684x1024.jpg\" data-width=\"684\" data-height=\"1024\" aria-label=\"\" role=\"img\" ><\/div>\n\t\t\t\t\t\t\t\t\t\t\t<div class=\"elementor-gallery-item__overlay\"><\/div>\n\t\t\t\t\t\t\t\t\t\t\t\t\t\t<\/a>\n\t\t\t\t\t\t\t<a class=\"e-gallery-item elementor-gallery-item elementor-animated-content\" href=\"https:\/\/oraodoberman.com\/wp-content\/uploads\/2025\/03\/f4c34eb0-49d1-41b3-9385-5260b318dae1.jpg\" data-elementor-open-lightbox=\"yes\" data-elementor-lightbox-slideshow=\"b3317b7\" data-elementor-lightbox-title=\"f4c34eb0-49d1-41b3-9385-5260b318dae1\" data-e-action-hash=\"#elementor-action%3Aaction%3Dlightbox%26settings%3DeyJpZCI6MzYwNSwidXJsIjoiaHR0cHM6XC9cL29yYW9kb2Jlcm1hbi5jb21cL3dwLWNvbnRlbnRcL3VwbG9hZHNcLzIwMjVcLzAzXC9mNGMzNGViMC00OWQxLTQxYjMtOTM4NS01MjYwYjMxOGRhZTEuanBnIiwic2xpZGVzaG93IjoiYjMzMTdiNyJ9\">\n\t\t\t\t\t<div class=\"e-gallery-image elementor-gallery-item__image\" data-thumbnail=\"https:\/\/oraodoberman.com\/wp-content\/uploads\/2025\/03\/f4c34eb0-49d1-41b3-9385-5260b318dae1-684x1024.jpg\" data-width=\"684\" data-height=\"1024\" aria-label=\"\" role=\"img\" ><\/div>\n\t\t\t\t\t\t\t\t\t\t\t<div class=\"elementor-gallery-item__overlay\"><\/div>\n\t\t\t\t\t\t\t\t\t\t\t\t\t\t<\/a>\n\t\t\t\t\t\t\t<a class=\"e-gallery-item elementor-gallery-item elementor-animated-content\" href=\"https:\/\/oraodoberman.com\/wp-content\/uploads\/2025\/03\/2cf86a59-cc34-4bb4-b1f7-be417c24a08f-1.jpg\" data-elementor-open-lightbox=\"yes\" data-elementor-lightbox-slideshow=\"b3317b7\" data-elementor-lightbox-title=\"2cf86a59-cc34-4bb4-b1f7-be417c24a08f\" data-e-action-hash=\"#elementor-action%3Aaction%3Dlightbox%26settings%3DeyJpZCI6MzU2MywidXJsIjoiaHR0cHM6XC9cL29yYW9kb2Jlcm1hbi5jb21cL3dwLWNvbnRlbnRcL3VwbG9hZHNcLzIwMjVcLzAzXC8yY2Y4NmE1OS1jYzM0LTRiYjQtYjFmNy1iZTQxN2MyNGEwOGYtMS5qcGciLCJzbGlkZXNob3ciOiJiMzMxN2I3In0%3D\">\n\t\t\t\t\t<div class=\"e-gallery-image elementor-gallery-item__image\" data-thumbnail=\"https:\/\/oraodoberman.com\/wp-content\/uploads\/2025\/03\/2cf86a59-cc34-4bb4-b1f7-be417c24a08f-1-684x1024.jpg\" data-width=\"684\" data-height=\"1024\" aria-label=\"\" role=\"img\" ><\/div>\n\t\t\t\t\t\t\t\t\t\t\t<div class=\"elementor-gallery-item__overlay\"><\/div>\n\t\t\t\t\t\t\t\t\t\t\t\t\t\t<\/a>\n\t\t\t\t\t\t\t<a class=\"e-gallery-item elementor-gallery-item elementor-animated-content\" href=\"https:\/\/oraodoberman.com\/wp-content\/uploads\/2025\/03\/4c28fd01-7471-4fad-a49f-879784c14e61-1.jpg\" data-elementor-open-lightbox=\"yes\" data-elementor-lightbox-slideshow=\"b3317b7\" data-elementor-lightbox-title=\"4c28fd01-7471-4fad-a49f-879784c14e61\" data-e-action-hash=\"#elementor-action%3Aaction%3Dlightbox%26settings%3DeyJpZCI6MzU2OSwidXJsIjoiaHR0cHM6XC9cL29yYW9kb2Jlcm1hbi5jb21cL3dwLWNvbnRlbnRcL3VwbG9hZHNcLzIwMjVcLzAzXC80YzI4ZmQwMS03NDcxLTRmYWQtYTQ5Zi04Nzk3ODRjMTRlNjEtMS5qcGciLCJzbGlkZXNob3ciOiJiMzMxN2I3In0%3D\">\n\t\t\t\t\t<div class=\"e-gallery-image elementor-gallery-item__image\" data-thumbnail=\"https:\/\/oraodoberman.com\/wp-content\/uploads\/2025\/03\/4c28fd01-7471-4fad-a49f-879784c14e61-1-1024x684.jpg\" data-width=\"800\" data-height=\"534\" aria-label=\"a dog on a leash\" role=\"img\" ><\/div>\n\t\t\t\t\t\t\t\t\t\t\t<div class=\"elementor-gallery-item__overlay\"><\/div>\n\t\t\t\t\t\t\t\t\t\t\t\t\t\t<\/a>\n\t\t\t\t\t<\/div>\n\t\t\t\t\t<\/div>\n\t\t\t\t<\/div>\n\t\t\t\t<div class=\"elementor-element elementor-element-41d5622 elementor-widget elementor-widget-text-editor\" data-id=\"41d5622\" data-element_type=\"widget\" data-e-type=\"widget\" data-widget_type=\"text-editor.default\">\n\t\t\t\t<div class=\"elementor-widget-container\">\n\t\t\t\t\t\t\t\t\t<p class=\"whitespace-normal break-words\"><strong>Rencontrez votre future meilleure amie !<\/strong><\/p><p class=\"whitespace-normal break-words\"><strong>Cette merveilleuse femelle Doberman noire a un temp\u00e9rament fait pour la vie familiale ! Elle est parfaitement \u00e9quilibr\u00e9e \u2013 assez vive pour \u00eatre int\u00e9ressante, mais si affectueuse qu&rsquo;elle fond litt\u00e9ralement d&rsquo;amour.<\/strong><\/p><p class=\"whitespace-normal break-words\"><strong>Sa beaut\u00e9 noire vous coupe le souffle, mais c&rsquo;est son c\u0153ur qui la rend sp\u00e9ciale.<\/strong><\/p><p class=\"whitespace-normal break-words\"><strong>Elle aime se blottir, appr\u00e9cie \u00ab\u00a0parler\u00a0\u00bb avec ses propri\u00e9taires et est toujours pr\u00eate pour le jeu ou se d\u00e9tendre tranquillement. Cette petite dame sera votre ombre, votre th\u00e9rapeute et votre meilleure amie tout en un.<\/strong><\/p><p class=\"whitespace-normal break-words\"><strong>Elle est pr\u00eate \u00e0 rendre votre vie plus compl\u00e8te !<\/strong><\/p><p class=\"whitespace-normal break-words\">**P\u00e8re de la port\u00e9e : <a href=\"https:\/\/oraodoberman.com\/psi-dobermani\/nasi-dobermani\/ime-psa-ovde\/\"><em><strong>Vajron di Orao<\/strong><\/em> <\/a><\/p><p class=\"whitespace-normal break-words\">**M\u00e8re de la port\u00e9e : <a href=\"https:\/\/oraodoberman.com\/psi-dobermani\/nasi-dobermani\/traviata-tara-di-orao\/\"><em><strong>Traviata Tara di Orao<\/strong><\/em><\/a><\/p>\t\t\t\t\t\t\t\t<\/div>\n\t\t\t\t<\/div>\n\t\t\t\t\t<\/div>\n\t\t\t\t<\/div>\n\t\t\t\t<\/div>\n\t\t","protected":false},"excerpt":{"rendered":"<p>Rencontrez votre future meilleure amie ! Cette merveilleuse femelle Doberman noire a un temp\u00e9rament fait pour la vie familiale ! Elle est parfaitement \u00e9quilibr\u00e9e \u2013 assez vive pour \u00eatre int\u00e9ressante, mais si affectueuse qu&rsquo;elle fond litt\u00e9ralement d&rsquo;amour. Sa beaut\u00e9 noire vous coupe le souffle, mais c&rsquo;est son c\u0153ur qui la rend sp\u00e9ciale. Elle aime se [&hellip;]<\/p>\n","protected":false},"featured_media":3557,"comment_status":"open","ping_status":"closed","template":"","meta":[],"product_brand":[],"product_cat":[103,143],"product_tag":[],"class_list":{"0":"post-7654","1":"product","2":"type-product","3":"status-publish","4":"has-post-thumbnail","6":"product_cat-doberman-a-vendre","7":"product_cat-v-litter-doberman-a-vendre","9":"first","10":"instock","11":"shipping-taxable","12":"product-type-simple"},"_links":{"self":[{"href":"https:\/\/oraodoberman.com\/fr\/wp-json\/wp\/v2\/product\/7654","targetHints":{"allow":["GET"]}}],"collection":[{"href":"https:\/\/oraodoberman.com\/fr\/wp-json\/wp\/v2\/product"}],"about":[{"href":"https:\/\/oraodoberman.com\/fr\/wp-json\/wp\/v2\/types\/product"}],"replies":[{"embeddable":true,"href":"https:\/\/oraodoberman.com\/fr\/wp-json\/wp\/v2\/comments?post=7654"}],"version-history":[{"count":0,"href":"https:\/\/oraodoberman.com\/fr\/wp-json\/wp\/v2\/product\/7654\/revisions"}],"wp:featuredmedia":[{"embeddable":true,"href":"https:\/\/oraodoberman.com\/fr\/wp-json\/wp\/v2\/media\/3557"}],"wp:attachment":[{"href":"https:\/\/oraodoberman.com\/fr\/wp-json\/wp\/v2\/media?parent=7654"}],"wp:term":[{"taxonomy":"product_brand","embeddable":true,"href":"https:\/\/oraodoberman.com\/fr\/wp-json\/wp\/v2\/product_brand?post=7654"},{"taxonomy":"product_cat","embeddable":true,"href":"https:\/\/oraodoberman.com\/fr\/wp-json\/wp\/v2\/product_cat?post=7654"},{"taxonomy":"product_tag","embeddable":true,"href":"https:\/\/oraodoberman.com\/fr\/wp-json\/wp\/v2\/product_tag?post=7654"}],"curies":[{"name":"wp","href":"https:\/\/api.w.org\/{rel}","templated":true}]}}