{"id":7642,"date":"2025-08-24T21:33:37","date_gmt":"2025-08-24T21:33:37","guid":{"rendered":"https:\/\/oraodoberman.com\/?post_type=product&#038;p=7642"},"modified":"2025-08-24T21:36:57","modified_gmt":"2025-08-24T21:36:57","slug":"elementor-7642","status":"publish","type":"product","link":"https:\/\/oraodoberman.com\/fr\/chiens-dobermans\/doberman-a-vendre\/elementor-7642\/","title":{"rendered":"Victor Vaxy di Orao"},"content":{"rendered":"\t\t<div data-elementor-type=\"product-post\" data-elementor-id=\"7642\" class=\"elementor elementor-7642\" data-elementor-post-type=\"product\">\n\t\t\t\t<div class=\"elementor-element elementor-element-25e61aa e-flex e-con-boxed e-con e-parent\" data-id=\"25e61aa\" data-element_type=\"container\" data-e-type=\"container\">\n\t\t\t\t\t<div class=\"e-con-inner\">\n\t\t\t\t<div class=\"elementor-element elementor-element-891eea6 elementor-widget elementor-widget-gallery\" data-id=\"891eea6\" data-element_type=\"widget\" data-e-type=\"widget\" data-settings=\"{&quot;columns&quot;:2,&quot;aspect_ratio&quot;:&quot;9:16&quot;,&quot;lazyload&quot;:&quot;yes&quot;,&quot;gallery_layout&quot;:&quot;grid&quot;,&quot;columns_tablet&quot;:2,&quot;columns_mobile&quot;:1,&quot;gap&quot;:{&quot;unit&quot;:&quot;px&quot;,&quot;size&quot;:10,&quot;sizes&quot;:[]},&quot;gap_tablet&quot;:{&quot;unit&quot;:&quot;px&quot;,&quot;size&quot;:10,&quot;sizes&quot;:[]},&quot;gap_mobile&quot;:{&quot;unit&quot;:&quot;px&quot;,&quot;size&quot;:10,&quot;sizes&quot;:[]},&quot;link_to&quot;:&quot;file&quot;,&quot;overlay_background&quot;:&quot;yes&quot;,&quot;content_hover_animation&quot;:&quot;fade-in&quot;}\" data-widget_type=\"gallery.default\">\n\t\t\t\t<div class=\"elementor-widget-container\">\n\t\t\t\t\t\t\t<div class=\"elementor-gallery__container\">\n\t\t\t\t\t\t\t<a class=\"e-gallery-item elementor-gallery-item elementor-animated-content\" href=\"https:\/\/oraodoberman.com\/wp-content\/uploads\/2025\/03\/bb71512d-1a8d-45bc-ad44-bb01a261b0d6.jpg\" data-elementor-open-lightbox=\"yes\" data-elementor-lightbox-slideshow=\"891eea6\" data-elementor-lightbox-title=\"bb71512d-1a8d-45bc-ad44-bb01a261b0d6\" data-e-action-hash=\"#elementor-action%3Aaction%3Dlightbox%26settings%3DeyJpZCI6Mzc2NywidXJsIjoiaHR0cHM6XC9cL29yYW9kb2Jlcm1hbi5jb21cL3dwLWNvbnRlbnRcL3VwbG9hZHNcLzIwMjVcLzAzXC9iYjcxNTEyZC0xYThkLTQ1YmMtYWQ0NC1iYjAxYTI2MWIwZDYuanBnIiwic2xpZGVzaG93IjoiODkxZWVhNiJ9\">\n\t\t\t\t\t<div class=\"e-gallery-image elementor-gallery-item__image\" data-thumbnail=\"https:\/\/oraodoberman.com\/wp-content\/uploads\/2025\/03\/bb71512d-1a8d-45bc-ad44-bb01a261b0d6-684x1024.jpg\" data-width=\"684\" data-height=\"1024\" aria-label=\"\" role=\"img\" ><\/div>\n\t\t\t\t\t\t\t\t\t\t\t<div class=\"elementor-gallery-item__overlay\"><\/div>\n\t\t\t\t\t\t\t\t\t\t\t\t\t\t<\/a>\n\t\t\t\t\t\t\t<a class=\"e-gallery-item elementor-gallery-item elementor-animated-content\" href=\"https:\/\/oraodoberman.com\/wp-content\/uploads\/2025\/03\/9ad624e5-ad69-4c1e-ad27-130502a9f072.jpg\" data-elementor-open-lightbox=\"yes\" data-elementor-lightbox-slideshow=\"891eea6\" data-elementor-lightbox-title=\"9ad624e5-ad69-4c1e-ad27-130502a9f072\" data-e-action-hash=\"#elementor-action%3Aaction%3Dlightbox%26settings%3DeyJpZCI6Mzc2MSwidXJsIjoiaHR0cHM6XC9cL29yYW9kb2Jlcm1hbi5jb21cL3dwLWNvbnRlbnRcL3VwbG9hZHNcLzIwMjVcLzAzXC85YWQ2MjRlNS1hZDY5LTRjMWUtYWQyNy0xMzA1MDJhOWYwNzIuanBnIiwic2xpZGVzaG93IjoiODkxZWVhNiJ9\">\n\t\t\t\t\t<div class=\"e-gallery-image elementor-gallery-item__image\" data-thumbnail=\"https:\/\/oraodoberman.com\/wp-content\/uploads\/2025\/03\/9ad624e5-ad69-4c1e-ad27-130502a9f072-684x1024.jpg\" data-width=\"684\" data-height=\"1024\" aria-label=\"\" role=\"img\" ><\/div>\n\t\t\t\t\t\t\t\t\t\t\t<div class=\"elementor-gallery-item__overlay\"><\/div>\n\t\t\t\t\t\t\t\t\t\t\t\t\t\t<\/a>\n\t\t\t\t\t\t\t<a class=\"e-gallery-item elementor-gallery-item elementor-animated-content\" href=\"https:\/\/oraodoberman.com\/wp-content\/uploads\/2025\/03\/4ebbfa33-6659-480d-aa13-e67a40adcb18.jpg\" data-elementor-open-lightbox=\"yes\" data-elementor-lightbox-slideshow=\"891eea6\" data-elementor-lightbox-title=\"4ebbfa33-6659-480d-aa13-e67a40adcb18\" data-e-action-hash=\"#elementor-action%3Aaction%3Dlightbox%26settings%3DeyJpZCI6MzgwMywidXJsIjoiaHR0cHM6XC9cL29yYW9kb2Jlcm1hbi5jb21cL3dwLWNvbnRlbnRcL3VwbG9hZHNcLzIwMjVcLzAzXC80ZWJiZmEzMy02NjU5LTQ4MGQtYWExMy1lNjdhNDBhZGNiMTguanBnIiwic2xpZGVzaG93IjoiODkxZWVhNiJ9\">\n\t\t\t\t\t<div class=\"e-gallery-image elementor-gallery-item__image\" data-thumbnail=\"https:\/\/oraodoberman.com\/wp-content\/uploads\/2025\/03\/4ebbfa33-6659-480d-aa13-e67a40adcb18-684x1024.jpg\" data-width=\"684\" data-height=\"1024\" aria-label=\"\" role=\"img\" ><\/div>\n\t\t\t\t\t\t\t\t\t\t\t<div class=\"elementor-gallery-item__overlay\"><\/div>\n\t\t\t\t\t\t\t\t\t\t\t\t\t\t<\/a>\n\t\t\t\t\t\t\t<a class=\"e-gallery-item elementor-gallery-item elementor-animated-content\" href=\"https:\/\/oraodoberman.com\/wp-content\/uploads\/2025\/03\/ecd1c5f1-687a-4872-8018-39aaea21f03d.jpg\" data-elementor-open-lightbox=\"yes\" data-elementor-lightbox-slideshow=\"891eea6\" data-elementor-lightbox-title=\"ecd1c5f1-687a-4872-8018-39aaea21f03d\" data-e-action-hash=\"#elementor-action%3Aaction%3Dlightbox%26settings%3DeyJpZCI6Mzc1NSwidXJsIjoiaHR0cHM6XC9cL29yYW9kb2Jlcm1hbi5jb21cL3dwLWNvbnRlbnRcL3VwbG9hZHNcLzIwMjVcLzAzXC9lY2QxYzVmMS02ODdhLTQ4NzItODAxOC0zOWFhZWEyMWYwM2QuanBnIiwic2xpZGVzaG93IjoiODkxZWVhNiJ9\">\n\t\t\t\t\t<div class=\"e-gallery-image elementor-gallery-item__image\" data-thumbnail=\"https:\/\/oraodoberman.com\/wp-content\/uploads\/2025\/03\/ecd1c5f1-687a-4872-8018-39aaea21f03d-684x1024.jpg\" data-width=\"684\" data-height=\"1024\" aria-label=\"\" role=\"img\" ><\/div>\n\t\t\t\t\t\t\t\t\t\t\t<div class=\"elementor-gallery-item__overlay\"><\/div>\n\t\t\t\t\t\t\t\t\t\t\t\t\t\t<\/a>\n\t\t\t\t\t\t\t<a class=\"e-gallery-item elementor-gallery-item elementor-animated-content\" href=\"https:\/\/oraodoberman.com\/wp-content\/uploads\/2025\/03\/320d5bf9-2c2a-40a4-849d-19c70444023f.jpg\" data-elementor-open-lightbox=\"yes\" data-elementor-lightbox-slideshow=\"891eea6\" data-elementor-lightbox-title=\"320d5bf9-2c2a-40a4-849d-19c70444023f\" data-e-action-hash=\"#elementor-action%3Aaction%3Dlightbox%26settings%3DeyJpZCI6Mzc5NywidXJsIjoiaHR0cHM6XC9cL29yYW9kb2Jlcm1hbi5jb21cL3dwLWNvbnRlbnRcL3VwbG9hZHNcLzIwMjVcLzAzXC8zMjBkNWJmOS0yYzJhLTQwYTQtODQ5ZC0xOWM3MDQ0NDAyM2YuanBnIiwic2xpZGVzaG93IjoiODkxZWVhNiJ9\">\n\t\t\t\t\t<div class=\"e-gallery-image elementor-gallery-item__image\" data-thumbnail=\"https:\/\/oraodoberman.com\/wp-content\/uploads\/2025\/03\/320d5bf9-2c2a-40a4-849d-19c70444023f-684x1024.jpg\" data-width=\"684\" data-height=\"1024\" aria-label=\"\" role=\"img\" ><\/div>\n\t\t\t\t\t\t\t\t\t\t\t<div class=\"elementor-gallery-item__overlay\"><\/div>\n\t\t\t\t\t\t\t\t\t\t\t\t\t\t<\/a>\n\t\t\t\t\t\t\t<a class=\"e-gallery-item elementor-gallery-item elementor-animated-content\" href=\"https:\/\/oraodoberman.com\/wp-content\/uploads\/2025\/03\/99a193a1-87bb-43de-8328-228c5bad6b19.jpg\" data-elementor-open-lightbox=\"yes\" data-elementor-lightbox-slideshow=\"891eea6\" data-elementor-lightbox-title=\"99a193a1-87bb-43de-8328-228c5bad6b19\" data-e-action-hash=\"#elementor-action%3Aaction%3Dlightbox%26settings%3DeyJpZCI6Mzc5MSwidXJsIjoiaHR0cHM6XC9cL29yYW9kb2Jlcm1hbi5jb21cL3dwLWNvbnRlbnRcL3VwbG9hZHNcLzIwMjVcLzAzXC85OWExOTNhMS04N2JiLTQzZGUtODMyOC0yMjhjNWJhZDZiMTkuanBnIiwic2xpZGVzaG93IjoiODkxZWVhNiJ9\">\n\t\t\t\t\t<div class=\"e-gallery-image elementor-gallery-item__image\" data-thumbnail=\"https:\/\/oraodoberman.com\/wp-content\/uploads\/2025\/03\/99a193a1-87bb-43de-8328-228c5bad6b19-1024x684.jpg\" data-width=\"800\" data-height=\"534\" aria-label=\"a dog on a leash\" role=\"img\" ><\/div>\n\t\t\t\t\t\t\t\t\t\t\t<div class=\"elementor-gallery-item__overlay\"><\/div>\n\t\t\t\t\t\t\t\t\t\t\t\t\t\t<\/a>\n\t\t\t\t\t<\/div>\n\t\t\t\t\t<\/div>\n\t\t\t\t<\/div>\n\t\t\t\t<div class=\"elementor-element elementor-element-3204a4e elementor-widget elementor-widget-text-editor\" data-id=\"3204a4e\" data-element_type=\"widget\" data-e-type=\"widget\" data-widget_type=\"text-editor.default\">\n\t\t\t\t<div class=\"elementor-widget-container\">\n\t\t\t\t\t\t\t\t\t<p class=\"whitespace-normal break-words\"><strong>Le meilleur ami de votre famille !<\/strong><\/p><p class=\"whitespace-normal break-words\"><strong>Ce petit chiot Doberman temp\u00e9ramental est une vraie petite personnalit\u00e9 avec un grand caract\u00e8re !<\/strong><\/p><p class=\"whitespace-normal break-words\"><strong>Joyeux et plein d&rsquo;\u00e9nergie, mais aussi assez t\u00eatu pour savoir ce qu&rsquo;il veut dans la vie. Sa persistance est en fait une preuve d&rsquo;intelligence \u2013 il n&rsquo;est pas facile de lui donner des ordres, car il pr\u00e9f\u00e8re \u00ab\u00a0n\u00e9gocier\u00a0\u00bb avec ses propri\u00e9taires.<\/strong><\/p><p class=\"whitespace-normal break-words\"><strong>Cette combinaison de temp\u00e9rament et d&rsquo;ent\u00eatement fait de lui un compagnon extr\u00eamement int\u00e9ressant qui ne sera jamais ennuyeux. Il est id\u00e9al pour les propri\u00e9taires qui appr\u00e9cient le caract\u00e8re et la personnalit\u00e9 chez leur chien. Investissez dans ce petit rebelle !<\/strong><\/p><p class=\"whitespace-normal break-words\">**P\u00e8re de la port\u00e9e : <a href=\"https:\/\/oraodoberman.com\/psi-dobermani\/nasi-dobermani\/ime-psa-ovde\/\"><em><strong>Vajron di Orao<\/strong><\/em> <\/a><\/p><p class=\"whitespace-normal break-words\">**M\u00e8re de la port\u00e9e : <a href=\"https:\/\/oraodoberman.com\/psi-dobermani\/nasi-dobermani\/traviata-tara-di-orao\/\"><em><strong>Traviata Tara di Orao<\/strong><\/em><\/a><\/p>\t\t\t\t\t\t\t\t<\/div>\n\t\t\t\t<\/div>\n\t\t\t\t\t<\/div>\n\t\t\t\t<\/div>\n\t\t\t\t<\/div>\n\t\t","protected":false},"excerpt":{"rendered":"<p>Le meilleur ami de votre famille ! Ce petit chiot Doberman temp\u00e9ramental est une vraie petite personnalit\u00e9 avec un grand caract\u00e8re ! Joyeux et plein d&rsquo;\u00e9nergie, mais aussi assez t\u00eatu pour savoir ce qu&rsquo;il veut dans la vie. Sa persistance est en fait une preuve d&rsquo;intelligence \u2013 il n&rsquo;est pas facile de lui donner des [&hellip;]<\/p>\n","protected":false},"featured_media":3755,"comment_status":"open","ping_status":"closed","template":"","meta":[],"product_brand":[],"product_cat":[103,143],"product_tag":[],"class_list":{"0":"post-7642","1":"product","2":"type-product","3":"status-publish","4":"has-post-thumbnail","6":"product_cat-doberman-a-vendre","7":"product_cat-v-litter-doberman-a-vendre","9":"first","10":"instock","11":"shipping-taxable","12":"product-type-simple"},"_links":{"self":[{"href":"https:\/\/oraodoberman.com\/fr\/wp-json\/wp\/v2\/product\/7642","targetHints":{"allow":["GET"]}}],"collection":[{"href":"https:\/\/oraodoberman.com\/fr\/wp-json\/wp\/v2\/product"}],"about":[{"href":"https:\/\/oraodoberman.com\/fr\/wp-json\/wp\/v2\/types\/product"}],"replies":[{"embeddable":true,"href":"https:\/\/oraodoberman.com\/fr\/wp-json\/wp\/v2\/comments?post=7642"}],"version-history":[{"count":0,"href":"https:\/\/oraodoberman.com\/fr\/wp-json\/wp\/v2\/product\/7642\/revisions"}],"wp:featuredmedia":[{"embeddable":true,"href":"https:\/\/oraodoberman.com\/fr\/wp-json\/wp\/v2\/media\/3755"}],"wp:attachment":[{"href":"https:\/\/oraodoberman.com\/fr\/wp-json\/wp\/v2\/media?parent=7642"}],"wp:term":[{"taxonomy":"product_brand","embeddable":true,"href":"https:\/\/oraodoberman.com\/fr\/wp-json\/wp\/v2\/product_brand?post=7642"},{"taxonomy":"product_cat","embeddable":true,"href":"https:\/\/oraodoberman.com\/fr\/wp-json\/wp\/v2\/product_cat?post=7642"},{"taxonomy":"product_tag","embeddable":true,"href":"https:\/\/oraodoberman.com\/fr\/wp-json\/wp\/v2\/product_tag?post=7642"}],"curies":[{"name":"wp","href":"https:\/\/api.w.org\/{rel}","templated":true}]}}