{"id":7637,"date":"2025-08-24T21:28:01","date_gmt":"2025-08-24T21:28:01","guid":{"rendered":"https:\/\/oraodoberman.com\/?post_type=product&#038;p=7637"},"modified":"2025-08-24T21:32:52","modified_gmt":"2025-08-24T21:32:52","slug":"elementor-7637","status":"publish","type":"product","link":"https:\/\/oraodoberman.com\/fr\/chiens-dobermans\/doberman-a-vendre\/elementor-7637\/","title":{"rendered":"Verona Vaxy di Orao"},"content":{"rendered":"\t\t<div data-elementor-type=\"product-post\" data-elementor-id=\"7637\" class=\"elementor elementor-7637\" data-elementor-post-type=\"product\">\n\t\t\t\t<div class=\"elementor-element elementor-element-ddde847 e-flex e-con-boxed e-con e-parent\" data-id=\"ddde847\" data-element_type=\"container\" data-e-type=\"container\">\n\t\t\t\t\t<div class=\"e-con-inner\">\n\t\t\t\t<div class=\"elementor-element elementor-element-690abf2 elementor-widget elementor-widget-gallery\" data-id=\"690abf2\" data-element_type=\"widget\" data-e-type=\"widget\" data-settings=\"{&quot;columns&quot;:2,&quot;aspect_ratio&quot;:&quot;9:16&quot;,&quot;lazyload&quot;:&quot;yes&quot;,&quot;gallery_layout&quot;:&quot;grid&quot;,&quot;columns_tablet&quot;:2,&quot;columns_mobile&quot;:1,&quot;gap&quot;:{&quot;unit&quot;:&quot;px&quot;,&quot;size&quot;:10,&quot;sizes&quot;:[]},&quot;gap_tablet&quot;:{&quot;unit&quot;:&quot;px&quot;,&quot;size&quot;:10,&quot;sizes&quot;:[]},&quot;gap_mobile&quot;:{&quot;unit&quot;:&quot;px&quot;,&quot;size&quot;:10,&quot;sizes&quot;:[]},&quot;link_to&quot;:&quot;file&quot;,&quot;overlay_background&quot;:&quot;yes&quot;,&quot;content_hover_animation&quot;:&quot;fade-in&quot;}\" data-widget_type=\"gallery.default\">\n\t\t\t\t<div class=\"elementor-widget-container\">\n\t\t\t\t\t\t\t<div class=\"elementor-gallery__container\">\n\t\t\t\t\t\t\t<a class=\"e-gallery-item elementor-gallery-item elementor-animated-content\" href=\"https:\/\/oraodoberman.com\/wp-content\/uploads\/2025\/03\/170bfda0-3b2f-4b15-99d1-2e62228535d4.jpg\" data-elementor-open-lightbox=\"yes\" data-elementor-lightbox-slideshow=\"690abf2\" data-elementor-lightbox-title=\"170bfda0-3b2f-4b15-99d1-2e62228535d4\" data-e-action-hash=\"#elementor-action%3Aaction%3Dlightbox%26settings%3DeyJpZCI6MzY3MSwidXJsIjoiaHR0cHM6XC9cL29yYW9kb2Jlcm1hbi5jb21cL3dwLWNvbnRlbnRcL3VwbG9hZHNcLzIwMjVcLzAzXC8xNzBiZmRhMC0zYjJmLTRiMTUtOTlkMS0yZTYyMjI4NTM1ZDQuanBnIiwic2xpZGVzaG93IjoiNjkwYWJmMiJ9\">\n\t\t\t\t\t<div class=\"e-gallery-image elementor-gallery-item__image\" data-thumbnail=\"https:\/\/oraodoberman.com\/wp-content\/uploads\/2025\/03\/170bfda0-3b2f-4b15-99d1-2e62228535d4-684x1024.jpg\" data-width=\"684\" data-height=\"1024\" aria-label=\"\" role=\"img\" ><\/div>\n\t\t\t\t\t\t\t\t\t\t\t<div class=\"elementor-gallery-item__overlay\"><\/div>\n\t\t\t\t\t\t\t\t\t\t\t\t\t\t<\/a>\n\t\t\t\t\t\t\t<a class=\"e-gallery-item elementor-gallery-item elementor-animated-content\" href=\"https:\/\/oraodoberman.com\/wp-content\/uploads\/2025\/03\/19943231-3fb5-4fe9-a36f-09ac39a5b953.jpg\" data-elementor-open-lightbox=\"yes\" data-elementor-lightbox-slideshow=\"690abf2\" data-elementor-lightbox-title=\"19943231-3fb5-4fe9-a36f-09ac39a5b953\" data-e-action-hash=\"#elementor-action%3Aaction%3Dlightbox%26settings%3DeyJpZCI6MzYyOSwidXJsIjoiaHR0cHM6XC9cL29yYW9kb2Jlcm1hbi5jb21cL3dwLWNvbnRlbnRcL3VwbG9hZHNcLzIwMjVcLzAzXC8xOTk0MzIzMS0zZmI1LTRmZTktYTM2Zi0wOWFjMzlhNWI5NTMuanBnIiwic2xpZGVzaG93IjoiNjkwYWJmMiJ9\">\n\t\t\t\t\t<div class=\"e-gallery-image elementor-gallery-item__image\" data-thumbnail=\"https:\/\/oraodoberman.com\/wp-content\/uploads\/2025\/03\/19943231-3fb5-4fe9-a36f-09ac39a5b953-684x1024.jpg\" data-width=\"684\" data-height=\"1024\" aria-label=\"\" role=\"img\" ><\/div>\n\t\t\t\t\t\t\t\t\t\t\t<div class=\"elementor-gallery-item__overlay\"><\/div>\n\t\t\t\t\t\t\t\t\t\t\t\t\t\t<\/a>\n\t\t\t\t\t\t\t<a class=\"e-gallery-item elementor-gallery-item elementor-animated-content\" href=\"https:\/\/oraodoberman.com\/wp-content\/uploads\/2025\/03\/1203ea7f-d816-402d-96c9-b4ee57d38ea0.jpg\" data-elementor-open-lightbox=\"yes\" data-elementor-lightbox-slideshow=\"690abf2\" data-elementor-lightbox-title=\"1203ea7f-d816-402d-96c9-b4ee57d38ea0\" data-e-action-hash=\"#elementor-action%3Aaction%3Dlightbox%26settings%3DeyJpZCI6MzYzNSwidXJsIjoiaHR0cHM6XC9cL29yYW9kb2Jlcm1hbi5jb21cL3dwLWNvbnRlbnRcL3VwbG9hZHNcLzIwMjVcLzAzXC8xMjAzZWE3Zi1kODE2LTQwMmQtOTZjOS1iNGVlNTdkMzhlYTAuanBnIiwic2xpZGVzaG93IjoiNjkwYWJmMiJ9\">\n\t\t\t\t\t<div class=\"e-gallery-image elementor-gallery-item__image\" data-thumbnail=\"https:\/\/oraodoberman.com\/wp-content\/uploads\/2025\/03\/1203ea7f-d816-402d-96c9-b4ee57d38ea0-684x1024.jpg\" data-width=\"684\" data-height=\"1024\" aria-label=\"\" role=\"img\" ><\/div>\n\t\t\t\t\t\t\t\t\t\t\t<div class=\"elementor-gallery-item__overlay\"><\/div>\n\t\t\t\t\t\t\t\t\t\t\t\t\t\t<\/a>\n\t\t\t\t\t\t\t<a class=\"e-gallery-item elementor-gallery-item elementor-animated-content\" href=\"https:\/\/oraodoberman.com\/wp-content\/uploads\/2025\/03\/21446a14-9bd9-4b18-a1f1-4eb983437913.jpg\" data-elementor-open-lightbox=\"yes\" data-elementor-lightbox-slideshow=\"690abf2\" data-elementor-lightbox-title=\"21446a14-9bd9-4b18-a1f1-4eb983437913\" data-e-action-hash=\"#elementor-action%3Aaction%3Dlightbox%26settings%3DeyJpZCI6MzY3NywidXJsIjoiaHR0cHM6XC9cL29yYW9kb2Jlcm1hbi5jb21cL3dwLWNvbnRlbnRcL3VwbG9hZHNcLzIwMjVcLzAzXC8yMTQ0NmExNC05YmQ5LTRiMTgtYTFmMS00ZWI5ODM0Mzc5MTMuanBnIiwic2xpZGVzaG93IjoiNjkwYWJmMiJ9\">\n\t\t\t\t\t<div class=\"e-gallery-image elementor-gallery-item__image\" data-thumbnail=\"https:\/\/oraodoberman.com\/wp-content\/uploads\/2025\/03\/21446a14-9bd9-4b18-a1f1-4eb983437913-684x1024.jpg\" data-width=\"684\" data-height=\"1024\" aria-label=\"\" role=\"img\" ><\/div>\n\t\t\t\t\t\t\t\t\t\t\t<div class=\"elementor-gallery-item__overlay\"><\/div>\n\t\t\t\t\t\t\t\t\t\t\t\t\t\t<\/a>\n\t\t\t\t\t\t\t<a class=\"e-gallery-item elementor-gallery-item elementor-animated-content\" href=\"https:\/\/oraodoberman.com\/wp-content\/uploads\/2025\/03\/29b311c9-ff38-4a4e-90c5-467e1d3cb526.jpg\" data-elementor-open-lightbox=\"yes\" data-elementor-lightbox-slideshow=\"690abf2\" data-elementor-lightbox-title=\"29b311c9-ff38-4a4e-90c5-467e1d3cb526\" data-e-action-hash=\"#elementor-action%3Aaction%3Dlightbox%26settings%3DeyJpZCI6MzY0MSwidXJsIjoiaHR0cHM6XC9cL29yYW9kb2Jlcm1hbi5jb21cL3dwLWNvbnRlbnRcL3VwbG9hZHNcLzIwMjVcLzAzXC8yOWIzMTFjOS1mZjM4LTRhNGUtOTBjNS00NjdlMWQzY2I1MjYuanBnIiwic2xpZGVzaG93IjoiNjkwYWJmMiJ9\">\n\t\t\t\t\t<div class=\"e-gallery-image elementor-gallery-item__image\" data-thumbnail=\"https:\/\/oraodoberman.com\/wp-content\/uploads\/2025\/03\/29b311c9-ff38-4a4e-90c5-467e1d3cb526-1024x684.jpg\" data-width=\"800\" data-height=\"534\" aria-label=\"\" role=\"img\" ><\/div>\n\t\t\t\t\t\t\t\t\t\t\t<div class=\"elementor-gallery-item__overlay\"><\/div>\n\t\t\t\t\t\t\t\t\t\t\t\t\t\t<\/a>\n\t\t\t\t\t<\/div>\n\t\t\t\t\t<\/div>\n\t\t\t\t<\/div>\n\t\t\t\t<div class=\"elementor-element elementor-element-64df8c4 elementor-widget elementor-widget-text-editor\" data-id=\"64df8c4\" data-element_type=\"widget\" data-e-type=\"widget\" data-widget_type=\"text-editor.default\">\n\t\t\t\t<div class=\"elementor-widget-container\">\n\t\t\t\t\t\t\t\t\t<div class=\"flex-1  flex  flex-col  gap-3  px-4  max-w-3xl  mx-auto  w-full pt-1\"><div data-test-render-count=\"1\"><div><div class=\"group  relative  -tracking-[0.015em] pb-3\" data-is-streaming=\"false\"><div class=\"font-claude-response  relative  leading-[1.65rem]  [&amp;_pre&gt;div]:bg-bg-000\/50  [&amp;_pre&gt;div]:border-0.5  [&amp;_pre&gt;div]:border-border-400  [&amp;_.ignore-pre-bg&gt;div]:bg-transparent  [&amp;&gt;div&gt;div&gt;:is(p,blockquote,h1,h2,h3,h4,h5,h6)]:pl-2  [&amp;&gt;div&gt;div&gt;:is(p,blockquote,ul,ol,h1,h2,h3,h4,h5,h6)]:pr-8\"><div><div class=\"grid-cols-1 grid gap-2.5 [&amp;_&gt;_*]:min-w-0\"><p class=\"whitespace-normal break-words\"><strong>Votre future princesse noire vous attend !<\/strong><\/p><p class=\"whitespace-normal break-words\"><strong>Cette magnifique femelle Doberman noire est une vraie petite dame avec un c\u0153ur plein d&rsquo;amour !<\/strong><\/p><p class=\"whitespace-normal break-words\"><strong>Sa couleur noire \u00e9l\u00e9gante met l&rsquo;accent sur la gr\u00e2ce naturelle, tandis que son temp\u00e9rament est de l&rsquo;or pur \u2013 douce, affectueuse et extr\u00eamement d\u00e9vou\u00e9e \u00e0 sa famille. Une petite aristocrate qui aime \u00eatre le centre d&rsquo;attention et appr\u00e9cie recevoir des c\u00e2lins sans fin.<\/strong><\/p><p class=\"whitespace-normal break-words\"><strong>Son intuition f\u00e9minine et sa sensibilit\u00e9 feront d&rsquo;elle la compagne parfaite pour tous les moments de la vie. Elle est pr\u00eate \u00e0 devenir votre meilleure amie et compagne la plus fid\u00e8le.<\/strong><\/p><p class=\"whitespace-normal break-words\"><strong>Laissez cette princesse noire conqu\u00e9rir votre c\u0153ur pour toujours !<\/strong><\/p><p class=\"whitespace-normal break-words\">**P\u00e8re de la port\u00e9e : <a href=\"https:\/\/oraodoberman.com\/psi-dobermani\/nasi-dobermani\/ime-psa-ovde\/\"><em><strong>Vajron di Orao<\/strong><\/em><\/a><\/p><p class=\"whitespace-normal break-words\">**M\u00e8re de la port\u00e9e : <a href=\"https:\/\/oraodoberman.com\/psi-dobermani\/nasi-dobermani\/traviata-tara-di-orao\/\"><em><strong>Traviata Tara di Orao<\/strong><\/em><\/a><\/p><p class=\"whitespace-normal break-words\">\u00a0<\/p><\/div><\/div><\/div><\/div><\/div><\/div><\/div>\t\t\t\t\t\t\t\t<\/div>\n\t\t\t\t<\/div>\n\t\t\t\t\t<\/div>\n\t\t\t\t<\/div>\n\t\t\t\t<\/div>\n\t\t","protected":false},"excerpt":{"rendered":"<p>Votre future princesse noire vous attend ! Cette magnifique femelle Doberman noire est une vraie petite dame avec un c\u0153ur plein d&rsquo;amour ! Sa couleur noire \u00e9l\u00e9gante met l&rsquo;accent sur la gr\u00e2ce naturelle, tandis que son temp\u00e9rament est de l&rsquo;or pur \u2013 douce, affectueuse et extr\u00eamement d\u00e9vou\u00e9e \u00e0 sa famille. Une petite aristocrate qui aime [&hellip;]<\/p>\n","protected":false},"featured_media":3671,"comment_status":"open","ping_status":"closed","template":"","meta":[],"product_brand":[],"product_cat":[103,143],"product_tag":[],"class_list":{"0":"post-7637","1":"product","2":"type-product","3":"status-publish","4":"has-post-thumbnail","6":"product_cat-doberman-a-vendre","7":"product_cat-v-litter-doberman-a-vendre","9":"first","10":"instock","11":"shipping-taxable","12":"product-type-simple"},"_links":{"self":[{"href":"https:\/\/oraodoberman.com\/fr\/wp-json\/wp\/v2\/product\/7637","targetHints":{"allow":["GET"]}}],"collection":[{"href":"https:\/\/oraodoberman.com\/fr\/wp-json\/wp\/v2\/product"}],"about":[{"href":"https:\/\/oraodoberman.com\/fr\/wp-json\/wp\/v2\/types\/product"}],"replies":[{"embeddable":true,"href":"https:\/\/oraodoberman.com\/fr\/wp-json\/wp\/v2\/comments?post=7637"}],"version-history":[{"count":0,"href":"https:\/\/oraodoberman.com\/fr\/wp-json\/wp\/v2\/product\/7637\/revisions"}],"wp:featuredmedia":[{"embeddable":true,"href":"https:\/\/oraodoberman.com\/fr\/wp-json\/wp\/v2\/media\/3671"}],"wp:attachment":[{"href":"https:\/\/oraodoberman.com\/fr\/wp-json\/wp\/v2\/media?parent=7637"}],"wp:term":[{"taxonomy":"product_brand","embeddable":true,"href":"https:\/\/oraodoberman.com\/fr\/wp-json\/wp\/v2\/product_brand?post=7637"},{"taxonomy":"product_cat","embeddable":true,"href":"https:\/\/oraodoberman.com\/fr\/wp-json\/wp\/v2\/product_cat?post=7637"},{"taxonomy":"product_tag","embeddable":true,"href":"https:\/\/oraodoberman.com\/fr\/wp-json\/wp\/v2\/product_tag?post=7637"}],"curies":[{"name":"wp","href":"https:\/\/api.w.org\/{rel}","templated":true}]}}