{"id":7631,"date":"2025-08-24T21:24:05","date_gmt":"2025-08-24T21:24:05","guid":{"rendered":"https:\/\/oraodoberman.com\/?post_type=product&#038;p=7631"},"modified":"2025-08-24T21:27:34","modified_gmt":"2025-08-24T21:27:34","slug":"elementor-7631","status":"publish","type":"product","link":"https:\/\/oraodoberman.com\/fr\/chiens-dobermans\/doberman-a-vendre\/elementor-7631\/","title":{"rendered":"Verna Vaxy di Orao"},"content":{"rendered":"\t\t<div data-elementor-type=\"product-post\" data-elementor-id=\"7631\" class=\"elementor elementor-7631\" data-elementor-post-type=\"product\">\n\t\t\t\t<div class=\"elementor-element elementor-element-6cb992d e-flex e-con-boxed e-con e-parent\" data-id=\"6cb992d\" data-element_type=\"container\" data-e-type=\"container\">\n\t\t\t\t\t<div class=\"e-con-inner\">\n\t\t\t\t<div class=\"elementor-element elementor-element-f36ead4 elementor-widget elementor-widget-gallery\" data-id=\"f36ead4\" data-element_type=\"widget\" data-e-type=\"widget\" data-settings=\"{&quot;columns&quot;:2,&quot;aspect_ratio&quot;:&quot;9:16&quot;,&quot;lazyload&quot;:&quot;yes&quot;,&quot;gallery_layout&quot;:&quot;grid&quot;,&quot;columns_tablet&quot;:2,&quot;columns_mobile&quot;:1,&quot;gap&quot;:{&quot;unit&quot;:&quot;px&quot;,&quot;size&quot;:10,&quot;sizes&quot;:[]},&quot;gap_tablet&quot;:{&quot;unit&quot;:&quot;px&quot;,&quot;size&quot;:10,&quot;sizes&quot;:[]},&quot;gap_mobile&quot;:{&quot;unit&quot;:&quot;px&quot;,&quot;size&quot;:10,&quot;sizes&quot;:[]},&quot;link_to&quot;:&quot;file&quot;,&quot;overlay_background&quot;:&quot;yes&quot;,&quot;content_hover_animation&quot;:&quot;fade-in&quot;}\" data-widget_type=\"gallery.default\">\n\t\t\t\t<div class=\"elementor-widget-container\">\n\t\t\t\t\t\t\t<div class=\"elementor-gallery__container\">\n\t\t\t\t\t\t\t<a class=\"e-gallery-item elementor-gallery-item elementor-animated-content\" href=\"https:\/\/oraodoberman.com\/wp-content\/uploads\/2025\/03\/c56dd4cc-f485-4e6c-8050-96d3aab76c4e.jpg\" data-elementor-open-lightbox=\"yes\" data-elementor-lightbox-slideshow=\"f36ead4\" data-elementor-lightbox-title=\"c56dd4cc-f485-4e6c-8050-96d3aab76c4e\" data-e-action-hash=\"#elementor-action%3Aaction%3Dlightbox%26settings%3DeyJpZCI6MzgzOSwidXJsIjoiaHR0cHM6XC9cL29yYW9kb2Jlcm1hbi5jb21cL3dwLWNvbnRlbnRcL3VwbG9hZHNcLzIwMjVcLzAzXC9jNTZkZDRjYy1mNDg1LTRlNmMtODA1MC05NmQzYWFiNzZjNGUuanBnIiwic2xpZGVzaG93IjoiZjM2ZWFkNCJ9\">\n\t\t\t\t\t<div class=\"e-gallery-image elementor-gallery-item__image\" data-thumbnail=\"https:\/\/oraodoberman.com\/wp-content\/uploads\/2025\/03\/c56dd4cc-f485-4e6c-8050-96d3aab76c4e-684x1024.jpg\" data-width=\"684\" data-height=\"1024\" aria-label=\"\" role=\"img\" ><\/div>\n\t\t\t\t\t\t\t\t\t\t\t<div class=\"elementor-gallery-item__overlay\"><\/div>\n\t\t\t\t\t\t\t\t\t\t\t\t\t\t<\/a>\n\t\t\t\t\t\t\t<a class=\"e-gallery-item elementor-gallery-item elementor-animated-content\" href=\"https:\/\/oraodoberman.com\/wp-content\/uploads\/2025\/03\/2d85b0a8-dfe8-4a76-9c39-96a95981dcda-1.jpg\" data-elementor-open-lightbox=\"yes\" data-elementor-lightbox-slideshow=\"f36ead4\" data-elementor-lightbox-title=\"2d85b0a8-dfe8-4a76-9c39-96a95981dcda\" data-e-action-hash=\"#elementor-action%3Aaction%3Dlightbox%26settings%3DeyJpZCI6MzUzOSwidXJsIjoiaHR0cHM6XC9cL29yYW9kb2Jlcm1hbi5jb21cL3dwLWNvbnRlbnRcL3VwbG9hZHNcLzIwMjVcLzAzXC8yZDg1YjBhOC1kZmU4LTRhNzYtOWMzOS05NmE5NTk4MWRjZGEtMS5qcGciLCJzbGlkZXNob3ciOiJmMzZlYWQ0In0%3D\">\n\t\t\t\t\t<div class=\"e-gallery-image elementor-gallery-item__image\" data-thumbnail=\"https:\/\/oraodoberman.com\/wp-content\/uploads\/2025\/03\/2d85b0a8-dfe8-4a76-9c39-96a95981dcda-1-684x1024.jpg\" data-width=\"684\" data-height=\"1024\" aria-label=\"\" role=\"img\" ><\/div>\n\t\t\t\t\t\t\t\t\t\t\t<div class=\"elementor-gallery-item__overlay\"><\/div>\n\t\t\t\t\t\t\t\t\t\t\t\t\t\t<\/a>\n\t\t\t\t\t\t\t<a class=\"e-gallery-item elementor-gallery-item elementor-animated-content\" href=\"https:\/\/oraodoberman.com\/wp-content\/uploads\/2025\/03\/df1eb68f-3fc8-450f-a099-7caf0932089f-1.jpg\" data-elementor-open-lightbox=\"yes\" data-elementor-lightbox-slideshow=\"f36ead4\" data-elementor-lightbox-title=\"df1eb68f-3fc8-450f-a099-7caf0932089f\" data-e-action-hash=\"#elementor-action%3Aaction%3Dlightbox%26settings%3DeyJpZCI6MzU0NSwidXJsIjoiaHR0cHM6XC9cL29yYW9kb2Jlcm1hbi5jb21cL3dwLWNvbnRlbnRcL3VwbG9hZHNcLzIwMjVcLzAzXC9kZjFlYjY4Zi0zZmM4LTQ1MGYtYTA5OS03Y2FmMDkzMjA4OWYtMS5qcGciLCJzbGlkZXNob3ciOiJmMzZlYWQ0In0%3D\">\n\t\t\t\t\t<div class=\"e-gallery-image elementor-gallery-item__image\" data-thumbnail=\"https:\/\/oraodoberman.com\/wp-content\/uploads\/2025\/03\/df1eb68f-3fc8-450f-a099-7caf0932089f-1-1024x684.jpg\" data-width=\"800\" data-height=\"534\" aria-label=\"\" role=\"img\" ><\/div>\n\t\t\t\t\t\t\t\t\t\t\t<div class=\"elementor-gallery-item__overlay\"><\/div>\n\t\t\t\t\t\t\t\t\t\t\t\t\t\t<\/a>\n\t\t\t\t\t\t\t<a class=\"e-gallery-item elementor-gallery-item elementor-animated-content\" href=\"https:\/\/oraodoberman.com\/wp-content\/uploads\/2025\/03\/7d9ade03-8efa-4088-919f-ac0cc07f6e5b.jpg\" data-elementor-open-lightbox=\"yes\" data-elementor-lightbox-slideshow=\"f36ead4\" data-elementor-lightbox-title=\"7d9ade03-8efa-4088-919f-ac0cc07f6e5b\" data-e-action-hash=\"#elementor-action%3Aaction%3Dlightbox%26settings%3DeyJpZCI6MzM2OSwidXJsIjoiaHR0cHM6XC9cL29yYW9kb2Jlcm1hbi5jb21cL3dwLWNvbnRlbnRcL3VwbG9hZHNcLzIwMjVcLzAzXC83ZDlhZGUwMy04ZWZhLTQwODgtOTE5Zi1hYzBjYzA3ZjZlNWIuanBnIiwic2xpZGVzaG93IjoiZjM2ZWFkNCJ9\">\n\t\t\t\t\t<div class=\"e-gallery-image elementor-gallery-item__image\" data-thumbnail=\"https:\/\/oraodoberman.com\/wp-content\/uploads\/2025\/03\/7d9ade03-8efa-4088-919f-ac0cc07f6e5b-1024x684.jpg\" data-width=\"800\" data-height=\"534\" aria-label=\"\" role=\"img\" ><\/div>\n\t\t\t\t\t\t\t\t\t\t\t<div class=\"elementor-gallery-item__overlay\"><\/div>\n\t\t\t\t\t\t\t\t\t\t\t\t\t\t<\/a>\n\t\t\t\t\t<\/div>\n\t\t\t\t\t<\/div>\n\t\t\t\t<\/div>\n\t\t\t\t<div class=\"elementor-element elementor-element-ea7ad26 elementor-widget elementor-widget-text-editor\" data-id=\"ea7ad26\" data-element_type=\"widget\" data-e-type=\"widget\" data-widget_type=\"text-editor.default\">\n\t\t\t\t<div class=\"elementor-widget-container\">\n\t\t\t\t\t\t\t\t\t<p class=\"whitespace-normal break-words\"><strong>Votre femelle Doberman noire parfaite vous attend !<\/strong><\/p><p class=\"whitespace-normal break-words\"><strong>Cette belle femelle Doberman noire combine tout ce que vous cherchez \u2013 temp\u00e9rament \u00e9quilibr\u00e9, excellente socialisation et affection irr\u00e9sistible !<\/strong><\/p><p class=\"whitespace-normal break-words\"><strong>D\u00e8s son jeune \u00e2ge, elle montre des comp\u00e9tences sociales exceptionnelles, s&rsquo;adapte facilement aux nouvelles situations et adore les gens. Son \u00e9l\u00e9gance noire s&rsquo;accompagne d&rsquo;un caract\u00e8re doux plein de chaleur.<\/strong><\/p><p class=\"whitespace-normal break-words\"><strong>Elle est assez vive pour \u00eatre int\u00e9ressante, mais assez affectueuse pour toujours revenir pour plus de c\u00e2lins. Elle est parfaitement socialis\u00e9e et pr\u00eate \u00e0 devenir partie de votre famille.<\/strong><\/p><p class=\"whitespace-normal break-words\"><strong>Investissez dans cette petite beaut\u00e9 noire qui vous apportera des ann\u00e9es de bonheur et d&rsquo;amour inconditionnel !<\/strong><\/p><p class=\"whitespace-normal break-words\">**P\u00e8re de la port\u00e9e : <a href=\"https:\/\/oraodoberman.com\/psi-dobermani\/nasi-dobermani\/ime-psa-ovde\/\"><em><strong>Vajron di Orao<\/strong><\/em> <\/a><\/p><p class=\"whitespace-normal break-words\">**M\u00e8re de la port\u00e9e : <a href=\"https:\/\/oraodoberman.com\/psi-dobermani\/nasi-dobermani\/traviata-tara-di-orao\/\"><em><strong>Traviata Tara di Orao<\/strong><\/em><\/a><\/p>\t\t\t\t\t\t\t\t<\/div>\n\t\t\t\t<\/div>\n\t\t\t\t\t<\/div>\n\t\t\t\t<\/div>\n\t\t\t\t<\/div>\n\t\t","protected":false},"excerpt":{"rendered":"<p>Votre femelle Doberman noire parfaite vous attend ! Cette belle femelle Doberman noire combine tout ce que vous cherchez \u2013 temp\u00e9rament \u00e9quilibr\u00e9, excellente socialisation et affection irr\u00e9sistible ! D\u00e8s son jeune \u00e2ge, elle montre des comp\u00e9tences sociales exceptionnelles, s&rsquo;adapte facilement aux nouvelles situations et adore les gens. Son \u00e9l\u00e9gance noire s&rsquo;accompagne d&rsquo;un caract\u00e8re doux plein [&hellip;]<\/p>\n","protected":false},"featured_media":3839,"comment_status":"open","ping_status":"closed","template":"","meta":[],"product_brand":[],"product_cat":[103,143],"product_tag":[],"class_list":{"0":"post-7631","1":"product","2":"type-product","3":"status-publish","4":"has-post-thumbnail","6":"product_cat-doberman-a-vendre","7":"product_cat-v-litter-doberman-a-vendre","9":"first","10":"instock","11":"shipping-taxable","12":"product-type-simple"},"_links":{"self":[{"href":"https:\/\/oraodoberman.com\/fr\/wp-json\/wp\/v2\/product\/7631","targetHints":{"allow":["GET"]}}],"collection":[{"href":"https:\/\/oraodoberman.com\/fr\/wp-json\/wp\/v2\/product"}],"about":[{"href":"https:\/\/oraodoberman.com\/fr\/wp-json\/wp\/v2\/types\/product"}],"replies":[{"embeddable":true,"href":"https:\/\/oraodoberman.com\/fr\/wp-json\/wp\/v2\/comments?post=7631"}],"version-history":[{"count":0,"href":"https:\/\/oraodoberman.com\/fr\/wp-json\/wp\/v2\/product\/7631\/revisions"}],"wp:featuredmedia":[{"embeddable":true,"href":"https:\/\/oraodoberman.com\/fr\/wp-json\/wp\/v2\/media\/3839"}],"wp:attachment":[{"href":"https:\/\/oraodoberman.com\/fr\/wp-json\/wp\/v2\/media?parent=7631"}],"wp:term":[{"taxonomy":"product_brand","embeddable":true,"href":"https:\/\/oraodoberman.com\/fr\/wp-json\/wp\/v2\/product_brand?post=7631"},{"taxonomy":"product_cat","embeddable":true,"href":"https:\/\/oraodoberman.com\/fr\/wp-json\/wp\/v2\/product_cat?post=7631"},{"taxonomy":"product_tag","embeddable":true,"href":"https:\/\/oraodoberman.com\/fr\/wp-json\/wp\/v2\/product_tag?post=7631"}],"curies":[{"name":"wp","href":"https:\/\/api.w.org\/{rel}","templated":true}]}}