{"id":7614,"date":"2025-08-24T21:07:56","date_gmt":"2025-08-24T21:07:56","guid":{"rendered":"https:\/\/oraodoberman.com\/?post_type=product&#038;p=7614"},"modified":"2025-08-24T21:12:33","modified_gmt":"2025-08-24T21:12:33","slug":"elementor-7614","status":"publish","type":"product","link":"https:\/\/oraodoberman.com\/fr\/chiens-dobermans\/doberman-a-vendre\/l-litter-doberman-a-vendre\/elementor-7614\/","title":{"rendered":"Luther King di Orao"},"content":{"rendered":"\t\t<div data-elementor-type=\"product-post\" data-elementor-id=\"7614\" class=\"elementor elementor-7614\" data-elementor-post-type=\"product\">\n\t\t\t\t<div class=\"elementor-element elementor-element-0feaba5 e-flex e-con-boxed e-con e-parent\" data-id=\"0feaba5\" data-element_type=\"container\" data-e-type=\"container\">\n\t\t\t\t\t<div class=\"e-con-inner\">\n\t\t\t\t<div class=\"elementor-element elementor-element-8c7a25b elementor-widget elementor-widget-gallery\" data-id=\"8c7a25b\" data-element_type=\"widget\" data-e-type=\"widget\" data-settings=\"{&quot;columns&quot;:2,&quot;aspect_ratio&quot;:&quot;9:16&quot;,&quot;lazyload&quot;:&quot;yes&quot;,&quot;gallery_layout&quot;:&quot;grid&quot;,&quot;columns_tablet&quot;:2,&quot;columns_mobile&quot;:1,&quot;gap&quot;:{&quot;unit&quot;:&quot;px&quot;,&quot;size&quot;:10,&quot;sizes&quot;:[]},&quot;gap_tablet&quot;:{&quot;unit&quot;:&quot;px&quot;,&quot;size&quot;:10,&quot;sizes&quot;:[]},&quot;gap_mobile&quot;:{&quot;unit&quot;:&quot;px&quot;,&quot;size&quot;:10,&quot;sizes&quot;:[]},&quot;link_to&quot;:&quot;file&quot;,&quot;overlay_background&quot;:&quot;yes&quot;,&quot;content_hover_animation&quot;:&quot;fade-in&quot;}\" data-widget_type=\"gallery.default\">\n\t\t\t\t<div class=\"elementor-widget-container\">\n\t\t\t\t\t\t\t<div class=\"elementor-gallery__container\">\n\t\t\t\t\t\t\t<a class=\"e-gallery-item elementor-gallery-item elementor-animated-content\" href=\"https:\/\/oraodoberman.com\/wp-content\/uploads\/2025\/03\/f9e30ffa-d8e9-43a0-a33e-6adfe44d2cbb.jpg\" data-elementor-open-lightbox=\"yes\" data-elementor-lightbox-slideshow=\"8c7a25b\" data-elementor-lightbox-title=\"f9e30ffa-d8e9-43a0-a33e-6adfe44d2cbb\" data-e-action-hash=\"#elementor-action%3Aaction%3Dlightbox%26settings%3DeyJpZCI6MzI3MywidXJsIjoiaHR0cHM6XC9cL29yYW9kb2Jlcm1hbi5jb21cL3dwLWNvbnRlbnRcL3VwbG9hZHNcLzIwMjVcLzAzXC9mOWUzMGZmYS1kOGU5LTQzYTAtYTMzZS02YWRmZTQ0ZDJjYmIuanBnIiwic2xpZGVzaG93IjoiOGM3YTI1YiJ9\">\n\t\t\t\t\t<div class=\"e-gallery-image elementor-gallery-item__image\" data-thumbnail=\"https:\/\/oraodoberman.com\/wp-content\/uploads\/2025\/03\/f9e30ffa-d8e9-43a0-a33e-6adfe44d2cbb-684x1024.jpg\" data-width=\"684\" data-height=\"1024\" aria-label=\"\" role=\"img\" ><\/div>\n\t\t\t\t\t\t\t\t\t\t\t<div class=\"elementor-gallery-item__overlay\"><\/div>\n\t\t\t\t\t\t\t\t\t\t\t\t\t\t<\/a>\n\t\t\t\t\t\t\t<a class=\"e-gallery-item elementor-gallery-item elementor-animated-content\" href=\"https:\/\/oraodoberman.com\/wp-content\/uploads\/2025\/03\/240e01ea-d4cb-45e2-bc3a-7dd19d3cbe1d.jpg\" data-elementor-open-lightbox=\"yes\" data-elementor-lightbox-slideshow=\"8c7a25b\" data-elementor-lightbox-title=\"240e01ea-d4cb-45e2-bc3a-7dd19d3cbe1d\" data-e-action-hash=\"#elementor-action%3Aaction%3Dlightbox%26settings%3DeyJpZCI6MzI3OSwidXJsIjoiaHR0cHM6XC9cL29yYW9kb2Jlcm1hbi5jb21cL3dwLWNvbnRlbnRcL3VwbG9hZHNcLzIwMjVcLzAzXC8yNDBlMDFlYS1kNGNiLTQ1ZTItYmMzYS03ZGQxOWQzY2JlMWQuanBnIiwic2xpZGVzaG93IjoiOGM3YTI1YiJ9\">\n\t\t\t\t\t<div class=\"e-gallery-image elementor-gallery-item__image\" data-thumbnail=\"https:\/\/oraodoberman.com\/wp-content\/uploads\/2025\/03\/240e01ea-d4cb-45e2-bc3a-7dd19d3cbe1d-684x1024.jpg\" data-width=\"684\" data-height=\"1024\" aria-label=\"\" role=\"img\" ><\/div>\n\t\t\t\t\t\t\t\t\t\t\t<div class=\"elementor-gallery-item__overlay\"><\/div>\n\t\t\t\t\t\t\t\t\t\t\t\t\t\t<\/a>\n\t\t\t\t\t\t\t<a class=\"e-gallery-item elementor-gallery-item elementor-animated-content\" href=\"https:\/\/oraodoberman.com\/wp-content\/uploads\/2025\/03\/bbe9ab6e-c680-4926-890e-9c01a29d76bd.jpg\" data-elementor-open-lightbox=\"yes\" data-elementor-lightbox-slideshow=\"8c7a25b\" data-elementor-lightbox-title=\"bbe9ab6e-c680-4926-890e-9c01a29d76bd\" data-e-action-hash=\"#elementor-action%3Aaction%3Dlightbox%26settings%3DeyJpZCI6MzI4NSwidXJsIjoiaHR0cHM6XC9cL29yYW9kb2Jlcm1hbi5jb21cL3dwLWNvbnRlbnRcL3VwbG9hZHNcLzIwMjVcLzAzXC9iYmU5YWI2ZS1jNjgwLTQ5MjYtODkwZS05YzAxYTI5ZDc2YmQuanBnIiwic2xpZGVzaG93IjoiOGM3YTI1YiJ9\">\n\t\t\t\t\t<div class=\"e-gallery-image elementor-gallery-item__image\" data-thumbnail=\"https:\/\/oraodoberman.com\/wp-content\/uploads\/2025\/03\/bbe9ab6e-c680-4926-890e-9c01a29d76bd-684x1024.jpg\" data-width=\"684\" data-height=\"1024\" aria-label=\"\" role=\"img\" ><\/div>\n\t\t\t\t\t\t\t\t\t\t\t<div class=\"elementor-gallery-item__overlay\"><\/div>\n\t\t\t\t\t\t\t\t\t\t\t\t\t\t<\/a>\n\t\t\t\t\t\t\t<a class=\"e-gallery-item elementor-gallery-item elementor-animated-content\" href=\"https:\/\/oraodoberman.com\/wp-content\/uploads\/2025\/03\/f14a1156-3f79-4b1f-86d8-a53e0c3f1624.jpg\" data-elementor-open-lightbox=\"yes\" data-elementor-lightbox-slideshow=\"8c7a25b\" data-elementor-lightbox-title=\"f14a1156-3f79-4b1f-86d8-a53e0c3f1624\" data-e-action-hash=\"#elementor-action%3Aaction%3Dlightbox%26settings%3DeyJpZCI6MzI2NywidXJsIjoiaHR0cHM6XC9cL29yYW9kb2Jlcm1hbi5jb21cL3dwLWNvbnRlbnRcL3VwbG9hZHNcLzIwMjVcLzAzXC9mMTRhMTE1Ni0zZjc5LTRiMWYtODZkOC1hNTNlMGMzZjE2MjQuanBnIiwic2xpZGVzaG93IjoiOGM3YTI1YiJ9\">\n\t\t\t\t\t<div class=\"e-gallery-image elementor-gallery-item__image\" data-thumbnail=\"https:\/\/oraodoberman.com\/wp-content\/uploads\/2025\/03\/f14a1156-3f79-4b1f-86d8-a53e0c3f1624-1024x684.jpg\" data-width=\"800\" data-height=\"534\" aria-label=\"\" role=\"img\" ><\/div>\n\t\t\t\t\t\t\t\t\t\t\t<div class=\"elementor-gallery-item__overlay\"><\/div>\n\t\t\t\t\t\t\t\t\t\t\t\t\t\t<\/a>\n\t\t\t\t\t<\/div>\n\t\t\t\t\t<\/div>\n\t\t\t\t<\/div>\n\t\t\t\t<div class=\"elementor-element elementor-element-012c2c2 elementor-widget elementor-widget-text-editor\" data-id=\"012c2c2\" data-element_type=\"widget\" data-e-type=\"widget\" data-widget_type=\"text-editor.default\">\n\t\t\t\t<div class=\"elementor-widget-container\">\n\t\t\t\t\t\t\t\t\t<p class=\"whitespace-normal break-words\"><strong>Doberman m\u00e2le brun \u2013 ange de chocolat pour votre famille !<\/strong><\/p><p class=\"whitespace-normal break-words\"><strong>Ce magnifique Doberman m\u00e2le brun est une vraie friandise de chocolat avec un c\u0153ur plein d&rsquo;amour !<\/strong><\/p><p class=\"whitespace-normal break-words\"><strong>Son temp\u00e9rament est parfaitement adapt\u00e9 \u00e0 la vie familiale \u2013 doux avec les enfants et incroyablement tol\u00e9rant envers les autres animaux.<\/strong><\/p><p class=\"whitespace-normal break-words\"><strong>La couleur chocolat lui donne un charme sp\u00e9cial, tandis que son caract\u00e8re en fait un animal de compagnie familial id\u00e9al. Beaut\u00e9 brune combin\u00e9e avec un c\u0153ur d&rsquo;or ! Il montre d\u00e9j\u00e0 sa nature sociale et son amour pour tous autour de lui.<\/strong><\/p><p class=\"whitespace-normal break-words\"><strong>Si vous cherchez un ami loyal qui aimera toute la famille et sera ami avec tous les animaux de compagnie, ce petit chocolat est le choix parfait !<\/strong><\/p><p class=\"whitespace-normal break-words\">P\u00e8re de la port\u00e9e : <a href=\"https:\/\/doberbase.ru\/index.php?a=dog&amp;id=241449&amp;name=Ghost+Gamon+v.+Ashanti\" target=\"_blank\" rel=\"noopener\"><em><strong>Ghost Gamon von Ashanti<\/strong><\/em><\/a><\/p><p class=\"whitespace-normal break-words\">M\u00e8re de la port\u00e9e : <a href=\"https:\/\/oraodoberman.com\/psi-dobermani\/nasi-dobermani\/vivat-de-vinko-metida\/\"><em><strong>Vivat de Vinko Metida<\/strong><\/em><\/a><\/p>\t\t\t\t\t\t\t\t<\/div>\n\t\t\t\t<\/div>\n\t\t\t\t\t<\/div>\n\t\t\t\t<\/div>\n\t\t\t\t<\/div>\n\t\t","protected":false},"excerpt":{"rendered":"<p>Doberman m\u00e2le brun \u2013 ange de chocolat pour votre famille ! Ce magnifique Doberman m\u00e2le brun est une vraie friandise de chocolat avec un c\u0153ur plein d&rsquo;amour ! Son temp\u00e9rament est parfaitement adapt\u00e9 \u00e0 la vie familiale \u2013 doux avec les enfants et incroyablement tol\u00e9rant envers les autres animaux. La couleur chocolat lui donne un [&hellip;]<\/p>\n","protected":false},"featured_media":3273,"comment_status":"open","ping_status":"closed","template":"","meta":[],"product_brand":[],"product_cat":[103,142],"product_tag":[],"class_list":{"0":"post-7614","1":"product","2":"type-product","3":"status-publish","4":"has-post-thumbnail","6":"product_cat-doberman-a-vendre","7":"product_cat-l-litter-doberman-a-vendre","9":"first","10":"instock","11":"shipping-taxable","12":"product-type-simple"},"_links":{"self":[{"href":"https:\/\/oraodoberman.com\/fr\/wp-json\/wp\/v2\/product\/7614","targetHints":{"allow":["GET"]}}],"collection":[{"href":"https:\/\/oraodoberman.com\/fr\/wp-json\/wp\/v2\/product"}],"about":[{"href":"https:\/\/oraodoberman.com\/fr\/wp-json\/wp\/v2\/types\/product"}],"replies":[{"embeddable":true,"href":"https:\/\/oraodoberman.com\/fr\/wp-json\/wp\/v2\/comments?post=7614"}],"version-history":[{"count":0,"href":"https:\/\/oraodoberman.com\/fr\/wp-json\/wp\/v2\/product\/7614\/revisions"}],"wp:featuredmedia":[{"embeddable":true,"href":"https:\/\/oraodoberman.com\/fr\/wp-json\/wp\/v2\/media\/3273"}],"wp:attachment":[{"href":"https:\/\/oraodoberman.com\/fr\/wp-json\/wp\/v2\/media?parent=7614"}],"wp:term":[{"taxonomy":"product_brand","embeddable":true,"href":"https:\/\/oraodoberman.com\/fr\/wp-json\/wp\/v2\/product_brand?post=7614"},{"taxonomy":"product_cat","embeddable":true,"href":"https:\/\/oraodoberman.com\/fr\/wp-json\/wp\/v2\/product_cat?post=7614"},{"taxonomy":"product_tag","embeddable":true,"href":"https:\/\/oraodoberman.com\/fr\/wp-json\/wp\/v2\/product_tag?post=7614"}],"curies":[{"name":"wp","href":"https:\/\/api.w.org\/{rel}","templated":true}]}}