{"id":7608,"date":"2025-08-24T21:02:08","date_gmt":"2025-08-24T21:02:08","guid":{"rendered":"https:\/\/oraodoberman.com\/?post_type=product&#038;p=7608"},"modified":"2025-08-24T21:07:17","modified_gmt":"2025-08-24T21:07:17","slug":"elementor-7608","status":"publish","type":"product","link":"https:\/\/oraodoberman.com\/fr\/chiens-dobermans\/doberman-a-vendre\/l-litter-doberman-a-vendre\/elementor-7608\/","title":{"rendered":"Lord di Orao"},"content":{"rendered":"\t\t<div data-elementor-type=\"product-post\" data-elementor-id=\"7608\" class=\"elementor elementor-7608\" data-elementor-post-type=\"product\">\n\t\t\t\t<div class=\"elementor-element elementor-element-72ba50a e-flex e-con-boxed e-con e-parent\" data-id=\"72ba50a\" data-element_type=\"container\" data-e-type=\"container\">\n\t\t\t\t\t<div class=\"e-con-inner\">\n\t\t\t\t<div class=\"elementor-element elementor-element-c82d69f elementor-widget elementor-widget-gallery\" data-id=\"c82d69f\" data-element_type=\"widget\" data-e-type=\"widget\" data-settings=\"{&quot;columns&quot;:2,&quot;gap&quot;:{&quot;unit&quot;:&quot;px&quot;,&quot;size&quot;:7,&quot;sizes&quot;:[]},&quot;aspect_ratio&quot;:&quot;9:16&quot;,&quot;lazyload&quot;:&quot;yes&quot;,&quot;gallery_layout&quot;:&quot;grid&quot;,&quot;columns_tablet&quot;:2,&quot;columns_mobile&quot;:1,&quot;gap_tablet&quot;:{&quot;unit&quot;:&quot;px&quot;,&quot;size&quot;:10,&quot;sizes&quot;:[]},&quot;gap_mobile&quot;:{&quot;unit&quot;:&quot;px&quot;,&quot;size&quot;:10,&quot;sizes&quot;:[]},&quot;link_to&quot;:&quot;file&quot;,&quot;overlay_background&quot;:&quot;yes&quot;,&quot;content_hover_animation&quot;:&quot;fade-in&quot;}\" data-widget_type=\"gallery.default\">\n\t\t\t\t<div class=\"elementor-widget-container\">\n\t\t\t\t\t\t\t<div class=\"elementor-gallery__container\">\n\t\t\t\t\t\t\t<a class=\"e-gallery-item elementor-gallery-item elementor-animated-content\" href=\"https:\/\/oraodoberman.com\/wp-content\/uploads\/2025\/03\/20de627f-a369-459d-9c12-7a0c7c141865.jpg\" data-elementor-open-lightbox=\"yes\" data-elementor-lightbox-slideshow=\"c82d69f\" data-elementor-lightbox-title=\"20de627f-a369-459d-9c12-7a0c7c141865\" data-e-action-hash=\"#elementor-action%3Aaction%3Dlightbox%26settings%3DeyJpZCI6MzE5NSwidXJsIjoiaHR0cHM6XC9cL29yYW9kb2Jlcm1hbi5jb21cL3dwLWNvbnRlbnRcL3VwbG9hZHNcLzIwMjVcLzAzXC8yMGRlNjI3Zi1hMzY5LTQ1OWQtOWMxMi03YTBjN2MxNDE4NjUuanBnIiwic2xpZGVzaG93IjoiYzgyZDY5ZiJ9\">\n\t\t\t\t\t<div class=\"e-gallery-image elementor-gallery-item__image\" data-thumbnail=\"https:\/\/oraodoberman.com\/wp-content\/uploads\/2025\/03\/20de627f-a369-459d-9c12-7a0c7c141865-684x1024.jpg\" data-width=\"684\" data-height=\"1024\" aria-label=\"\" role=\"img\" ><\/div>\n\t\t\t\t\t\t\t\t\t\t\t<div class=\"elementor-gallery-item__overlay\"><\/div>\n\t\t\t\t\t\t\t\t\t\t\t\t\t\t<\/a>\n\t\t\t\t\t\t\t<a class=\"e-gallery-item elementor-gallery-item elementor-animated-content\" href=\"https:\/\/oraodoberman.com\/wp-content\/uploads\/2025\/03\/55d5f481-5731-4d7b-a976-49a21302140b.jpg\" data-elementor-open-lightbox=\"yes\" data-elementor-lightbox-slideshow=\"c82d69f\" data-elementor-lightbox-title=\"55d5f481-5731-4d7b-a976-49a21302140b\" data-e-action-hash=\"#elementor-action%3Aaction%3Dlightbox%26settings%3DeyJpZCI6MzIwMSwidXJsIjoiaHR0cHM6XC9cL29yYW9kb2Jlcm1hbi5jb21cL3dwLWNvbnRlbnRcL3VwbG9hZHNcLzIwMjVcLzAzXC81NWQ1ZjQ4MS01NzMxLTRkN2ItYTk3Ni00OWEyMTMwMjE0MGIuanBnIiwic2xpZGVzaG93IjoiYzgyZDY5ZiJ9\">\n\t\t\t\t\t<div class=\"e-gallery-image elementor-gallery-item__image\" data-thumbnail=\"https:\/\/oraodoberman.com\/wp-content\/uploads\/2025\/03\/55d5f481-5731-4d7b-a976-49a21302140b-684x1024.jpg\" data-width=\"684\" data-height=\"1024\" aria-label=\"\" role=\"img\" ><\/div>\n\t\t\t\t\t\t\t\t\t\t\t<div class=\"elementor-gallery-item__overlay\"><\/div>\n\t\t\t\t\t\t\t\t\t\t\t\t\t\t<\/a>\n\t\t\t\t\t\t\t<a class=\"e-gallery-item elementor-gallery-item elementor-animated-content\" href=\"https:\/\/oraodoberman.com\/wp-content\/uploads\/2025\/03\/d19008d8-adeb-4590-9d66-a24ab629f7cd.jpg\" data-elementor-open-lightbox=\"yes\" data-elementor-lightbox-slideshow=\"c82d69f\" data-elementor-lightbox-title=\"d19008d8-adeb-4590-9d66-a24ab629f7cd\" data-e-action-hash=\"#elementor-action%3Aaction%3Dlightbox%26settings%3DeyJpZCI6MzIwNywidXJsIjoiaHR0cHM6XC9cL29yYW9kb2Jlcm1hbi5jb21cL3dwLWNvbnRlbnRcL3VwbG9hZHNcLzIwMjVcLzAzXC9kMTkwMDhkOC1hZGViLTQ1OTAtOWQ2Ni1hMjRhYjYyOWY3Y2QuanBnIiwic2xpZGVzaG93IjoiYzgyZDY5ZiJ9\">\n\t\t\t\t\t<div class=\"e-gallery-image elementor-gallery-item__image\" data-thumbnail=\"https:\/\/oraodoberman.com\/wp-content\/uploads\/2025\/03\/d19008d8-adeb-4590-9d66-a24ab629f7cd-684x1024.jpg\" data-width=\"684\" data-height=\"1024\" aria-label=\"\" role=\"img\" ><\/div>\n\t\t\t\t\t\t\t\t\t\t\t<div class=\"elementor-gallery-item__overlay\"><\/div>\n\t\t\t\t\t\t\t\t\t\t\t\t\t\t<\/a>\n\t\t\t\t\t\t\t<a class=\"e-gallery-item elementor-gallery-item elementor-animated-content\" href=\"https:\/\/oraodoberman.com\/wp-content\/uploads\/2025\/03\/efed347e-a9c4-444b-9942-be2fa8b1cbd5.jpg\" data-elementor-open-lightbox=\"yes\" data-elementor-lightbox-slideshow=\"c82d69f\" data-elementor-lightbox-title=\"efed347e-a9c4-444b-9942-be2fa8b1cbd5\" data-e-action-hash=\"#elementor-action%3Aaction%3Dlightbox%26settings%3DeyJpZCI6MzIxMywidXJsIjoiaHR0cHM6XC9cL29yYW9kb2Jlcm1hbi5jb21cL3dwLWNvbnRlbnRcL3VwbG9hZHNcLzIwMjVcLzAzXC9lZmVkMzQ3ZS1hOWM0LTQ0NGItOTk0Mi1iZTJmYThiMWNiZDUuanBnIiwic2xpZGVzaG93IjoiYzgyZDY5ZiJ9\">\n\t\t\t\t\t<div class=\"e-gallery-image elementor-gallery-item__image\" data-thumbnail=\"https:\/\/oraodoberman.com\/wp-content\/uploads\/2025\/03\/efed347e-a9c4-444b-9942-be2fa8b1cbd5-684x1024.jpg\" data-width=\"684\" data-height=\"1024\" aria-label=\"\" role=\"img\" ><\/div>\n\t\t\t\t\t\t\t\t\t\t\t<div class=\"elementor-gallery-item__overlay\"><\/div>\n\t\t\t\t\t\t\t\t\t\t\t\t\t\t<\/a>\n\t\t\t\t\t\t\t<a class=\"e-gallery-item elementor-gallery-item elementor-animated-content\" href=\"https:\/\/oraodoberman.com\/wp-content\/uploads\/2025\/03\/37c1d845-9466-4f65-aad9-dc2ead991bb1.jpg\" data-elementor-open-lightbox=\"yes\" data-elementor-lightbox-slideshow=\"c82d69f\" data-elementor-lightbox-title=\"37c1d845-9466-4f65-aad9-dc2ead991bb1\" data-e-action-hash=\"#elementor-action%3Aaction%3Dlightbox%26settings%3DeyJpZCI6MzIxOSwidXJsIjoiaHR0cHM6XC9cL29yYW9kb2Jlcm1hbi5jb21cL3dwLWNvbnRlbnRcL3VwbG9hZHNcLzIwMjVcLzAzXC8zN2MxZDg0NS05NDY2LTRmNjUtYWFkOS1kYzJlYWQ5OTFiYjEuanBnIiwic2xpZGVzaG93IjoiYzgyZDY5ZiJ9\">\n\t\t\t\t\t<div class=\"e-gallery-image elementor-gallery-item__image\" data-thumbnail=\"https:\/\/oraodoberman.com\/wp-content\/uploads\/2025\/03\/37c1d845-9466-4f65-aad9-dc2ead991bb1-684x1024.jpg\" data-width=\"684\" data-height=\"1024\" aria-label=\"\" role=\"img\" ><\/div>\n\t\t\t\t\t\t\t\t\t\t\t<div class=\"elementor-gallery-item__overlay\"><\/div>\n\t\t\t\t\t\t\t\t\t\t\t\t\t\t<\/a>\n\t\t\t\t\t\t\t<a class=\"e-gallery-item elementor-gallery-item elementor-animated-content\" href=\"https:\/\/oraodoberman.com\/wp-content\/uploads\/2025\/03\/aeb7d418-a7f8-4fbe-be36-512794ee670c.jpg\" data-elementor-open-lightbox=\"yes\" data-elementor-lightbox-slideshow=\"c82d69f\" data-elementor-lightbox-title=\"aeb7d418-a7f8-4fbe-be36-512794ee670c\" data-e-action-hash=\"#elementor-action%3Aaction%3Dlightbox%26settings%3DeyJpZCI6MzIyNSwidXJsIjoiaHR0cHM6XC9cL29yYW9kb2Jlcm1hbi5jb21cL3dwLWNvbnRlbnRcL3VwbG9hZHNcLzIwMjVcLzAzXC9hZWI3ZDQxOC1hN2Y4LTRmYmUtYmUzNi01MTI3OTRlZTY3MGMuanBnIiwic2xpZGVzaG93IjoiYzgyZDY5ZiJ9\">\n\t\t\t\t\t<div class=\"e-gallery-image elementor-gallery-item__image\" data-thumbnail=\"https:\/\/oraodoberman.com\/wp-content\/uploads\/2025\/03\/aeb7d418-a7f8-4fbe-be36-512794ee670c-684x1024.jpg\" data-width=\"684\" data-height=\"1024\" aria-label=\"\" role=\"img\" ><\/div>\n\t\t\t\t\t\t\t\t\t\t\t<div class=\"elementor-gallery-item__overlay\"><\/div>\n\t\t\t\t\t\t\t\t\t\t\t\t\t\t<\/a>\n\t\t\t\t\t\t\t<a class=\"e-gallery-item elementor-gallery-item elementor-animated-content\" href=\"https:\/\/oraodoberman.com\/wp-content\/uploads\/2025\/03\/ba7005f2-9044-4a68-ba21-60dac0af15f5.jpg\" data-elementor-open-lightbox=\"yes\" data-elementor-lightbox-slideshow=\"c82d69f\" data-elementor-lightbox-title=\"ba7005f2-9044-4a68-ba21-60dac0af15f5\" data-e-action-hash=\"#elementor-action%3Aaction%3Dlightbox%26settings%3DeyJpZCI6MzE4OSwidXJsIjoiaHR0cHM6XC9cL29yYW9kb2Jlcm1hbi5jb21cL3dwLWNvbnRlbnRcL3VwbG9hZHNcLzIwMjVcLzAzXC9iYTcwMDVmMi05MDQ0LTRhNjgtYmEyMS02MGRhYzBhZjE1ZjUuanBnIiwic2xpZGVzaG93IjoiYzgyZDY5ZiJ9\">\n\t\t\t\t\t<div class=\"e-gallery-image elementor-gallery-item__image\" data-thumbnail=\"https:\/\/oraodoberman.com\/wp-content\/uploads\/2025\/03\/ba7005f2-9044-4a68-ba21-60dac0af15f5-1024x684.jpg\" data-width=\"800\" data-height=\"534\" aria-label=\"\" role=\"img\" ><\/div>\n\t\t\t\t\t\t\t\t\t\t\t<div class=\"elementor-gallery-item__overlay\"><\/div>\n\t\t\t\t\t\t\t\t\t\t\t\t\t\t<\/a>\n\t\t\t\t\t<\/div>\n\t\t\t\t\t<\/div>\n\t\t\t\t<\/div>\n\t\t\t\t<div class=\"elementor-element elementor-element-6af54ff elementor-widget elementor-widget-text-editor\" data-id=\"6af54ff\" data-element_type=\"widget\" data-e-type=\"widget\" data-widget_type=\"text-editor.default\">\n\t\t\t\t<div class=\"elementor-widget-container\">\n\t\t\t\t\t\t\t\t\t<p class=\"whitespace-normal break-words\"><strong>Chiot Doberman m\u00e2le noir pour les amateurs s\u00e9rieux de la race !<\/strong><\/p><p class=\"whitespace-normal break-words\"><strong>Ce Doberman m\u00e2le noir exceptionnel n&rsquo;est pas pour tout le monde \u2013 il est destin\u00e9 aux propri\u00e9taires exp\u00e9riment\u00e9s qui comprennent le vrai caract\u00e8re Doberman !<\/strong><\/p><p class=\"whitespace-normal break-words\"><strong>Temp\u00e9ramental, fort et infatigable, il montre d\u00e9j\u00e0 toutes les caract\u00e9ristiques qui rendent cette race l\u00e9gendaire. Son caract\u00e8re n\u00e9cessite une main ferme et un propri\u00e9taire exp\u00e9riment\u00e9 qui saura utiliser son potentiel.<\/strong><\/p><p class=\"whitespace-normal break-words\"><strong>Chiot Doberman m\u00e2le noir avec un temp\u00e9rament authentique \u2013 un investissement pour ceux qui cherchent un vrai Doberman comme il se doit.<\/strong><\/p><p class=\"whitespace-normal break-words\"><strong>R\u00e9serv\u00e9 exclusivement aux amateurs s\u00e9rieux de la race qui appr\u00e9cient le caract\u00e8re et le temp\u00e9rament !<\/strong><\/p><p class=\"whitespace-normal break-words\">P\u00e8re de la port\u00e9e : <a href=\"https:\/\/doberbase.ru\/index.php?a=dog&amp;id=241449&amp;name=Ghost+Gamon+v.+Ashanti\" target=\"_blank\" rel=\"noopener\"><em><strong>Ghost Gamon von Ashanti<\/strong><\/em><\/a><\/p><p class=\"whitespace-normal break-words\">M\u00e8re de la port\u00e9e : <a href=\"https:\/\/oraodoberman.com\/psi-dobermani\/nasi-dobermani\/vivat-de-vinko-metida\/\"><em><strong>Vivat de Vinko Metida<\/strong><\/em><\/a><\/p>\t\t\t\t\t\t\t\t<\/div>\n\t\t\t\t<\/div>\n\t\t\t\t\t<\/div>\n\t\t\t\t<\/div>\n\t\t\t\t<\/div>\n\t\t","protected":false},"excerpt":{"rendered":"<p>Chiot Doberman m\u00e2le noir pour les amateurs s\u00e9rieux de la race ! Ce Doberman m\u00e2le noir exceptionnel n&rsquo;est pas pour tout le monde \u2013 il est destin\u00e9 aux propri\u00e9taires exp\u00e9riment\u00e9s qui comprennent le vrai caract\u00e8re Doberman ! Temp\u00e9ramental, fort et infatigable, il montre d\u00e9j\u00e0 toutes les caract\u00e9ristiques qui rendent cette race l\u00e9gendaire. Son caract\u00e8re n\u00e9cessite [&hellip;]<\/p>\n","protected":false},"featured_media":3201,"comment_status":"open","ping_status":"closed","template":"","meta":[],"product_brand":[],"product_cat":[142,103],"product_tag":[],"class_list":{"0":"post-7608","1":"product","2":"type-product","3":"status-publish","4":"has-post-thumbnail","6":"product_cat-l-litter-doberman-a-vendre","7":"product_cat-doberman-a-vendre","9":"first","10":"instock","11":"shipping-taxable","12":"product-type-simple"},"_links":{"self":[{"href":"https:\/\/oraodoberman.com\/fr\/wp-json\/wp\/v2\/product\/7608","targetHints":{"allow":["GET"]}}],"collection":[{"href":"https:\/\/oraodoberman.com\/fr\/wp-json\/wp\/v2\/product"}],"about":[{"href":"https:\/\/oraodoberman.com\/fr\/wp-json\/wp\/v2\/types\/product"}],"replies":[{"embeddable":true,"href":"https:\/\/oraodoberman.com\/fr\/wp-json\/wp\/v2\/comments?post=7608"}],"version-history":[{"count":0,"href":"https:\/\/oraodoberman.com\/fr\/wp-json\/wp\/v2\/product\/7608\/revisions"}],"wp:featuredmedia":[{"embeddable":true,"href":"https:\/\/oraodoberman.com\/fr\/wp-json\/wp\/v2\/media\/3201"}],"wp:attachment":[{"href":"https:\/\/oraodoberman.com\/fr\/wp-json\/wp\/v2\/media?parent=7608"}],"wp:term":[{"taxonomy":"product_brand","embeddable":true,"href":"https:\/\/oraodoberman.com\/fr\/wp-json\/wp\/v2\/product_brand?post=7608"},{"taxonomy":"product_cat","embeddable":true,"href":"https:\/\/oraodoberman.com\/fr\/wp-json\/wp\/v2\/product_cat?post=7608"},{"taxonomy":"product_tag","embeddable":true,"href":"https:\/\/oraodoberman.com\/fr\/wp-json\/wp\/v2\/product_tag?post=7608"}],"curies":[{"name":"wp","href":"https:\/\/api.w.org\/{rel}","templated":true}]}}