{"id":7602,"date":"2025-08-24T20:55:55","date_gmt":"2025-08-24T20:55:55","guid":{"rendered":"https:\/\/oraodoberman.com\/?post_type=product&#038;p=7602"},"modified":"2025-08-24T20:59:30","modified_gmt":"2025-08-24T20:59:30","slug":"elementor-7602","status":"publish","type":"product","link":"https:\/\/oraodoberman.com\/fr\/chiens-dobermans\/doberman-a-vendre\/l-litter-doberman-a-vendre\/elementor-7602\/","title":{"rendered":"Loki di Orao"},"content":{"rendered":"\t\t<div data-elementor-type=\"product-post\" data-elementor-id=\"7602\" class=\"elementor elementor-7602\" data-elementor-post-type=\"product\">\n\t\t\t\t<div class=\"elementor-element elementor-element-40b7f52 e-flex e-con-boxed e-con e-parent\" data-id=\"40b7f52\" data-element_type=\"container\" data-e-type=\"container\">\n\t\t\t\t\t<div class=\"e-con-inner\">\n\t\t\t\t<div class=\"elementor-element elementor-element-dd58371 elementor-widget elementor-widget-gallery\" data-id=\"dd58371\" data-element_type=\"widget\" data-e-type=\"widget\" data-settings=\"{&quot;columns&quot;:3,&quot;aspect_ratio&quot;:&quot;9:16&quot;,&quot;lazyload&quot;:&quot;yes&quot;,&quot;gallery_layout&quot;:&quot;grid&quot;,&quot;columns_tablet&quot;:2,&quot;columns_mobile&quot;:1,&quot;gap&quot;:{&quot;unit&quot;:&quot;px&quot;,&quot;size&quot;:10,&quot;sizes&quot;:[]},&quot;gap_tablet&quot;:{&quot;unit&quot;:&quot;px&quot;,&quot;size&quot;:10,&quot;sizes&quot;:[]},&quot;gap_mobile&quot;:{&quot;unit&quot;:&quot;px&quot;,&quot;size&quot;:10,&quot;sizes&quot;:[]},&quot;link_to&quot;:&quot;file&quot;,&quot;overlay_background&quot;:&quot;yes&quot;,&quot;content_hover_animation&quot;:&quot;fade-in&quot;}\" data-widget_type=\"gallery.default\">\n\t\t\t\t<div class=\"elementor-widget-container\">\n\t\t\t\t\t\t\t<div class=\"elementor-gallery__container\">\n\t\t\t\t\t\t\t<a class=\"e-gallery-item elementor-gallery-item elementor-animated-content\" href=\"https:\/\/oraodoberman.com\/wp-content\/uploads\/2025\/03\/849e1af7-084d-4926-9aaa-d4cecf192644.jpg\" data-elementor-open-lightbox=\"yes\" data-elementor-lightbox-slideshow=\"dd58371\" data-elementor-lightbox-title=\"849e1af7-084d-4926-9aaa-d4cecf192644\" data-e-action-hash=\"#elementor-action%3Aaction%3Dlightbox%26settings%3DeyJpZCI6MzMwMywidXJsIjoiaHR0cHM6XC9cL29yYW9kb2Jlcm1hbi5jb21cL3dwLWNvbnRlbnRcL3VwbG9hZHNcLzIwMjVcLzAzXC84NDllMWFmNy0wODRkLTQ5MjYtOWFhYS1kNGNlY2YxOTI2NDQuanBnIiwic2xpZGVzaG93IjoiZGQ1ODM3MSJ9\">\n\t\t\t\t\t<div class=\"e-gallery-image elementor-gallery-item__image\" data-thumbnail=\"https:\/\/oraodoberman.com\/wp-content\/uploads\/2025\/03\/849e1af7-084d-4926-9aaa-d4cecf192644-684x1024.jpg\" data-width=\"684\" data-height=\"1024\" aria-label=\"\" role=\"img\" ><\/div>\n\t\t\t\t\t\t\t\t\t\t\t<div class=\"elementor-gallery-item__overlay\"><\/div>\n\t\t\t\t\t\t\t\t\t\t\t\t\t\t<\/a>\n\t\t\t\t\t\t\t<a class=\"e-gallery-item elementor-gallery-item elementor-animated-content\" href=\"https:\/\/oraodoberman.com\/wp-content\/uploads\/2025\/03\/670a9477-33a7-4d4c-b103-35370d0b14a2.jpg\" data-elementor-open-lightbox=\"yes\" data-elementor-lightbox-slideshow=\"dd58371\" data-elementor-lightbox-title=\"670a9477-33a7-4d4c-b103-35370d0b14a2\" data-e-action-hash=\"#elementor-action%3Aaction%3Dlightbox%26settings%3DeyJpZCI6MzMwOSwidXJsIjoiaHR0cHM6XC9cL29yYW9kb2Jlcm1hbi5jb21cL3dwLWNvbnRlbnRcL3VwbG9hZHNcLzIwMjVcLzAzXC82NzBhOTQ3Ny0zM2E3LTRkNGMtYjEwMy0zNTM3MGQwYjE0YTIuanBnIiwic2xpZGVzaG93IjoiZGQ1ODM3MSJ9\">\n\t\t\t\t\t<div class=\"e-gallery-image elementor-gallery-item__image\" data-thumbnail=\"https:\/\/oraodoberman.com\/wp-content\/uploads\/2025\/03\/670a9477-33a7-4d4c-b103-35370d0b14a2-684x1024.jpg\" data-width=\"684\" data-height=\"1024\" aria-label=\"\" role=\"img\" ><\/div>\n\t\t\t\t\t\t\t\t\t\t\t<div class=\"elementor-gallery-item__overlay\"><\/div>\n\t\t\t\t\t\t\t\t\t\t\t\t\t\t<\/a>\n\t\t\t\t\t\t\t<a class=\"e-gallery-item elementor-gallery-item elementor-animated-content\" href=\"https:\/\/oraodoberman.com\/wp-content\/uploads\/2025\/03\/ab149b08-fd60-41af-be39-7d732f28a030.jpg\" data-elementor-open-lightbox=\"yes\" data-elementor-lightbox-slideshow=\"dd58371\" data-elementor-lightbox-title=\"ab149b08-fd60-41af-be39-7d732f28a030\" data-e-action-hash=\"#elementor-action%3Aaction%3Dlightbox%26settings%3DeyJpZCI6MzMxNSwidXJsIjoiaHR0cHM6XC9cL29yYW9kb2Jlcm1hbi5jb21cL3dwLWNvbnRlbnRcL3VwbG9hZHNcLzIwMjVcLzAzXC9hYjE0OWIwOC1mZDYwLTQxYWYtYmUzOS03ZDczMmYyOGEwMzAuanBnIiwic2xpZGVzaG93IjoiZGQ1ODM3MSJ9\">\n\t\t\t\t\t<div class=\"e-gallery-image elementor-gallery-item__image\" data-thumbnail=\"https:\/\/oraodoberman.com\/wp-content\/uploads\/2025\/03\/ab149b08-fd60-41af-be39-7d732f28a030-1024x684.jpg\" data-width=\"800\" data-height=\"534\" aria-label=\"\" role=\"img\" ><\/div>\n\t\t\t\t\t\t\t\t\t\t\t<div class=\"elementor-gallery-item__overlay\"><\/div>\n\t\t\t\t\t\t\t\t\t\t\t\t\t\t<\/a>\n\t\t\t\t\t<\/div>\n\t\t\t\t\t<\/div>\n\t\t\t\t<\/div>\n\t\t\t\t<div class=\"elementor-element elementor-element-7c97b06 elementor-widget elementor-widget-text-editor\" data-id=\"7c97b06\" data-element_type=\"widget\" data-e-type=\"widget\" data-widget_type=\"text-editor.default\">\n\t\t\t\t<div class=\"elementor-widget-container\">\n\t\t\t\t\t\t\t\t\t<p class=\"whitespace-normal break-words\"><strong>Doberman m\u00e2le noir \u2013 tr\u00e9sor noir pour votre famille !<\/strong><\/p><p class=\"whitespace-normal break-words\"><strong>Ce merveilleux Doberman m\u00e2le noir est un vrai bonheur noir sur quatre pattes !<\/strong><\/p><p class=\"whitespace-normal break-words\"><strong>Son temp\u00e9rament est comme cr\u00e9\u00e9 pour la vie avec les enfants \u2013 joueur, doux et infiniment attentif.<\/strong><\/p><p class=\"whitespace-normal break-words\"><strong>Sa beaut\u00e9 noire s&rsquo;accompagne d&rsquo;une socialisation exceptionnelle envers tous les animaux de la maison. La couleur noire donne \u00e0 ce chiot Doberman une \u00e9l\u00e9gance qui se refl\u00e8te aussi dans son caract\u00e8re. Un petit diplomate qui trouve facilement un terrain d&rsquo;entente avec tout le monde.<\/strong><\/p><p class=\"whitespace-normal break-words\"><strong>Ce joyau noir apportera l&rsquo;harmonie \u00e0 votre foyer et deviendra le meilleur ami de chaque membre de la famille, y compris les autres animaux de compagnie !<\/strong><\/p><p class=\"whitespace-normal break-words\">P\u00e8re de la port\u00e9e : <a href=\"https:\/\/doberbase.ru\/index.php?a=dog&amp;id=241449&amp;name=Ghost+Gamon+v.+Ashanti\" target=\"_blank\" rel=\"noopener\"><em><strong>Ghost Gamon von Ashanti<\/strong><\/em><\/a><\/p><p class=\"whitespace-normal break-words\">M\u00e8re de la port\u00e9e : <a href=\"https:\/\/oraodoberman.com\/psi-dobermani\/nasi-dobermani\/vivat-de-vinko-metida\/\"><em><strong>Vivat de Vinko Metida<\/strong><\/em><\/a><\/p>\t\t\t\t\t\t\t\t<\/div>\n\t\t\t\t<\/div>\n\t\t\t\t\t<\/div>\n\t\t\t\t<\/div>\n\t\t\t\t<\/div>\n\t\t","protected":false},"excerpt":{"rendered":"<p>Doberman m\u00e2le noir \u2013 tr\u00e9sor noir pour votre famille ! Ce merveilleux Doberman m\u00e2le noir est un vrai bonheur noir sur quatre pattes ! Son temp\u00e9rament est comme cr\u00e9\u00e9 pour la vie avec les enfants \u2013 joueur, doux et infiniment attentif. Sa beaut\u00e9 noire s&rsquo;accompagne d&rsquo;une socialisation exceptionnelle envers tous les animaux de la maison. [&hellip;]<\/p>\n","protected":false},"featured_media":3303,"comment_status":"open","ping_status":"closed","template":"","meta":[],"product_brand":[],"product_cat":[142,103],"product_tag":[],"class_list":{"0":"post-7602","1":"product","2":"type-product","3":"status-publish","4":"has-post-thumbnail","6":"product_cat-l-litter-doberman-a-vendre","7":"product_cat-doberman-a-vendre","9":"first","10":"instock","11":"shipping-taxable","12":"product-type-simple"},"_links":{"self":[{"href":"https:\/\/oraodoberman.com\/fr\/wp-json\/wp\/v2\/product\/7602","targetHints":{"allow":["GET"]}}],"collection":[{"href":"https:\/\/oraodoberman.com\/fr\/wp-json\/wp\/v2\/product"}],"about":[{"href":"https:\/\/oraodoberman.com\/fr\/wp-json\/wp\/v2\/types\/product"}],"replies":[{"embeddable":true,"href":"https:\/\/oraodoberman.com\/fr\/wp-json\/wp\/v2\/comments?post=7602"}],"version-history":[{"count":0,"href":"https:\/\/oraodoberman.com\/fr\/wp-json\/wp\/v2\/product\/7602\/revisions"}],"wp:featuredmedia":[{"embeddable":true,"href":"https:\/\/oraodoberman.com\/fr\/wp-json\/wp\/v2\/media\/3303"}],"wp:attachment":[{"href":"https:\/\/oraodoberman.com\/fr\/wp-json\/wp\/v2\/media?parent=7602"}],"wp:term":[{"taxonomy":"product_brand","embeddable":true,"href":"https:\/\/oraodoberman.com\/fr\/wp-json\/wp\/v2\/product_brand?post=7602"},{"taxonomy":"product_cat","embeddable":true,"href":"https:\/\/oraodoberman.com\/fr\/wp-json\/wp\/v2\/product_cat?post=7602"},{"taxonomy":"product_tag","embeddable":true,"href":"https:\/\/oraodoberman.com\/fr\/wp-json\/wp\/v2\/product_tag?post=7602"}],"curies":[{"name":"wp","href":"https:\/\/api.w.org\/{rel}","templated":true}]}}