{"id":7593,"date":"2025-08-24T20:49:13","date_gmt":"2025-08-24T20:49:13","guid":{"rendered":"https:\/\/oraodoberman.com\/?post_type=product&#038;p=7593"},"modified":"2025-08-24T21:01:22","modified_gmt":"2025-08-24T21:01:22","slug":"elementor-7593","status":"publish","type":"product","link":"https:\/\/oraodoberman.com\/fr\/chiens-dobermans\/doberman-a-vendre\/elementor-7593\/","title":{"rendered":"Lautrec Toulouse di Orao"},"content":{"rendered":"\t\t<div data-elementor-type=\"product-post\" data-elementor-id=\"7593\" class=\"elementor elementor-7593\" data-elementor-post-type=\"product\">\n\t\t\t\t<div class=\"elementor-element elementor-element-e76e577 e-flex e-con-boxed e-con e-parent\" data-id=\"e76e577\" data-element_type=\"container\" data-e-type=\"container\">\n\t\t\t\t\t<div class=\"e-con-inner\">\n\t\t\t\t<div class=\"elementor-element elementor-element-03a5408 elementor-widget elementor-widget-gallery\" data-id=\"03a5408\" data-element_type=\"widget\" data-e-type=\"widget\" data-settings=\"{&quot;columns&quot;:2,&quot;aspect_ratio&quot;:&quot;9:16&quot;,&quot;lazyload&quot;:&quot;yes&quot;,&quot;gallery_layout&quot;:&quot;grid&quot;,&quot;columns_tablet&quot;:2,&quot;columns_mobile&quot;:1,&quot;gap&quot;:{&quot;unit&quot;:&quot;px&quot;,&quot;size&quot;:10,&quot;sizes&quot;:[]},&quot;gap_tablet&quot;:{&quot;unit&quot;:&quot;px&quot;,&quot;size&quot;:10,&quot;sizes&quot;:[]},&quot;gap_mobile&quot;:{&quot;unit&quot;:&quot;px&quot;,&quot;size&quot;:10,&quot;sizes&quot;:[]},&quot;link_to&quot;:&quot;file&quot;,&quot;overlay_background&quot;:&quot;yes&quot;,&quot;content_hover_animation&quot;:&quot;fade-in&quot;}\" data-widget_type=\"gallery.default\">\n\t\t\t\t<div class=\"elementor-widget-container\">\n\t\t\t\t\t\t\t<div class=\"elementor-gallery__container\">\n\t\t\t\t\t\t\t<a class=\"e-gallery-item elementor-gallery-item elementor-animated-content\" href=\"https:\/\/oraodoberman.com\/wp-content\/uploads\/2025\/03\/cad35175-f422-4228-ab57-c27fa3b0575c.jpg\" data-elementor-open-lightbox=\"yes\" data-elementor-lightbox-slideshow=\"03a5408\" data-elementor-lightbox-title=\"cad35175-f422-4228-ab57-c27fa3b0575c\" data-e-action-hash=\"#elementor-action%3Aaction%3Dlightbox%26settings%3DeyJpZCI6MzI0MywidXJsIjoiaHR0cHM6XC9cL29yYW9kb2Jlcm1hbi5jb21cL3dwLWNvbnRlbnRcL3VwbG9hZHNcLzIwMjVcLzAzXC9jYWQzNTE3NS1mNDIyLTQyMjgtYWI1Ny1jMjdmYTNiMDU3NWMuanBnIiwic2xpZGVzaG93IjoiMDNhNTQwOCJ9\">\n\t\t\t\t\t<div class=\"e-gallery-image elementor-gallery-item__image\" data-thumbnail=\"https:\/\/oraodoberman.com\/wp-content\/uploads\/2025\/03\/cad35175-f422-4228-ab57-c27fa3b0575c-684x1024.jpg\" data-width=\"684\" data-height=\"1024\" aria-label=\"\" role=\"img\" ><\/div>\n\t\t\t\t\t\t\t\t\t\t\t<div class=\"elementor-gallery-item__overlay\"><\/div>\n\t\t\t\t\t\t\t\t\t\t\t\t\t\t<\/a>\n\t\t\t\t\t\t\t<a class=\"e-gallery-item elementor-gallery-item elementor-animated-content\" href=\"https:\/\/oraodoberman.com\/wp-content\/uploads\/2025\/03\/b0c53883-b3ca-4cc5-9e32-76cc44fb0c0b.jpg\" data-elementor-open-lightbox=\"yes\" data-elementor-lightbox-slideshow=\"03a5408\" data-elementor-lightbox-title=\"b0c53883-b3ca-4cc5-9e32-76cc44fb0c0b\" data-e-action-hash=\"#elementor-action%3Aaction%3Dlightbox%26settings%3DeyJpZCI6MzI0OSwidXJsIjoiaHR0cHM6XC9cL29yYW9kb2Jlcm1hbi5jb21cL3dwLWNvbnRlbnRcL3VwbG9hZHNcLzIwMjVcLzAzXC9iMGM1Mzg4My1iM2NhLTRjYzUtOWUzMi03NmNjNDRmYjBjMGIuanBnIiwic2xpZGVzaG93IjoiMDNhNTQwOCJ9\">\n\t\t\t\t\t<div class=\"e-gallery-image elementor-gallery-item__image\" data-thumbnail=\"https:\/\/oraodoberman.com\/wp-content\/uploads\/2025\/03\/b0c53883-b3ca-4cc5-9e32-76cc44fb0c0b-684x1024.jpg\" data-width=\"684\" data-height=\"1024\" aria-label=\"\" role=\"img\" ><\/div>\n\t\t\t\t\t\t\t\t\t\t\t<div class=\"elementor-gallery-item__overlay\"><\/div>\n\t\t\t\t\t\t\t\t\t\t\t\t\t\t<\/a>\n\t\t\t\t\t\t\t<a class=\"e-gallery-item elementor-gallery-item elementor-animated-content\" href=\"https:\/\/oraodoberman.com\/wp-content\/uploads\/2025\/03\/cd591a59-90d7-49c4-b362-a4aa712b8c52.jpg\" data-elementor-open-lightbox=\"yes\" data-elementor-lightbox-slideshow=\"03a5408\" data-elementor-lightbox-title=\"cd591a59-90d7-49c4-b362-a4aa712b8c52\" data-e-action-hash=\"#elementor-action%3Aaction%3Dlightbox%26settings%3DeyJpZCI6MzI2MSwidXJsIjoiaHR0cHM6XC9cL29yYW9kb2Jlcm1hbi5jb21cL3dwLWNvbnRlbnRcL3VwbG9hZHNcLzIwMjVcLzAzXC9jZDU5MWE1OS05MGQ3LTQ5YzQtYjM2Mi1hNGFhNzEyYjhjNTIuanBnIiwic2xpZGVzaG93IjoiMDNhNTQwOCJ9\">\n\t\t\t\t\t<div class=\"e-gallery-image elementor-gallery-item__image\" data-thumbnail=\"https:\/\/oraodoberman.com\/wp-content\/uploads\/2025\/03\/cd591a59-90d7-49c4-b362-a4aa712b8c52-684x1024.jpg\" data-width=\"684\" data-height=\"1024\" aria-label=\"\" role=\"img\" ><\/div>\n\t\t\t\t\t\t\t\t\t\t\t<div class=\"elementor-gallery-item__overlay\"><\/div>\n\t\t\t\t\t\t\t\t\t\t\t\t\t\t<\/a>\n\t\t\t\t\t\t\t<a class=\"e-gallery-item elementor-gallery-item elementor-animated-content\" href=\"https:\/\/oraodoberman.com\/wp-content\/uploads\/2025\/03\/37bf9612-d4ea-4292-989b-8b6ce41eb947.jpg\" data-elementor-open-lightbox=\"yes\" data-elementor-lightbox-slideshow=\"03a5408\" data-elementor-lightbox-title=\"37bf9612-d4ea-4292-989b-8b6ce41eb947\" data-e-action-hash=\"#elementor-action%3Aaction%3Dlightbox%26settings%3DeyJpZCI6MzI1NSwidXJsIjoiaHR0cHM6XC9cL29yYW9kb2Jlcm1hbi5jb21cL3dwLWNvbnRlbnRcL3VwbG9hZHNcLzIwMjVcLzAzXC8zN2JmOTYxMi1kNGVhLTQyOTItOTg5Yi04YjZjZTQxZWI5NDcuanBnIiwic2xpZGVzaG93IjoiMDNhNTQwOCJ9\">\n\t\t\t\t\t<div class=\"e-gallery-image elementor-gallery-item__image\" data-thumbnail=\"https:\/\/oraodoberman.com\/wp-content\/uploads\/2025\/03\/37bf9612-d4ea-4292-989b-8b6ce41eb947-684x1024.jpg\" data-width=\"684\" data-height=\"1024\" aria-label=\"\" role=\"img\" ><\/div>\n\t\t\t\t\t\t\t\t\t\t\t<div class=\"elementor-gallery-item__overlay\"><\/div>\n\t\t\t\t\t\t\t\t\t\t\t\t\t\t<\/a>\n\t\t\t\t\t\t\t<a class=\"e-gallery-item elementor-gallery-item elementor-animated-content\" href=\"https:\/\/oraodoberman.com\/wp-content\/uploads\/2025\/03\/f2b776bf-7066-42ce-94e7-10132d5916a8.jpg\" data-elementor-open-lightbox=\"yes\" data-elementor-lightbox-slideshow=\"03a5408\" data-elementor-lightbox-title=\"f2b776bf-7066-42ce-94e7-10132d5916a8\" data-e-action-hash=\"#elementor-action%3Aaction%3Dlightbox%26settings%3DeyJpZCI6MzIzNywidXJsIjoiaHR0cHM6XC9cL29yYW9kb2Jlcm1hbi5jb21cL3dwLWNvbnRlbnRcL3VwbG9hZHNcLzIwMjVcLzAzXC9mMmI3NzZiZi03MDY2LTQyY2UtOTRlNy0xMDEzMmQ1OTE2YTguanBnIiwic2xpZGVzaG93IjoiMDNhNTQwOCJ9\">\n\t\t\t\t\t<div class=\"e-gallery-image elementor-gallery-item__image\" data-thumbnail=\"https:\/\/oraodoberman.com\/wp-content\/uploads\/2025\/03\/f2b776bf-7066-42ce-94e7-10132d5916a8-1024x684.jpg\" data-width=\"800\" data-height=\"534\" aria-label=\"\" role=\"img\" ><\/div>\n\t\t\t\t\t\t\t\t\t\t\t<div class=\"elementor-gallery-item__overlay\"><\/div>\n\t\t\t\t\t\t\t\t\t\t\t\t\t\t<\/a>\n\t\t\t\t\t<\/div>\n\t\t\t\t\t<\/div>\n\t\t\t\t<\/div>\n\t\t\t\t<div class=\"elementor-element elementor-element-ddfee53 elementor-widget elementor-widget-text-editor\" data-id=\"ddfee53\" data-element_type=\"widget\" data-e-type=\"widget\" data-widget_type=\"text-editor.default\">\n\t\t\t\t<div class=\"elementor-widget-container\">\n\t\t\t\t\t\t\t\t\t<p class=\"whitespace-normal break-words\"><strong>Rencontrez ce petit charmeur de chocolat !<\/strong><\/p><p class=\"whitespace-normal break-words\">\u00c0 45 jours, ce Doberman m\u00e2le brun rayonne d\u00e9j\u00e0 d&rsquo;un charme sp\u00e9cial qui captive au premier regard !<\/p><p class=\"whitespace-normal break-words\">Sa beaut\u00e9 bronze n&rsquo;est qu&rsquo;une introduction \u00e0 un caract\u00e8re plein d&rsquo;affection et de tendresse. Un petit gentleman qui adore la compagnie humaine et est toujours pr\u00eat pour les c\u00e2lins. Il montre d\u00e9j\u00e0 cette combinaison unique du Doberman d&rsquo;\u00e9l\u00e9gance et de chaleur du c\u0153ur. Son affection naturelle le rend id\u00e9al pour les familles cherchant un compagnon loyal et d\u00e9vou\u00e9. Ce petit prince bronze attend avec impatience de rendre votre foyer plus chaleureux et plus heureux. Ne manquez pas l&rsquo;opportunit\u00e9 de le rencontrer !<\/p><p class=\"whitespace-normal break-words\">P\u00e8re de la port\u00e9e : <strong><em><span style=\"text-decoration: underline;\"><a href=\"https:\/\/doberbase.ru\/index.php?a=dog&amp;id=241449&amp;name=Ghost+Gamon+v.+Ashanti\" target=\"_blank\" rel=\"noopener\">Ghost Gamon von Ashanti<\/a><\/span><\/em><\/strong><\/p><p class=\"whitespace-normal break-words\">M\u00e8re de la port\u00e9e : <a href=\"https:\/\/oraodoberman.com\/psi-dobermani\/nasi-dobermani\/vivat-de-vinko-metida\/\"><em><strong>Vivat de Vinko Metida<\/strong><\/em><\/a><\/p>\t\t\t\t\t\t\t\t<\/div>\n\t\t\t\t<\/div>\n\t\t\t\t\t<\/div>\n\t\t\t\t<\/div>\n\t\t\t\t<\/div>\n\t\t","protected":false},"excerpt":{"rendered":"<p>Rencontrez ce petit charmeur de chocolat ! \u00c0 45 jours, ce Doberman m\u00e2le brun rayonne d\u00e9j\u00e0 d&rsquo;un charme sp\u00e9cial qui captive au premier regard ! Sa beaut\u00e9 bronze n&rsquo;est qu&rsquo;une introduction \u00e0 un caract\u00e8re plein d&rsquo;affection et de tendresse. Un petit gentleman qui adore la compagnie humaine et est toujours pr\u00eat pour les c\u00e2lins. Il [&hellip;]<\/p>\n","protected":false},"featured_media":3249,"comment_status":"open","ping_status":"closed","template":"","meta":[],"product_brand":[],"product_cat":[103,142],"product_tag":[],"class_list":{"0":"post-7593","1":"product","2":"type-product","3":"status-publish","4":"has-post-thumbnail","6":"product_cat-doberman-a-vendre","7":"product_cat-l-litter-doberman-a-vendre","9":"first","10":"instock","11":"shipping-taxable","12":"product-type-simple"},"_links":{"self":[{"href":"https:\/\/oraodoberman.com\/fr\/wp-json\/wp\/v2\/product\/7593","targetHints":{"allow":["GET"]}}],"collection":[{"href":"https:\/\/oraodoberman.com\/fr\/wp-json\/wp\/v2\/product"}],"about":[{"href":"https:\/\/oraodoberman.com\/fr\/wp-json\/wp\/v2\/types\/product"}],"replies":[{"embeddable":true,"href":"https:\/\/oraodoberman.com\/fr\/wp-json\/wp\/v2\/comments?post=7593"}],"version-history":[{"count":0,"href":"https:\/\/oraodoberman.com\/fr\/wp-json\/wp\/v2\/product\/7593\/revisions"}],"wp:featuredmedia":[{"embeddable":true,"href":"https:\/\/oraodoberman.com\/fr\/wp-json\/wp\/v2\/media\/3249"}],"wp:attachment":[{"href":"https:\/\/oraodoberman.com\/fr\/wp-json\/wp\/v2\/media?parent=7593"}],"wp:term":[{"taxonomy":"product_brand","embeddable":true,"href":"https:\/\/oraodoberman.com\/fr\/wp-json\/wp\/v2\/product_brand?post=7593"},{"taxonomy":"product_cat","embeddable":true,"href":"https:\/\/oraodoberman.com\/fr\/wp-json\/wp\/v2\/product_cat?post=7593"},{"taxonomy":"product_tag","embeddable":true,"href":"https:\/\/oraodoberman.com\/fr\/wp-json\/wp\/v2\/product_tag?post=7593"}],"curies":[{"name":"wp","href":"https:\/\/api.w.org\/{rel}","templated":true}]}}