{"id":7537,"date":"2025-08-17T22:09:41","date_gmt":"2025-08-17T22:09:41","guid":{"rendered":"https:\/\/oraodoberman.com\/?post_type=product&#038;p=7537"},"modified":"2025-08-17T22:12:13","modified_gmt":"2025-08-17T22:12:13","slug":"jurry-di-orao","status":"publish","type":"product","link":"https:\/\/oraodoberman.com\/fr\/chiens-dobermans\/doberman-a-vendre\/jurry-di-orao\/","title":{"rendered":"Jurry di Orao"},"content":{"rendered":"\t\t<div data-elementor-type=\"product-post\" data-elementor-id=\"7537\" class=\"elementor elementor-7537\" data-elementor-post-type=\"product\">\n\t\t\t\t<div class=\"elementor-element elementor-element-68aea2c e-flex e-con-boxed e-con e-parent\" data-id=\"68aea2c\" data-element_type=\"container\" data-e-type=\"container\">\n\t\t\t\t\t<div class=\"e-con-inner\">\n\t\t\t\t<div class=\"elementor-element elementor-element-9450ad5 elementor-widget elementor-widget-gallery\" data-id=\"9450ad5\" data-element_type=\"widget\" data-e-type=\"widget\" data-settings=\"{&quot;columns&quot;:2,&quot;aspect_ratio&quot;:&quot;9:16&quot;,&quot;lazyload&quot;:&quot;yes&quot;,&quot;gallery_layout&quot;:&quot;grid&quot;,&quot;columns_tablet&quot;:2,&quot;columns_mobile&quot;:1,&quot;gap&quot;:{&quot;unit&quot;:&quot;px&quot;,&quot;size&quot;:10,&quot;sizes&quot;:[]},&quot;gap_tablet&quot;:{&quot;unit&quot;:&quot;px&quot;,&quot;size&quot;:10,&quot;sizes&quot;:[]},&quot;gap_mobile&quot;:{&quot;unit&quot;:&quot;px&quot;,&quot;size&quot;:10,&quot;sizes&quot;:[]},&quot;link_to&quot;:&quot;file&quot;,&quot;overlay_background&quot;:&quot;yes&quot;,&quot;content_hover_animation&quot;:&quot;fade-in&quot;}\" data-widget_type=\"gallery.default\">\n\t\t\t\t<div class=\"elementor-widget-container\">\n\t\t\t\t\t\t\t<div class=\"elementor-gallery__container\">\n\t\t\t\t\t\t\t<a class=\"e-gallery-item elementor-gallery-item elementor-animated-content\" href=\"https:\/\/oraodoberman.com\/wp-content\/uploads\/2025\/03\/DSC_5425.jpg\" data-elementor-open-lightbox=\"yes\" data-elementor-lightbox-slideshow=\"9450ad5\" data-elementor-lightbox-title=\"DSC_5425\" data-e-action-hash=\"#elementor-action%3Aaction%3Dlightbox%26settings%3DeyJpZCI6MjM2OCwidXJsIjoiaHR0cHM6XC9cL29yYW9kb2Jlcm1hbi5jb21cL3dwLWNvbnRlbnRcL3VwbG9hZHNcLzIwMjVcLzAzXC9EU0NfNTQyNS5qcGciLCJzbGlkZXNob3ciOiI5NDUwYWQ1In0%3D\">\n\t\t\t\t\t<div class=\"e-gallery-image elementor-gallery-item__image\" data-thumbnail=\"https:\/\/oraodoberman.com\/wp-content\/uploads\/2025\/03\/DSC_5425-684x1024.jpg\" data-width=\"684\" data-height=\"1024\" aria-label=\"\" role=\"img\" ><\/div>\n\t\t\t\t\t\t\t\t\t\t\t<div class=\"elementor-gallery-item__overlay\"><\/div>\n\t\t\t\t\t\t\t\t\t\t\t\t\t\t<\/a>\n\t\t\t\t\t\t\t<a class=\"e-gallery-item elementor-gallery-item elementor-animated-content\" href=\"https:\/\/oraodoberman.com\/wp-content\/uploads\/2025\/03\/DSC_5415.jpg\" data-elementor-open-lightbox=\"yes\" data-elementor-lightbox-slideshow=\"9450ad5\" data-elementor-lightbox-title=\"DSC_5415\" data-e-action-hash=\"#elementor-action%3Aaction%3Dlightbox%26settings%3DeyJpZCI6MjQyNCwidXJsIjoiaHR0cHM6XC9cL29yYW9kb2Jlcm1hbi5jb21cL3dwLWNvbnRlbnRcL3VwbG9hZHNcLzIwMjVcLzAzXC9EU0NfNTQxNS5qcGciLCJzbGlkZXNob3ciOiI5NDUwYWQ1In0%3D\">\n\t\t\t\t\t<div class=\"e-gallery-image elementor-gallery-item__image\" data-thumbnail=\"https:\/\/oraodoberman.com\/wp-content\/uploads\/2025\/03\/DSC_5415-684x1024.jpg\" data-width=\"684\" data-height=\"1024\" aria-label=\"\" role=\"img\" ><\/div>\n\t\t\t\t\t\t\t\t\t\t\t<div class=\"elementor-gallery-item__overlay\"><\/div>\n\t\t\t\t\t\t\t\t\t\t\t\t\t\t<\/a>\n\t\t\t\t\t\t\t<a class=\"e-gallery-item elementor-gallery-item elementor-animated-content\" href=\"https:\/\/oraodoberman.com\/wp-content\/uploads\/2025\/03\/DSC_5419.jpg\" data-elementor-open-lightbox=\"yes\" data-elementor-lightbox-slideshow=\"9450ad5\" data-elementor-lightbox-title=\"DSC_5419\" data-e-action-hash=\"#elementor-action%3Aaction%3Dlightbox%26settings%3DeyJpZCI6MjM3MiwidXJsIjoiaHR0cHM6XC9cL29yYW9kb2Jlcm1hbi5jb21cL3dwLWNvbnRlbnRcL3VwbG9hZHNcLzIwMjVcLzAzXC9EU0NfNTQxOS5qcGciLCJzbGlkZXNob3ciOiI5NDUwYWQ1In0%3D\">\n\t\t\t\t\t<div class=\"e-gallery-image elementor-gallery-item__image\" data-thumbnail=\"https:\/\/oraodoberman.com\/wp-content\/uploads\/2025\/03\/DSC_5419-684x1024.jpg\" data-width=\"684\" data-height=\"1024\" aria-label=\"\" role=\"img\" ><\/div>\n\t\t\t\t\t\t\t\t\t\t\t<div class=\"elementor-gallery-item__overlay\"><\/div>\n\t\t\t\t\t\t\t\t\t\t\t\t\t\t<\/a>\n\t\t\t\t\t\t\t<a class=\"e-gallery-item elementor-gallery-item elementor-animated-content\" href=\"https:\/\/oraodoberman.com\/wp-content\/uploads\/2025\/03\/DSC_5439.jpg\" data-elementor-open-lightbox=\"yes\" data-elementor-lightbox-slideshow=\"9450ad5\" data-elementor-lightbox-title=\"DSC_5439\" data-e-action-hash=\"#elementor-action%3Aaction%3Dlightbox%26settings%3DeyJpZCI6MjM2NCwidXJsIjoiaHR0cHM6XC9cL29yYW9kb2Jlcm1hbi5jb21cL3dwLWNvbnRlbnRcL3VwbG9hZHNcLzIwMjVcLzAzXC9EU0NfNTQzOS5qcGciLCJzbGlkZXNob3ciOiI5NDUwYWQ1In0%3D\">\n\t\t\t\t\t<div class=\"e-gallery-image elementor-gallery-item__image\" data-thumbnail=\"https:\/\/oraodoberman.com\/wp-content\/uploads\/2025\/03\/DSC_5439-1024x684.jpg\" data-width=\"800\" data-height=\"534\" aria-label=\"\" role=\"img\" ><\/div>\n\t\t\t\t\t\t\t\t\t\t\t<div class=\"elementor-gallery-item__overlay\"><\/div>\n\t\t\t\t\t\t\t\t\t\t\t\t\t\t<\/a>\n\t\t\t\t\t<\/div>\n\t\t\t\t\t<\/div>\n\t\t\t\t<\/div>\n\t\t\t\t<div class=\"elementor-element elementor-element-a2b589f elementor-widget elementor-widget-text-editor\" data-id=\"a2b589f\" data-element_type=\"widget\" data-e-type=\"widget\" data-widget_type=\"text-editor.default\">\n\t\t\t\t<div class=\"elementor-widget-container\">\n\t\t\t\t\t\t\t\t\t<p class=\"whitespace-normal break-words\"><em><strong>Chiot Doberman m\u00e2le noir \u2013 pedigree exceptionnel !<\/strong><\/em><\/p><p class=\"whitespace-normal break-words\">Ce chiot Doberman m\u00e2le noir provient d&rsquo;un pedigree exceptionnel qui garantit une qualit\u00e9 sup\u00e9rieure ! Sa beaut\u00e9 est \u00e9vidente m\u00eame en ces premiers jours \u2013 proportions parfaites et couleur noire profonde qui coupe le souffle. Son caract\u00e8re est aussi impressionnant que sa lign\u00e9e \u2013 \u00e9quilibr\u00e9, intelligent et plein de charme. Le pedigree se refl\u00e8te dans chaque mouvement de ce petit aristocrate. Un investissement dans la qualit\u00e9 qui vous apportera des ann\u00e9es de fiert\u00e9 et de joie.<\/p><p class=\"whitespace-normal break-words\">R\u00e9serv\u00e9 pour ceux qui reconnaissent la valeur d&rsquo;une lign\u00e9e exceptionnelle et d&rsquo;un caract\u00e8re inestimable !<\/p><p class=\"whitespace-normal break-words\">P\u00e8re de la port\u00e9e : <a href=\"https:\/\/doberbase.ru\/index.php?a=dog&amp;id=282888&amp;name=Obelix+Della+Fedelissimi\" target=\"_blank\" rel=\"noopener\"><em><strong>Obelix della Fedelissimi<\/strong><\/em><\/a> M\u00e8re de la port\u00e9e : <a href=\"https:\/\/oraodoberman.com\/es\/perros-doberman\/nuestros-doberman\/la-traviata-tara-di-orao\/\"><em><strong>Traviata Tara di Orao<\/strong><\/em><\/a><\/p>\t\t\t\t\t\t\t\t<\/div>\n\t\t\t\t<\/div>\n\t\t\t\t\t<\/div>\n\t\t\t\t<\/div>\n\t\t\t\t<\/div>\n\t\t","protected":false},"excerpt":{"rendered":"<p>Chiot Doberman m\u00e2le noir \u2013 pedigree exceptionnel ! Ce chiot Doberman m\u00e2le noir provient d&rsquo;un pedigree exceptionnel qui garantit une qualit\u00e9 sup\u00e9rieure ! Sa beaut\u00e9 est \u00e9vidente m\u00eame en ces premiers jours \u2013 proportions parfaites et couleur noire profonde qui coupe le souffle. Son caract\u00e8re est aussi impressionnant que sa lign\u00e9e \u2013 \u00e9quilibr\u00e9, intelligent et [&hellip;]<\/p>\n","protected":false},"featured_media":2368,"comment_status":"open","ping_status":"closed","template":"","meta":[],"product_brand":[],"product_cat":[103,138],"product_tag":[],"class_list":{"0":"post-7537","1":"product","2":"type-product","3":"status-publish","4":"has-post-thumbnail","6":"product_cat-doberman-a-vendre","7":"product_cat-j-litter-doberman-a-vendre","9":"first","10":"instock","11":"shipping-taxable","12":"product-type-simple"},"_links":{"self":[{"href":"https:\/\/oraodoberman.com\/fr\/wp-json\/wp\/v2\/product\/7537","targetHints":{"allow":["GET"]}}],"collection":[{"href":"https:\/\/oraodoberman.com\/fr\/wp-json\/wp\/v2\/product"}],"about":[{"href":"https:\/\/oraodoberman.com\/fr\/wp-json\/wp\/v2\/types\/product"}],"replies":[{"embeddable":true,"href":"https:\/\/oraodoberman.com\/fr\/wp-json\/wp\/v2\/comments?post=7537"}],"version-history":[{"count":0,"href":"https:\/\/oraodoberman.com\/fr\/wp-json\/wp\/v2\/product\/7537\/revisions"}],"wp:featuredmedia":[{"embeddable":true,"href":"https:\/\/oraodoberman.com\/fr\/wp-json\/wp\/v2\/media\/2368"}],"wp:attachment":[{"href":"https:\/\/oraodoberman.com\/fr\/wp-json\/wp\/v2\/media?parent=7537"}],"wp:term":[{"taxonomy":"product_brand","embeddable":true,"href":"https:\/\/oraodoberman.com\/fr\/wp-json\/wp\/v2\/product_brand?post=7537"},{"taxonomy":"product_cat","embeddable":true,"href":"https:\/\/oraodoberman.com\/fr\/wp-json\/wp\/v2\/product_cat?post=7537"},{"taxonomy":"product_tag","embeddable":true,"href":"https:\/\/oraodoberman.com\/fr\/wp-json\/wp\/v2\/product_tag?post=7537"}],"curies":[{"name":"wp","href":"https:\/\/api.w.org\/{rel}","templated":true}]}}