{"id":7532,"date":"2025-08-17T22:02:52","date_gmt":"2025-08-17T22:02:52","guid":{"rendered":"https:\/\/oraodoberman.com\/?post_type=product&#038;p=7532"},"modified":"2025-08-17T22:06:31","modified_gmt":"2025-08-17T22:06:31","slug":"julian-di-orao","status":"publish","type":"product","link":"https:\/\/oraodoberman.com\/fr\/chiens-dobermans\/doberman-a-vendre\/julian-di-orao\/","title":{"rendered":"Julian di Orao"},"content":{"rendered":"\t\t<div data-elementor-type=\"product-post\" data-elementor-id=\"7532\" class=\"elementor elementor-7532\" data-elementor-post-type=\"product\">\n\t\t\t\t<div class=\"elementor-element elementor-element-1176ba6 e-flex e-con-boxed e-con e-parent\" data-id=\"1176ba6\" data-element_type=\"container\" data-e-type=\"container\">\n\t\t\t\t\t<div class=\"e-con-inner\">\n\t\t\t\t<div class=\"elementor-element elementor-element-a3aec83 elementor-widget elementor-widget-gallery\" data-id=\"a3aec83\" data-element_type=\"widget\" data-e-type=\"widget\" data-settings=\"{&quot;columns&quot;:2,&quot;aspect_ratio&quot;:&quot;9:16&quot;,&quot;lazyload&quot;:&quot;yes&quot;,&quot;gallery_layout&quot;:&quot;grid&quot;,&quot;columns_tablet&quot;:2,&quot;columns_mobile&quot;:1,&quot;gap&quot;:{&quot;unit&quot;:&quot;px&quot;,&quot;size&quot;:10,&quot;sizes&quot;:[]},&quot;gap_tablet&quot;:{&quot;unit&quot;:&quot;px&quot;,&quot;size&quot;:10,&quot;sizes&quot;:[]},&quot;gap_mobile&quot;:{&quot;unit&quot;:&quot;px&quot;,&quot;size&quot;:10,&quot;sizes&quot;:[]},&quot;link_to&quot;:&quot;file&quot;,&quot;overlay_background&quot;:&quot;yes&quot;,&quot;content_hover_animation&quot;:&quot;fade-in&quot;}\" data-widget_type=\"gallery.default\">\n\t\t\t\t<div class=\"elementor-widget-container\">\n\t\t\t\t\t\t\t<div class=\"elementor-gallery__container\">\n\t\t\t\t\t\t\t<a class=\"e-gallery-item elementor-gallery-item elementor-animated-content\" href=\"https:\/\/oraodoberman.com\/wp-content\/uploads\/2025\/03\/DSC_5574.jpg\" data-elementor-open-lightbox=\"yes\" data-elementor-lightbox-slideshow=\"a3aec83\" data-elementor-lightbox-title=\"DSC_5574\" data-e-action-hash=\"#elementor-action%3Aaction%3Dlightbox%26settings%3DeyJpZCI6MjMyNCwidXJsIjoiaHR0cHM6XC9cL29yYW9kb2Jlcm1hbi5jb21cL3dwLWNvbnRlbnRcL3VwbG9hZHNcLzIwMjVcLzAzXC9EU0NfNTU3NC5qcGciLCJzbGlkZXNob3ciOiJhM2FlYzgzIn0%3D\">\n\t\t\t\t\t<div class=\"e-gallery-image elementor-gallery-item__image\" data-thumbnail=\"https:\/\/oraodoberman.com\/wp-content\/uploads\/2025\/03\/DSC_5574-684x1024.jpg\" data-width=\"684\" data-height=\"1024\" aria-label=\"\" role=\"img\" ><\/div>\n\t\t\t\t\t\t\t\t\t\t\t<div class=\"elementor-gallery-item__overlay\"><\/div>\n\t\t\t\t\t\t\t\t\t\t\t\t\t\t<\/a>\n\t\t\t\t\t\t\t<a class=\"e-gallery-item elementor-gallery-item elementor-animated-content\" href=\"https:\/\/oraodoberman.com\/wp-content\/uploads\/2025\/03\/DSC_5561.jpg\" data-elementor-open-lightbox=\"yes\" data-elementor-lightbox-slideshow=\"a3aec83\" data-elementor-lightbox-title=\"DSC_5561\" data-e-action-hash=\"#elementor-action%3Aaction%3Dlightbox%26settings%3DeyJpZCI6MjQwNCwidXJsIjoiaHR0cHM6XC9cL29yYW9kb2Jlcm1hbi5jb21cL3dwLWNvbnRlbnRcL3VwbG9hZHNcLzIwMjVcLzAzXC9EU0NfNTU2MS5qcGciLCJzbGlkZXNob3ciOiJhM2FlYzgzIn0%3D\">\n\t\t\t\t\t<div class=\"e-gallery-image elementor-gallery-item__image\" data-thumbnail=\"https:\/\/oraodoberman.com\/wp-content\/uploads\/2025\/03\/DSC_5561-684x1024.jpg\" data-width=\"684\" data-height=\"1024\" aria-label=\"\" role=\"img\" ><\/div>\n\t\t\t\t\t\t\t\t\t\t\t<div class=\"elementor-gallery-item__overlay\"><\/div>\n\t\t\t\t\t\t\t\t\t\t\t\t\t\t<\/a>\n\t\t\t\t\t\t\t<a class=\"e-gallery-item elementor-gallery-item elementor-animated-content\" href=\"https:\/\/oraodoberman.com\/wp-content\/uploads\/2025\/03\/DSC_5566.jpg\" data-elementor-open-lightbox=\"yes\" data-elementor-lightbox-slideshow=\"a3aec83\" data-elementor-lightbox-title=\"DSC_5566\" data-e-action-hash=\"#elementor-action%3Aaction%3Dlightbox%26settings%3DeyJpZCI6MjMyOCwidXJsIjoiaHR0cHM6XC9cL29yYW9kb2Jlcm1hbi5jb21cL3dwLWNvbnRlbnRcL3VwbG9hZHNcLzIwMjVcLzAzXC9EU0NfNTU2Ni5qcGciLCJzbGlkZXNob3ciOiJhM2FlYzgzIn0%3D\">\n\t\t\t\t\t<div class=\"e-gallery-image elementor-gallery-item__image\" data-thumbnail=\"https:\/\/oraodoberman.com\/wp-content\/uploads\/2025\/03\/DSC_5566-684x1024.jpg\" data-width=\"684\" data-height=\"1024\" aria-label=\"\" role=\"img\" ><\/div>\n\t\t\t\t\t\t\t\t\t\t\t<div class=\"elementor-gallery-item__overlay\"><\/div>\n\t\t\t\t\t\t\t\t\t\t\t\t\t\t<\/a>\n\t\t\t\t\t\t\t<a class=\"e-gallery-item elementor-gallery-item elementor-animated-content\" href=\"https:\/\/oraodoberman.com\/wp-content\/uploads\/2025\/03\/DSC_5577.jpg\" data-elementor-open-lightbox=\"yes\" data-elementor-lightbox-slideshow=\"a3aec83\" data-elementor-lightbox-title=\"DSC_5577\" data-e-action-hash=\"#elementor-action%3Aaction%3Dlightbox%26settings%3DeyJpZCI6MjQwMCwidXJsIjoiaHR0cHM6XC9cL29yYW9kb2Jlcm1hbi5jb21cL3dwLWNvbnRlbnRcL3VwbG9hZHNcLzIwMjVcLzAzXC9EU0NfNTU3Ny5qcGciLCJzbGlkZXNob3ciOiJhM2FlYzgzIn0%3D\">\n\t\t\t\t\t<div class=\"e-gallery-image elementor-gallery-item__image\" data-thumbnail=\"https:\/\/oraodoberman.com\/wp-content\/uploads\/2025\/03\/DSC_5577-1024x684.jpg\" data-width=\"800\" data-height=\"534\" aria-label=\"\" role=\"img\" ><\/div>\n\t\t\t\t\t\t\t\t\t\t\t<div class=\"elementor-gallery-item__overlay\"><\/div>\n\t\t\t\t\t\t\t\t\t\t\t\t\t\t<\/a>\n\t\t\t\t\t\t\t<a class=\"e-gallery-item elementor-gallery-item elementor-animated-content\" href=\"https:\/\/oraodoberman.com\/wp-content\/uploads\/2025\/03\/DSC_5588.jpg\" data-elementor-open-lightbox=\"yes\" data-elementor-lightbox-slideshow=\"a3aec83\" data-elementor-lightbox-title=\"DSC_5588\" data-e-action-hash=\"#elementor-action%3Aaction%3Dlightbox%26settings%3DeyJpZCI6MjMyMCwidXJsIjoiaHR0cHM6XC9cL29yYW9kb2Jlcm1hbi5jb21cL3dwLWNvbnRlbnRcL3VwbG9hZHNcLzIwMjVcLzAzXC9EU0NfNTU4OC5qcGciLCJzbGlkZXNob3ciOiJhM2FlYzgzIn0%3D\">\n\t\t\t\t\t<div class=\"e-gallery-image elementor-gallery-item__image\" data-thumbnail=\"https:\/\/oraodoberman.com\/wp-content\/uploads\/2025\/03\/DSC_5588-1024x684.jpg\" data-width=\"800\" data-height=\"534\" aria-label=\"\" role=\"img\" ><\/div>\n\t\t\t\t\t\t\t\t\t\t\t<div class=\"elementor-gallery-item__overlay\"><\/div>\n\t\t\t\t\t\t\t\t\t\t\t\t\t\t<\/a>\n\t\t\t\t\t<\/div>\n\t\t\t\t\t<\/div>\n\t\t\t\t<\/div>\n\t\t\t\t<div class=\"elementor-element elementor-element-e370647 elementor-widget elementor-widget-text-editor\" data-id=\"e370647\" data-element_type=\"widget\" data-e-type=\"widget\" data-widget_type=\"text-editor.default\">\n\t\t\t\t<div class=\"elementor-widget-container\">\n\t\t\t\t\t\t\t\t\t<p class=\"whitespace-normal break-words\"><em><strong>Chiot Doberman m\u00e2le noir \u2013 Votre futur partenaire de crime !<\/strong><\/em><\/p><p class=\"whitespace-normal break-words\">Rencontrez votre nouveau fauteur de troubles \u00e0 quatre pattes !<\/p><p class=\"whitespace-normal break-words\">Ce magnifique chiot Doberman m\u00e2le noir vient avec une garantie \u00e0 vie de chaussettes vol\u00e9es, pattes boueuses et amour inconditionnel. Il a d\u00e9j\u00e0 ma\u00eetris\u00e9 l&rsquo;art des yeux de chiot qui peuvent vous convaincre de partager votre d\u00eener.<\/p><p class=\"whitespace-normal break-words\">Attention : peut causer des rires spontan\u00e9s, des promenades quotidiennes fr\u00e9quentes et une addiction s\u00e9rieuse \u00e0 la mignonnerie de chiot !<\/p><p class=\"whitespace-normal break-words\">Ce petit gentleman noir promet d&rsquo;\u00eatre votre ombre, votre r\u00e9veil et votre meilleur ami envelopp\u00e9 dans un paquet irr\u00e9sistible.<\/p><p class=\"whitespace-normal break-words\">Les effets secondaires incluent : humeur am\u00e9lior\u00e9e, meilleur syst\u00e8me de s\u00e9curit\u00e9 et incapacit\u00e9 de rester en col\u00e8re contre ces yeux innocents !<\/p><p class=\"whitespace-normal break-words\">P\u00e8re de la port\u00e9e : <a href=\"https:\/\/doberbase.ru\/index.php?a=dog&amp;id=282888&amp;name=Obelix+Della+Fedelissimi\" target=\"_blank\" rel=\"noopener\"><em><strong>Obelix della Fedelissimi<\/strong><\/em><\/a><\/p><p class=\"whitespace-normal break-words\">M\u00e8re de la port\u00e9e : <a href=\"https:\/\/oraodoberman.com\/es\/perros-doberman\/nuestros-doberman\/la-traviata-tara-di-orao\/\"><em><strong>Traviata Tara di Orao<\/strong><\/em><\/a><\/p>\t\t\t\t\t\t\t\t<\/div>\n\t\t\t\t<\/div>\n\t\t\t\t\t<\/div>\n\t\t\t\t<\/div>\n\t\t\t\t<\/div>\n\t\t","protected":false},"excerpt":{"rendered":"<p>Chiot Doberman m\u00e2le noir \u2013 Votre futur partenaire de crime ! Rencontrez votre nouveau fauteur de troubles \u00e0 quatre pattes ! Ce magnifique chiot Doberman m\u00e2le noir vient avec une garantie \u00e0 vie de chaussettes vol\u00e9es, pattes boueuses et amour inconditionnel. Il a d\u00e9j\u00e0 ma\u00eetris\u00e9 l&rsquo;art des yeux de chiot qui peuvent vous convaincre de [&hellip;]<\/p>\n","protected":false},"featured_media":2324,"comment_status":"open","ping_status":"closed","template":"","meta":[],"product_brand":[],"product_cat":[103,141],"product_tag":[],"class_list":{"0":"post-7532","1":"product","2":"type-product","3":"status-publish","4":"has-post-thumbnail","6":"product_cat-doberman-a-vendre","7":"product_cat-r-litter-doberman-a-vendre","9":"first","10":"instock","11":"shipping-taxable","12":"product-type-simple"},"_links":{"self":[{"href":"https:\/\/oraodoberman.com\/fr\/wp-json\/wp\/v2\/product\/7532","targetHints":{"allow":["GET"]}}],"collection":[{"href":"https:\/\/oraodoberman.com\/fr\/wp-json\/wp\/v2\/product"}],"about":[{"href":"https:\/\/oraodoberman.com\/fr\/wp-json\/wp\/v2\/types\/product"}],"replies":[{"embeddable":true,"href":"https:\/\/oraodoberman.com\/fr\/wp-json\/wp\/v2\/comments?post=7532"}],"version-history":[{"count":0,"href":"https:\/\/oraodoberman.com\/fr\/wp-json\/wp\/v2\/product\/7532\/revisions"}],"wp:featuredmedia":[{"embeddable":true,"href":"https:\/\/oraodoberman.com\/fr\/wp-json\/wp\/v2\/media\/2324"}],"wp:attachment":[{"href":"https:\/\/oraodoberman.com\/fr\/wp-json\/wp\/v2\/media?parent=7532"}],"wp:term":[{"taxonomy":"product_brand","embeddable":true,"href":"https:\/\/oraodoberman.com\/fr\/wp-json\/wp\/v2\/product_brand?post=7532"},{"taxonomy":"product_cat","embeddable":true,"href":"https:\/\/oraodoberman.com\/fr\/wp-json\/wp\/v2\/product_cat?post=7532"},{"taxonomy":"product_tag","embeddable":true,"href":"https:\/\/oraodoberman.com\/fr\/wp-json\/wp\/v2\/product_tag?post=7532"}],"curies":[{"name":"wp","href":"https:\/\/api.w.org\/{rel}","templated":true}]}}