{"id":7524,"date":"2025-08-17T21:56:54","date_gmt":"2025-08-17T21:56:54","guid":{"rendered":"https:\/\/oraodoberman.com\/?post_type=product&#038;p=7524"},"modified":"2025-08-17T22:00:38","modified_gmt":"2025-08-17T22:00:38","slug":"john-di-orao","status":"publish","type":"product","link":"https:\/\/oraodoberman.com\/fr\/chiens-dobermans\/doberman-a-vendre\/john-di-orao\/","title":{"rendered":"John di Orao"},"content":{"rendered":"\t\t<div data-elementor-type=\"product-post\" data-elementor-id=\"7524\" class=\"elementor elementor-7524\" data-elementor-post-type=\"product\">\n\t\t\t\t<div class=\"elementor-element elementor-element-3cc335c e-flex e-con-boxed e-con e-parent\" data-id=\"3cc335c\" data-element_type=\"container\" data-e-type=\"container\">\n\t\t\t\t\t<div class=\"e-con-inner\">\n\t\t\t\t<div class=\"elementor-element elementor-element-4577182 elementor-widget elementor-widget-gallery\" data-id=\"4577182\" data-element_type=\"widget\" data-e-type=\"widget\" data-settings=\"{&quot;columns&quot;:2,&quot;aspect_ratio&quot;:&quot;9:16&quot;,&quot;lazyload&quot;:&quot;yes&quot;,&quot;gallery_layout&quot;:&quot;grid&quot;,&quot;columns_tablet&quot;:2,&quot;columns_mobile&quot;:1,&quot;gap&quot;:{&quot;unit&quot;:&quot;px&quot;,&quot;size&quot;:10,&quot;sizes&quot;:[]},&quot;gap_tablet&quot;:{&quot;unit&quot;:&quot;px&quot;,&quot;size&quot;:10,&quot;sizes&quot;:[]},&quot;gap_mobile&quot;:{&quot;unit&quot;:&quot;px&quot;,&quot;size&quot;:10,&quot;sizes&quot;:[]},&quot;link_to&quot;:&quot;file&quot;,&quot;overlay_background&quot;:&quot;yes&quot;,&quot;content_hover_animation&quot;:&quot;fade-in&quot;}\" data-widget_type=\"gallery.default\">\n\t\t\t\t<div class=\"elementor-widget-container\">\n\t\t\t\t\t\t\t<div class=\"elementor-gallery__container\">\n\t\t\t\t\t\t\t<a class=\"e-gallery-item elementor-gallery-item elementor-animated-content\" href=\"https:\/\/oraodoberman.com\/wp-content\/uploads\/2025\/03\/DSC_5525.jpg\" data-elementor-open-lightbox=\"yes\" data-elementor-lightbox-slideshow=\"4577182\" data-elementor-lightbox-title=\"DSC_5525\" data-e-action-hash=\"#elementor-action%3Aaction%3Dlightbox%26settings%3DeyJpZCI6MjQwOCwidXJsIjoiaHR0cHM6XC9cL29yYW9kb2Jlcm1hbi5jb21cL3dwLWNvbnRlbnRcL3VwbG9hZHNcLzIwMjVcLzAzXC9EU0NfNTUyNS5qcGciLCJzbGlkZXNob3ciOiI0NTc3MTgyIn0%3D\">\n\t\t\t\t\t<div class=\"e-gallery-image elementor-gallery-item__image\" data-thumbnail=\"https:\/\/oraodoberman.com\/wp-content\/uploads\/2025\/03\/DSC_5525-684x1024.jpg\" data-width=\"684\" data-height=\"1024\" aria-label=\"\" role=\"img\" ><\/div>\n\t\t\t\t\t\t\t\t\t\t\t<div class=\"elementor-gallery-item__overlay\"><\/div>\n\t\t\t\t\t\t\t\t\t\t\t\t\t\t<\/a>\n\t\t\t\t\t\t\t<a class=\"e-gallery-item elementor-gallery-item elementor-animated-content\" href=\"https:\/\/oraodoberman.com\/wp-content\/uploads\/2025\/03\/DSC_5520.jpg\" data-elementor-open-lightbox=\"yes\" data-elementor-lightbox-slideshow=\"4577182\" data-elementor-lightbox-title=\"DSC_5520\" data-e-action-hash=\"#elementor-action%3Aaction%3Dlightbox%26settings%3DeyJpZCI6MjM1MiwidXJsIjoiaHR0cHM6XC9cL29yYW9kb2Jlcm1hbi5jb21cL3dwLWNvbnRlbnRcL3VwbG9hZHNcLzIwMjVcLzAzXC9EU0NfNTUyMC5qcGciLCJzbGlkZXNob3ciOiI0NTc3MTgyIn0%3D\">\n\t\t\t\t\t<div class=\"e-gallery-image elementor-gallery-item__image\" data-thumbnail=\"https:\/\/oraodoberman.com\/wp-content\/uploads\/2025\/03\/DSC_5520-684x1024.jpg\" data-width=\"684\" data-height=\"1024\" aria-label=\"\" role=\"img\" ><\/div>\n\t\t\t\t\t\t\t\t\t\t\t<div class=\"elementor-gallery-item__overlay\"><\/div>\n\t\t\t\t\t\t\t\t\t\t\t\t\t\t<\/a>\n\t\t\t\t\t\t\t<a class=\"e-gallery-item elementor-gallery-item elementor-animated-content\" href=\"https:\/\/oraodoberman.com\/wp-content\/uploads\/2025\/03\/DSC_5518.jpg\" data-elementor-open-lightbox=\"yes\" data-elementor-lightbox-slideshow=\"4577182\" data-elementor-lightbox-title=\"DSC_5518\" data-e-action-hash=\"#elementor-action%3Aaction%3Dlightbox%26settings%3DeyJpZCI6MjM0NCwidXJsIjoiaHR0cHM6XC9cL29yYW9kb2Jlcm1hbi5jb21cL3dwLWNvbnRlbnRcL3VwbG9hZHNcLzIwMjVcLzAzXC9EU0NfNTUxOC5qcGciLCJzbGlkZXNob3ciOiI0NTc3MTgyIn0%3D\">\n\t\t\t\t\t<div class=\"e-gallery-image elementor-gallery-item__image\" data-thumbnail=\"https:\/\/oraodoberman.com\/wp-content\/uploads\/2025\/03\/DSC_5518-684x1024.jpg\" data-width=\"684\" data-height=\"1024\" aria-label=\"\" role=\"img\" ><\/div>\n\t\t\t\t\t\t\t\t\t\t\t<div class=\"elementor-gallery-item__overlay\"><\/div>\n\t\t\t\t\t\t\t\t\t\t\t\t\t\t<\/a>\n\t\t\t\t\t\t\t<a class=\"e-gallery-item elementor-gallery-item elementor-animated-content\" href=\"https:\/\/oraodoberman.com\/wp-content\/uploads\/2025\/03\/DSC_5547.jpg\" data-elementor-open-lightbox=\"yes\" data-elementor-lightbox-slideshow=\"4577182\" data-elementor-lightbox-title=\"DSC_5547\" data-e-action-hash=\"#elementor-action%3Aaction%3Dlightbox%26settings%3DeyJpZCI6MjMzNiwidXJsIjoiaHR0cHM6XC9cL29yYW9kb2Jlcm1hbi5jb21cL3dwLWNvbnRlbnRcL3VwbG9hZHNcLzIwMjVcLzAzXC9EU0NfNTU0Ny5qcGciLCJzbGlkZXNob3ciOiI0NTc3MTgyIn0%3D\">\n\t\t\t\t\t<div class=\"e-gallery-image elementor-gallery-item__image\" data-thumbnail=\"https:\/\/oraodoberman.com\/wp-content\/uploads\/2025\/03\/DSC_5547-1024x684.jpg\" data-width=\"800\" data-height=\"534\" aria-label=\"\" role=\"img\" ><\/div>\n\t\t\t\t\t\t\t\t\t\t\t<div class=\"elementor-gallery-item__overlay\"><\/div>\n\t\t\t\t\t\t\t\t\t\t\t\t\t\t<\/a>\n\t\t\t\t\t\t\t<a class=\"e-gallery-item elementor-gallery-item elementor-animated-content\" href=\"https:\/\/oraodoberman.com\/wp-content\/uploads\/2025\/03\/DSC_5533.jpg\" data-elementor-open-lightbox=\"yes\" data-elementor-lightbox-slideshow=\"4577182\" data-elementor-lightbox-title=\"DSC_5533\" data-e-action-hash=\"#elementor-action%3Aaction%3Dlightbox%26settings%3DeyJpZCI6MjMzMiwidXJsIjoiaHR0cHM6XC9cL29yYW9kb2Jlcm1hbi5jb21cL3dwLWNvbnRlbnRcL3VwbG9hZHNcLzIwMjVcLzAzXC9EU0NfNTUzMy5qcGciLCJzbGlkZXNob3ciOiI0NTc3MTgyIn0%3D\">\n\t\t\t\t\t<div class=\"e-gallery-image elementor-gallery-item__image\" data-thumbnail=\"https:\/\/oraodoberman.com\/wp-content\/uploads\/2025\/03\/DSC_5533-1024x684.jpg\" data-width=\"800\" data-height=\"534\" aria-label=\"a dog on a leash\" role=\"img\" ><\/div>\n\t\t\t\t\t\t\t\t\t\t\t<div class=\"elementor-gallery-item__overlay\"><\/div>\n\t\t\t\t\t\t\t\t\t\t\t\t\t\t<\/a>\n\t\t\t\t\t<\/div>\n\t\t\t\t\t<\/div>\n\t\t\t\t<\/div>\n\t\t\t\t<div class=\"elementor-element elementor-element-045251b elementor-widget elementor-widget-text-editor\" data-id=\"045251b\" data-element_type=\"widget\" data-e-type=\"widget\" data-widget_type=\"text-editor.default\">\n\t\t\t\t<div class=\"elementor-widget-container\">\n\t\t\t\t\t\t\t\t\t<p class=\"whitespace-normal break-words\"><em><strong>Chiot Doberman m\u00e2le noir \u2013 bonheur joueur !<\/strong><\/em><\/p><p class=\"whitespace-normal break-words\">Ce chiot Doberman m\u00e2le noir est de l&rsquo;\u00e9nergie positive pure ! Il est infiniment joueur et toujours pr\u00eat pour une nouvelle aventure. Sa douce nature fait fondre les c\u0153urs de tous autour de lui, tandis qu&rsquo;une socialisation impeccable le rend id\u00e9al pour toute occasion.<\/p><p class=\"whitespace-normal break-words\">\u00c9l\u00e9gance noire combin\u00e9e avec le charme juv\u00e9nile ! Il s&rsquo;entend facilement avec tout le monde \u2013 enfants, adultes et autres animaux. Son temp\u00e9rament joyeux et ses comp\u00e9tences sociales garantissent qu&rsquo;il sera une star partout o\u00f9 il appara\u00eet.<\/p><p class=\"whitespace-normal break-words\">Ce petit ange noir est pr\u00eat \u00e0 apporter joie et rires \u00e0 votre foyer !<\/p><p class=\"whitespace-normal break-words\">P\u00e8re de la port\u00e9e :<a href=\"https:\/\/doberbase.ru\/index.php?a=dog&amp;id=282888&amp;name=Obelix+Della+Fedelissimi\" target=\"_blank\" rel=\"noopener\"> <em><strong>Obelix della Fedelissimi<\/strong><\/em><\/a><\/p><p class=\"whitespace-normal break-words\">M\u00e8re de la port\u00e9e : <a href=\"https:\/\/oraodoberman.com\/es\/perros-doberman\/nuestros-doberman\/la-traviata-tara-di-orao\/\"><em><strong>Traviata Tara di Orao<\/strong><\/em><\/a><\/p>\t\t\t\t\t\t\t\t<\/div>\n\t\t\t\t<\/div>\n\t\t\t\t\t<\/div>\n\t\t\t\t<\/div>\n\t\t\t\t<\/div>\n\t\t","protected":false},"excerpt":{"rendered":"<p>Chiot Doberman m\u00e2le noir \u2013 bonheur joueur ! Ce chiot Doberman m\u00e2le noir est de l&rsquo;\u00e9nergie positive pure ! Il est infiniment joueur et toujours pr\u00eat pour une nouvelle aventure. Sa douce nature fait fondre les c\u0153urs de tous autour de lui, tandis qu&rsquo;une socialisation impeccable le rend id\u00e9al pour toute occasion. \u00c9l\u00e9gance noire combin\u00e9e [&hellip;]<\/p>\n","protected":false},"featured_media":2408,"comment_status":"open","ping_status":"closed","template":"","meta":[],"product_brand":[],"product_cat":[103,138],"product_tag":[],"class_list":{"0":"post-7524","1":"product","2":"type-product","3":"status-publish","4":"has-post-thumbnail","6":"product_cat-doberman-a-vendre","7":"product_cat-j-litter-doberman-a-vendre","9":"first","10":"instock","11":"shipping-taxable","12":"product-type-simple"},"_links":{"self":[{"href":"https:\/\/oraodoberman.com\/fr\/wp-json\/wp\/v2\/product\/7524","targetHints":{"allow":["GET"]}}],"collection":[{"href":"https:\/\/oraodoberman.com\/fr\/wp-json\/wp\/v2\/product"}],"about":[{"href":"https:\/\/oraodoberman.com\/fr\/wp-json\/wp\/v2\/types\/product"}],"replies":[{"embeddable":true,"href":"https:\/\/oraodoberman.com\/fr\/wp-json\/wp\/v2\/comments?post=7524"}],"version-history":[{"count":0,"href":"https:\/\/oraodoberman.com\/fr\/wp-json\/wp\/v2\/product\/7524\/revisions"}],"wp:featuredmedia":[{"embeddable":true,"href":"https:\/\/oraodoberman.com\/fr\/wp-json\/wp\/v2\/media\/2408"}],"wp:attachment":[{"href":"https:\/\/oraodoberman.com\/fr\/wp-json\/wp\/v2\/media?parent=7524"}],"wp:term":[{"taxonomy":"product_brand","embeddable":true,"href":"https:\/\/oraodoberman.com\/fr\/wp-json\/wp\/v2\/product_brand?post=7524"},{"taxonomy":"product_cat","embeddable":true,"href":"https:\/\/oraodoberman.com\/fr\/wp-json\/wp\/v2\/product_cat?post=7524"},{"taxonomy":"product_tag","embeddable":true,"href":"https:\/\/oraodoberman.com\/fr\/wp-json\/wp\/v2\/product_tag?post=7524"}],"curies":[{"name":"wp","href":"https:\/\/api.w.org\/{rel}","templated":true}]}}