{"id":2652,"date":"2025-03-03T23:01:10","date_gmt":"2025-03-03T22:01:10","guid":{"rendered":"https:\/\/oraodoberman.com\/psi-dobermani\/la-traviata-tara-di-orao\/"},"modified":"2026-01-30T22:54:51","modified_gmt":"2026-01-30T21:54:51","slug":"la-traviata-tara-di-orao","status":"publish","type":"product","link":"https:\/\/oraodoberman.com\/fr\/chiens-dobermans\/nos-dobermans\/la-traviata-tara-di-orao\/","title":{"rendered":"La Traviata Tara di Orao"},"content":{"rendered":"\t\t<div data-elementor-type=\"product-post\" data-elementor-id=\"2652\" class=\"elementor elementor-2652 elementor-1488\" data-elementor-post-type=\"product\">\n\t\t\t\t<div class=\"elementor-element elementor-element-0b19160 e-flex e-con-boxed e-con e-parent\" data-id=\"0b19160\" data-element_type=\"container\" data-e-type=\"container\">\n\t\t\t\t\t<div class=\"e-con-inner\">\n\t\t\t\t<div class=\"elementor-element elementor-element-75c2d0e elementor-widget elementor-widget-image\" data-id=\"75c2d0e\" data-element_type=\"widget\" data-e-type=\"widget\" data-widget_type=\"image.default\">\n\t\t\t\t<div class=\"elementor-widget-container\">\n\t\t\t\t\t\t\t\t\t\t\t\t\t\t\t<img fetchpriority=\"high\" decoding=\"async\" width=\"800\" height=\"450\" src=\"data:image\/gif;base64,R0lGODlhAQABAAAAACH5BAEKAAEALAAAAAABAAEAAAICTAEAOw==\" class=\"attachment-large size-large wp-image-9287 lazyload\" alt=\"- Orao Doberman odgajiva\u010dnica dobermana\" sizes=\"(max-width: 800px) 100vw, 800px\" title=\"-\" data-src=\"https:\/\/oraodoberman.com\/wp-content\/uploads\/2025\/03\/Traviata-Tara-Di-Orao-Pedigree-1024x576.png\" data-srcset=\"https:\/\/oraodoberman.com\/wp-content\/uploads\/2025\/03\/Traviata-Tara-Di-Orao-Pedigree-1024x576.png 1024w, https:\/\/oraodoberman.com\/wp-content\/uploads\/2025\/03\/Traviata-Tara-Di-Orao-Pedigree-300x169.png 300w, https:\/\/oraodoberman.com\/wp-content\/uploads\/2025\/03\/Traviata-Tara-Di-Orao-Pedigree-768x432.png 768w, https:\/\/oraodoberman.com\/wp-content\/uploads\/2025\/03\/Traviata-Tara-Di-Orao-Pedigree-1536x864.png 1536w, https:\/\/oraodoberman.com\/wp-content\/uploads\/2025\/03\/Traviata-Tara-Di-Orao-Pedigree-2048x1152.png 2048w, https:\/\/oraodoberman.com\/wp-content\/uploads\/2025\/03\/Traviata-Tara-Di-Orao-Pedigree-600x338.png 600w\">\t\t\t\t\t\t\t\t\t\t\t\t\t\t\t<\/div>\n\t\t\t\t<\/div>\n\t\t\t\t\t<\/div>\n\t\t\t\t<\/div>\n\t\t<div class=\"elementor-element elementor-element-74f3641 e-con-full e-flex e-con e-parent\" data-id=\"74f3641\" data-element_type=\"container\" data-e-type=\"container\">\n\t\t\t\t<div class=\"elementor-element elementor-element-857a89c elementor-widget elementor-widget-image\" data-id=\"857a89c\" data-element_type=\"widget\" data-e-type=\"widget\" data-widget_type=\"image.default\">\n\t\t\t\t<div class=\"elementor-widget-container\">\n\t\t\t\t\t\t\t\t\t\t\t\t\t\t\t\t<a href=\"https:\/\/oraodoberman.com\/wp-content\/uploads\/2025\/03\/DSC_9490.jpg\" data-elementor-open-lightbox=\"yes\" data-elementor-lightbox-title=\"DSC_9490\" data-e-action-hash=\"#elementor-action%3Aaction%3Dlightbox%26settings%3DeyJpZCI6MjI2OCwidXJsIjoiaHR0cHM6XC9cL29yYW9kb2Jlcm1hbi5jb21cL3dwLWNvbnRlbnRcL3VwbG9hZHNcLzIwMjVcLzAzXC9EU0NfOTQ5MC5qcGcifQ%3D%3D\">\n\t\t\t\t\t\t\t<img decoding=\"async\" width=\"1536\" height=\"1025\" src=\"data:image\/gif;base64,R0lGODlhAQABAAAAACH5BAEKAAEALAAAAAABAAEAAAICTAEAOw==\" class=\"attachment-1536x1536 size-1536x1536 wp-image-2268 lazyload\" alt=\"- Orao Doberman odgajiva\u010dnica dobermana\" sizes=\"(max-width: 1536px) 100vw, 1536px\" title=\"-\" data-src=\"https:\/\/oraodoberman.com\/wp-content\/uploads\/2025\/03\/DSC_9490-1536x1025.jpg\" data-srcset=\"https:\/\/oraodoberman.com\/wp-content\/uploads\/2025\/03\/DSC_9490-1536x1025.jpg 1536w, https:\/\/oraodoberman.com\/wp-content\/uploads\/2025\/03\/DSC_9490-600x400.jpg 600w, https:\/\/oraodoberman.com\/wp-content\/uploads\/2025\/03\/DSC_9490-300x200.jpg 300w, https:\/\/oraodoberman.com\/wp-content\/uploads\/2025\/03\/DSC_9490-1024x684.jpg 1024w, https:\/\/oraodoberman.com\/wp-content\/uploads\/2025\/03\/DSC_9490-768x513.jpg 768w, https:\/\/oraodoberman.com\/wp-content\/uploads\/2025\/03\/DSC_9490.jpg 2048w\">\t\t\t\t\t\t\t\t<\/a>\n\t\t\t\t\t\t\t\t\t\t\t\t\t\t\t<\/div>\n\t\t\t\t<\/div>\n\t\t\t\t<div class=\"elementor-element elementor-element-6214ba7 elementor-widget elementor-widget-text-editor\" data-id=\"6214ba7\" data-element_type=\"widget\" data-e-type=\"widget\" data-widget_type=\"text-editor.default\">\n\t\t\t\t<div class=\"elementor-widget-container\">\n\t\t\t\t\t\t\t\t\t<p>Un chien qui a obtenu des r\u00e9sultats au travail ainsi que dans des concours de beaut\u00e9. Une femelle Doberman \u00e9l\u00e9gante, dominante et impeccablement socialis\u00e9e, dont nous sommes extr\u00eamement fiers. Une excellente ligne de dos, un long cou fort, une poitrine profonde qui se termine par une ligne de ventre magnifiquement form\u00e9e, sont la v\u00e9ritable incarnation de l&rsquo;attitude aristocratique de la race Doberman.  <\/p>\t\t\t\t\t\t\t\t<\/div>\n\t\t\t\t<\/div>\n\t\t\t\t<\/div>\n\t\t<div class=\"elementor-element elementor-element-b2799b4 e-flex e-con-boxed e-con e-parent\" data-id=\"b2799b4\" data-element_type=\"container\" data-e-type=\"container\">\n\t\t\t\t\t<div class=\"e-con-inner\">\n\t\t\t\t<div class=\"elementor-element elementor-element-8526fc4 elementor-widget elementor-widget-video\" data-id=\"8526fc4\" data-element_type=\"widget\" data-e-type=\"widget\" data-settings=\"{&quot;youtube_url&quot;:&quot;https:\\\/\\\/www.youtube.com\\\/watch?v=zqsXBzaJXvQ&quot;,&quot;video_type&quot;:&quot;youtube&quot;,&quot;controls&quot;:&quot;yes&quot;}\" data-widget_type=\"video.default\">\n\t\t\t\t<div class=\"elementor-widget-container\">\n\t\t\t\t\t\t\t<div class=\"elementor-wrapper elementor-open-inline\">\n\t\t\t<div class=\"elementor-video\"><\/div>\t\t<\/div>\n\t\t\t\t\t\t<\/div>\n\t\t\t\t<\/div>\n\t\t\t\t\t<\/div>\n\t\t\t\t<\/div>\n\t\t\t\t<\/div>\n\t\t","protected":false},"excerpt":{"rendered":"<ul>\n<li><strong><em>La Traviata Tara di Orao<\/em><\/strong><\/li>\n<li>Sexe : F\u00e9minin<\/li>\n<li>Naissance : 18.02.2021<\/li>\n<li>Couleur : Noir et beige<\/li>\n<li>Maximus de la maison de l&#8217;empereur x Zarina di Altobello<\/li>\n<li>HD-A<\/li>\n<li>DCM clair<\/li>\n<li>Transporteur VWD<\/li>\n<\/ul>\n","protected":false},"featured_media":2232,"comment_status":"open","ping_status":"closed","template":"","meta":[],"product_brand":[],"product_cat":[100],"product_tag":[],"class_list":{"0":"post-2652","1":"product","2":"type-product","3":"status-publish","4":"has-post-thumbnail","6":"product_cat-nos-dobermans","8":"first","9":"instock","10":"shipping-taxable","11":"product-type-simple"},"_links":{"self":[{"href":"https:\/\/oraodoberman.com\/fr\/wp-json\/wp\/v2\/product\/2652","targetHints":{"allow":["GET"]}}],"collection":[{"href":"https:\/\/oraodoberman.com\/fr\/wp-json\/wp\/v2\/product"}],"about":[{"href":"https:\/\/oraodoberman.com\/fr\/wp-json\/wp\/v2\/types\/product"}],"replies":[{"embeddable":true,"href":"https:\/\/oraodoberman.com\/fr\/wp-json\/wp\/v2\/comments?post=2652"}],"version-history":[{"count":6,"href":"https:\/\/oraodoberman.com\/fr\/wp-json\/wp\/v2\/product\/2652\/revisions"}],"predecessor-version":[{"id":9458,"href":"https:\/\/oraodoberman.com\/fr\/wp-json\/wp\/v2\/product\/2652\/revisions\/9458"}],"wp:featuredmedia":[{"embeddable":true,"href":"https:\/\/oraodoberman.com\/fr\/wp-json\/wp\/v2\/media\/2232"}],"wp:attachment":[{"href":"https:\/\/oraodoberman.com\/fr\/wp-json\/wp\/v2\/media?parent=2652"}],"wp:term":[{"taxonomy":"product_brand","embeddable":true,"href":"https:\/\/oraodoberman.com\/fr\/wp-json\/wp\/v2\/product_brand?post=2652"},{"taxonomy":"product_cat","embeddable":true,"href":"https:\/\/oraodoberman.com\/fr\/wp-json\/wp\/v2\/product_cat?post=2652"},{"taxonomy":"product_tag","embeddable":true,"href":"https:\/\/oraodoberman.com\/fr\/wp-json\/wp\/v2\/product_tag?post=2652"}],"curies":[{"name":"wp","href":"https:\/\/api.w.org\/{rel}","templated":true}]}}