{"id":2640,"date":"2025-03-03T17:39:00","date_gmt":"2025-03-03T16:39:00","guid":{"rendered":"https:\/\/oraodoberman.com\/psi-dobermani\/longue-vie-a-vinco-metida\/"},"modified":"2026-01-10T22:07:35","modified_gmt":"2026-01-10T21:07:35","slug":"longue-vie-a-vinco-metida","status":"publish","type":"product","link":"https:\/\/oraodoberman.com\/fr\/chiens-dobermans\/nos-dobermans\/longue-vie-a-vinco-metida\/","title":{"rendered":"Longue vie \u00e0 Vinco Metida"},"content":{"rendered":"\t\t<div data-elementor-type=\"product-post\" data-elementor-id=\"2640\" class=\"elementor elementor-2640 elementor-1502\" data-elementor-post-type=\"product\">\n\t\t\t\t<div class=\"elementor-element elementor-element-85d7461 e-flex e-con-boxed e-con e-parent\" data-id=\"85d7461\" data-element_type=\"container\" data-e-type=\"container\">\n\t\t\t\t\t<div class=\"e-con-inner\">\n\t\t\t\t<div class=\"elementor-element elementor-element-0f142d6 elementor-widget elementor-widget-image\" data-id=\"0f142d6\" data-element_type=\"widget\" data-e-type=\"widget\" data-widget_type=\"image.default\">\n\t\t\t\t<div class=\"elementor-widget-container\">\n\t\t\t\t\t\t\t\t\t\t\t\t\t\t\t<img fetchpriority=\"high\" decoding=\"async\" width=\"800\" height=\"450\" src=\"data:image\/gif;base64,R0lGODlhAQABAAAAACH5BAEKAAEALAAAAAABAAEAAAICTAEAOw==\" class=\"attachment-large size-large wp-image-9094 lazyload\" alt=\"- Orao Doberman odgajiva\u010dnica dobermana\" sizes=\"(max-width: 800px) 100vw, 800px\" title=\"-\" data-src=\"https:\/\/oraodoberman.com\/wp-content\/uploads\/2025\/03\/Vivat-de-Vinko-Metida-pedigree-1024x576.png\" data-srcset=\"https:\/\/oraodoberman.com\/wp-content\/uploads\/2025\/03\/Vivat-de-Vinko-Metida-pedigree-1024x576.png 1024w, https:\/\/oraodoberman.com\/wp-content\/uploads\/2025\/03\/Vivat-de-Vinko-Metida-pedigree-300x169.png 300w, https:\/\/oraodoberman.com\/wp-content\/uploads\/2025\/03\/Vivat-de-Vinko-Metida-pedigree-768x432.png 768w, https:\/\/oraodoberman.com\/wp-content\/uploads\/2025\/03\/Vivat-de-Vinko-Metida-pedigree-1536x864.png 1536w, https:\/\/oraodoberman.com\/wp-content\/uploads\/2025\/03\/Vivat-de-Vinko-Metida-pedigree-2048x1152.png 2048w, https:\/\/oraodoberman.com\/wp-content\/uploads\/2025\/03\/Vivat-de-Vinko-Metida-pedigree-600x338.png 600w\">\t\t\t\t\t\t\t\t\t\t\t\t\t\t\t<\/div>\n\t\t\t\t<\/div>\n\t\t\t\t\t<\/div>\n\t\t\t\t<\/div>\n\t\t<div class=\"elementor-element elementor-element-e4d6aa5 e-flex e-con-boxed e-con e-parent\" data-id=\"e4d6aa5\" data-element_type=\"container\" data-e-type=\"container\">\n\t\t\t\t\t<div class=\"e-con-inner\">\n\t\t\t\t<div class=\"elementor-element elementor-element-df77394 elementor-widget elementor-widget-gallery\" data-id=\"df77394\" data-element_type=\"widget\" data-e-type=\"widget\" data-settings=\"{&quot;gallery_layout&quot;:&quot;justified&quot;,&quot;ideal_row_height&quot;:{&quot;unit&quot;:&quot;px&quot;,&quot;size&quot;:800,&quot;sizes&quot;:[]},&quot;lazyload&quot;:&quot;yes&quot;,&quot;ideal_row_height_tablet&quot;:{&quot;unit&quot;:&quot;px&quot;,&quot;size&quot;:150,&quot;sizes&quot;:[]},&quot;ideal_row_height_mobile&quot;:{&quot;unit&quot;:&quot;px&quot;,&quot;size&quot;:150,&quot;sizes&quot;:[]},&quot;gap&quot;:{&quot;unit&quot;:&quot;px&quot;,&quot;size&quot;:10,&quot;sizes&quot;:[]},&quot;gap_tablet&quot;:{&quot;unit&quot;:&quot;px&quot;,&quot;size&quot;:10,&quot;sizes&quot;:[]},&quot;gap_mobile&quot;:{&quot;unit&quot;:&quot;px&quot;,&quot;size&quot;:10,&quot;sizes&quot;:[]},&quot;link_to&quot;:&quot;file&quot;,&quot;overlay_background&quot;:&quot;yes&quot;,&quot;content_hover_animation&quot;:&quot;fade-in&quot;}\" data-widget_type=\"gallery.default\">\n\t\t\t\t<div class=\"elementor-widget-container\">\n\t\t\t\t\t\t\t<div class=\"elementor-gallery__container\">\n\t\t\t\t\t\t\t<a class=\"e-gallery-item elementor-gallery-item elementor-animated-content\" href=\"https:\/\/oraodoberman.com\/wp-content\/uploads\/2025\/03\/Vivat-de-Vinko-Metida-1-odgajivacnica-pasa-Srbija.jpg\" data-elementor-open-lightbox=\"yes\" data-elementor-lightbox-slideshow=\"df77394\" data-elementor-lightbox-title=\"Vivat de Vinko Metida 1 odgajivacnica pasa Srbija\" data-e-action-hash=\"#elementor-action%3Aaction%3Dlightbox%26settings%3DeyJpZCI6MTgzMywidXJsIjoiaHR0cHM6XC9cL29yYW9kb2Jlcm1hbi5jb21cL3dwLWNvbnRlbnRcL3VwbG9hZHNcLzIwMjVcLzAzXC9WaXZhdC1kZS1WaW5rby1NZXRpZGEtMS1vZGdhaml2YWNuaWNhLXBhc2EtU3JiaWphLmpwZyIsInNsaWRlc2hvdyI6ImRmNzczOTQifQ%3D%3D\">\n\t\t\t\t\t<div class=\"e-gallery-image elementor-gallery-item__image\" data-thumbnail=\"https:\/\/oraodoberman.com\/wp-content\/uploads\/2025\/03\/Vivat-de-Vinko-Metida-1-odgajivacnica-pasa-Srbija-768x1151.jpg\" data-width=\"768\" data-height=\"1151\" aria-label=\"\" role=\"img\" ><\/div>\n\t\t\t\t\t\t\t\t\t\t\t<div class=\"elementor-gallery-item__overlay\"><\/div>\n\t\t\t\t\t\t\t\t\t\t\t\t\t\t<\/a>\n\t\t\t\t\t\t\t<a class=\"e-gallery-item elementor-gallery-item elementor-animated-content\" href=\"https:\/\/oraodoberman.com\/wp-content\/uploads\/2025\/03\/Vivat-de-Vinko-Metida-2-odgajivacnica-pasa-Srbija.jpg\" data-elementor-open-lightbox=\"yes\" data-elementor-lightbox-slideshow=\"df77394\" data-elementor-lightbox-title=\"Vivat de Vinko Metida 2 odgajivacnica pasa Srbija\" data-e-action-hash=\"#elementor-action%3Aaction%3Dlightbox%26settings%3DeyJpZCI6MTgzNCwidXJsIjoiaHR0cHM6XC9cL29yYW9kb2Jlcm1hbi5jb21cL3dwLWNvbnRlbnRcL3VwbG9hZHNcLzIwMjVcLzAzXC9WaXZhdC1kZS1WaW5rby1NZXRpZGEtMi1vZGdhaml2YWNuaWNhLXBhc2EtU3JiaWphLmpwZyIsInNsaWRlc2hvdyI6ImRmNzczOTQifQ%3D%3D\">\n\t\t\t\t\t<div class=\"e-gallery-image elementor-gallery-item__image\" data-thumbnail=\"https:\/\/oraodoberman.com\/wp-content\/uploads\/2025\/03\/Vivat-de-Vinko-Metida-2-odgajivacnica-pasa-Srbija-768x1151.jpg\" data-width=\"768\" data-height=\"1151\" aria-label=\"\" role=\"img\" ><\/div>\n\t\t\t\t\t\t\t\t\t\t\t<div class=\"elementor-gallery-item__overlay\"><\/div>\n\t\t\t\t\t\t\t\t\t\t\t\t\t\t<\/a>\n\t\t\t\t\t<\/div>\n\t\t\t\t\t<\/div>\n\t\t\t\t<\/div>\n\t\t\t\t<div class=\"elementor-element elementor-element-5bb1a50 elementor-widget elementor-widget-text-editor\" data-id=\"5bb1a50\" data-element_type=\"widget\" data-e-type=\"widget\" data-widget_type=\"text-editor.default\">\n\t\t\t\t<div class=\"elementor-widget-container\">\n\t\t\t\t\t\t\t\t\t<p>Un Russe aux lign\u00e9es exceptionnelles, des anc\u00eatres champions d&rsquo;Europe avec une pr\u00e9disposition g\u00e9n\u00e9tique fantastique. Un exemple de pedigree impeccable \u00e0 son \u00e9poque. Sa t\u00eate porte l&rsquo;expression d&rsquo;un vrai Doberman, avec un cou long et \u00e9l\u00e9gant, un garrot prononc\u00e9, un museau fort, sec et \u00e9l\u00e9gant, et un dos ferme, v\u00e9ritable repr\u00e9sentant de la beaut\u00e9 de cette noble race.    <\/p>\t\t\t\t\t\t\t\t<\/div>\n\t\t\t\t<\/div>\n\t\t\t\t\t<\/div>\n\t\t\t\t<\/div>\n\t\t\t\t<\/div>\n\t\t","protected":false},"excerpt":{"rendered":"<ul>\n<li><em><strong>Longue vie \u00e0 Vinco Metida<\/strong><\/em><\/li>\n<li>Sexe : F\u00e9minin<\/li>\n<li>Naissance : 28.07.2020<\/li>\n<li>Couleur : Noir et beige<\/li>\n<li>Amulette d&rsquo;ambre Livonia Baron x Vivat de Vinko Vitale Mare Nero<\/li>\n<li>HD-A<\/li>\n<li>Transporteur DCM<\/li>\n<li>VW clair<\/li>\n<\/ul>\n","protected":false},"featured_media":2216,"comment_status":"open","ping_status":"closed","template":"","meta":[],"product_brand":[],"product_cat":[100],"product_tag":[],"class_list":{"0":"post-2640","1":"product","2":"type-product","3":"status-publish","4":"has-post-thumbnail","6":"product_cat-nos-dobermans","8":"first","9":"instock","10":"shipping-taxable","11":"product-type-simple"},"_links":{"self":[{"href":"https:\/\/oraodoberman.com\/fr\/wp-json\/wp\/v2\/product\/2640","targetHints":{"allow":["GET"]}}],"collection":[{"href":"https:\/\/oraodoberman.com\/fr\/wp-json\/wp\/v2\/product"}],"about":[{"href":"https:\/\/oraodoberman.com\/fr\/wp-json\/wp\/v2\/types\/product"}],"replies":[{"embeddable":true,"href":"https:\/\/oraodoberman.com\/fr\/wp-json\/wp\/v2\/comments?post=2640"}],"version-history":[{"count":3,"href":"https:\/\/oraodoberman.com\/fr\/wp-json\/wp\/v2\/product\/2640\/revisions"}],"predecessor-version":[{"id":9254,"href":"https:\/\/oraodoberman.com\/fr\/wp-json\/wp\/v2\/product\/2640\/revisions\/9254"}],"wp:featuredmedia":[{"embeddable":true,"href":"https:\/\/oraodoberman.com\/fr\/wp-json\/wp\/v2\/media\/2216"}],"wp:attachment":[{"href":"https:\/\/oraodoberman.com\/fr\/wp-json\/wp\/v2\/media?parent=2640"}],"wp:term":[{"taxonomy":"product_brand","embeddable":true,"href":"https:\/\/oraodoberman.com\/fr\/wp-json\/wp\/v2\/product_brand?post=2640"},{"taxonomy":"product_cat","embeddable":true,"href":"https:\/\/oraodoberman.com\/fr\/wp-json\/wp\/v2\/product_cat?post=2640"},{"taxonomy":"product_tag","embeddable":true,"href":"https:\/\/oraodoberman.com\/fr\/wp-json\/wp\/v2\/product_tag?post=2640"}],"curies":[{"name":"wp","href":"https:\/\/api.w.org\/{rel}","templated":true}]}}