{"id":2625,"date":"2025-03-03T16:55:05","date_gmt":"2025-03-03T15:55:05","guid":{"rendered":"https:\/\/oraodoberman.com\/psi-dobermani\/la-joie-est-la-cle\/"},"modified":"2026-01-10T22:09:47","modified_gmt":"2026-01-10T21:09:47","slug":"la-joie-est-la-cle","status":"publish","type":"product","link":"https:\/\/oraodoberman.com\/fr\/chiens-dobermans\/nos-dobermans\/la-joie-est-la-cle\/","title":{"rendered":"La joie est la cl\u00e9."},"content":{"rendered":"\t\t<div data-elementor-type=\"product-post\" data-elementor-id=\"2625\" class=\"elementor elementor-2625 elementor-1480\" data-elementor-post-type=\"product\">\n\t\t\t\t<div class=\"elementor-element elementor-element-91bfcf3 e-flex e-con-boxed e-con e-parent\" data-id=\"91bfcf3\" data-element_type=\"container\" data-e-type=\"container\">\n\t\t\t\t\t<div class=\"e-con-inner\">\n\t\t\t\t<div class=\"elementor-element elementor-element-123836f elementor-widget elementor-widget-image\" data-id=\"123836f\" data-element_type=\"widget\" data-e-type=\"widget\" data-widget_type=\"image.default\">\n\t\t\t\t<div class=\"elementor-widget-container\">\n\t\t\t\t\t\t\t\t\t\t\t\t\t\t\t<img fetchpriority=\"high\" decoding=\"async\" width=\"800\" height=\"450\" src=\"data:image\/gif;base64,R0lGODlhAQABAAAAACH5BAEKAAEALAAAAAABAAEAAAICTAEAOw==\" class=\"attachment-large size-large wp-image-9103 lazyload\" alt=\"- Orao Doberman odgajiva\u010dnica dobermana\" sizes=\"(max-width: 800px) 100vw, 800px\" title=\"-\" data-src=\"https:\/\/oraodoberman.com\/wp-content\/uploads\/2025\/03\/Izrafel-Joy-Is-The-Key-1024x576.png\" data-srcset=\"https:\/\/oraodoberman.com\/wp-content\/uploads\/2025\/03\/Izrafel-Joy-Is-The-Key-1024x576.png 1024w, https:\/\/oraodoberman.com\/wp-content\/uploads\/2025\/03\/Izrafel-Joy-Is-The-Key-300x169.png 300w, https:\/\/oraodoberman.com\/wp-content\/uploads\/2025\/03\/Izrafel-Joy-Is-The-Key-768x432.png 768w, https:\/\/oraodoberman.com\/wp-content\/uploads\/2025\/03\/Izrafel-Joy-Is-The-Key-1536x864.png 1536w, https:\/\/oraodoberman.com\/wp-content\/uploads\/2025\/03\/Izrafel-Joy-Is-The-Key-2048x1152.png 2048w, https:\/\/oraodoberman.com\/wp-content\/uploads\/2025\/03\/Izrafel-Joy-Is-The-Key-600x338.png 600w\">\t\t\t\t\t\t\t\t\t\t\t\t\t\t\t<\/div>\n\t\t\t\t<\/div>\n\t\t\t\t\t<\/div>\n\t\t\t\t<\/div>\n\t\t<div class=\"elementor-element elementor-element-29e0437 e-flex e-con-boxed e-con e-parent\" data-id=\"29e0437\" data-element_type=\"container\" data-e-type=\"container\">\n\t\t\t\t\t<div class=\"e-con-inner\">\n\t\t\t\t<div class=\"elementor-element elementor-element-44abd85 elementor-widget elementor-widget-gallery\" data-id=\"44abd85\" data-element_type=\"widget\" data-e-type=\"widget\" data-settings=\"{&quot;gallery_layout&quot;:&quot;justified&quot;,&quot;ideal_row_height&quot;:{&quot;unit&quot;:&quot;px&quot;,&quot;size&quot;:500,&quot;sizes&quot;:[]},&quot;lazyload&quot;:&quot;yes&quot;,&quot;ideal_row_height_tablet&quot;:{&quot;unit&quot;:&quot;px&quot;,&quot;size&quot;:150,&quot;sizes&quot;:[]},&quot;ideal_row_height_mobile&quot;:{&quot;unit&quot;:&quot;px&quot;,&quot;size&quot;:150,&quot;sizes&quot;:[]},&quot;gap&quot;:{&quot;unit&quot;:&quot;px&quot;,&quot;size&quot;:10,&quot;sizes&quot;:[]},&quot;gap_tablet&quot;:{&quot;unit&quot;:&quot;px&quot;,&quot;size&quot;:10,&quot;sizes&quot;:[]},&quot;gap_mobile&quot;:{&quot;unit&quot;:&quot;px&quot;,&quot;size&quot;:10,&quot;sizes&quot;:[]},&quot;link_to&quot;:&quot;file&quot;,&quot;overlay_background&quot;:&quot;yes&quot;,&quot;content_hover_animation&quot;:&quot;fade-in&quot;}\" data-widget_type=\"gallery.default\">\n\t\t\t\t<div class=\"elementor-widget-container\">\n\t\t\t\t\t\t\t<div class=\"elementor-gallery__container\">\n\t\t\t\t\t\t\t<a class=\"e-gallery-item elementor-gallery-item elementor-animated-content\" href=\"https:\/\/oraodoberman.com\/wp-content\/uploads\/2025\/03\/Joy-is-the-key-2-odgajivacnica-pasa-Srbija.jpg\" data-elementor-open-lightbox=\"yes\" data-elementor-lightbox-slideshow=\"44abd85\" data-elementor-lightbox-title=\"Joy is the key 2 odgajivacnica pasa Srbija\" data-e-action-hash=\"#elementor-action%3Aaction%3Dlightbox%26settings%3DeyJpZCI6MjQ0MCwidXJsIjoiaHR0cHM6XC9cL29yYW9kb2Jlcm1hbi5jb21cL3dwLWNvbnRlbnRcL3VwbG9hZHNcLzIwMjVcLzAzXC9Kb3ktaXMtdGhlLWtleS0yLW9kZ2FqaXZhY25pY2EtcGFzYS1TcmJpamEuanBnIiwic2xpZGVzaG93IjoiNDRhYmQ4NSJ9\">\n\t\t\t\t\t<div class=\"e-gallery-image elementor-gallery-item__image\" data-thumbnail=\"https:\/\/oraodoberman.com\/wp-content\/uploads\/2025\/03\/Joy-is-the-key-2-odgajivacnica-pasa-Srbija-768x512.jpg\" data-width=\"768\" data-height=\"512\" aria-label=\"\" role=\"img\" ><\/div>\n\t\t\t\t\t\t\t\t\t\t\t<div class=\"elementor-gallery-item__overlay\"><\/div>\n\t\t\t\t\t\t\t\t\t\t\t\t\t\t<\/a>\n\t\t\t\t\t\t\t<a class=\"e-gallery-item elementor-gallery-item elementor-animated-content\" href=\"https:\/\/oraodoberman.com\/wp-content\/uploads\/2025\/03\/Joy-is-the-key-1-odgajivacnica-pasa-Srbija.jpg\" data-elementor-open-lightbox=\"yes\" data-elementor-lightbox-slideshow=\"44abd85\" data-elementor-lightbox-title=\"Joy is the key 1 odgajivacnica pasa Srbija\" data-e-action-hash=\"#elementor-action%3Aaction%3Dlightbox%26settings%3DeyJpZCI6MjQ0NCwidXJsIjoiaHR0cHM6XC9cL29yYW9kb2Jlcm1hbi5jb21cL3dwLWNvbnRlbnRcL3VwbG9hZHNcLzIwMjVcLzAzXC9Kb3ktaXMtdGhlLWtleS0xLW9kZ2FqaXZhY25pY2EtcGFzYS1TcmJpamEuanBnIiwic2xpZGVzaG93IjoiNDRhYmQ4NSJ9\">\n\t\t\t\t\t<div class=\"e-gallery-image elementor-gallery-item__image\" data-thumbnail=\"https:\/\/oraodoberman.com\/wp-content\/uploads\/2025\/03\/Joy-is-the-key-1-odgajivacnica-pasa-Srbija-768x1151.jpg\" data-width=\"768\" data-height=\"1151\" aria-label=\"\" role=\"img\" ><\/div>\n\t\t\t\t\t\t\t\t\t\t\t<div class=\"elementor-gallery-item__overlay\"><\/div>\n\t\t\t\t\t\t\t\t\t\t\t\t\t\t<\/a>\n\t\t\t\t\t<\/div>\n\t\t\t\t\t<\/div>\n\t\t\t\t<\/div>\n\t\t\t\t<div class=\"elementor-element elementor-element-e5e91e7 elementor-widget elementor-widget-text-editor\" data-id=\"e5e91e7\" data-element_type=\"widget\" data-e-type=\"widget\" data-widget_type=\"text-editor.default\">\n\t\t\t\t<div class=\"elementor-widget-container\">\n\t\t\t\t\t\t\t\t\t<p>Femelle noire, squelette fort, t\u00eate tr\u00e8s prononc\u00e9e et forte. La qualit\u00e9 de construction se reconna\u00eet \u00e0 la nettet\u00e9 du corps, aux beaux angles avant et arri\u00e8re, \u00e0 la t\u00eate s\u00e8che, aux yeux nettement fonc\u00e9s et aux gencives de qualit\u00e9. Une constitution un peu plus robuste pour une femelle, un exemple id\u00e9al de chien de travail, tant en termes de constitution physique que d&rsquo;instincts de travail tr\u00e8s exprim\u00e9s.<\/p>\t\t\t\t\t\t\t\t<\/div>\n\t\t\t\t<\/div>\n\t\t\t\t\t<\/div>\n\t\t\t\t<\/div>\n\t\t\t\t<\/div>\n\t\t","protected":false},"excerpt":{"rendered":"<ul>\n<li><strong><em>La joie est la cl\u00e9.<\/em><\/strong><\/li>\n<li><strong>Sexe : F\u00e9minin<\/strong><\/li>\n<li><strong>Naissance : 16.12.2021<\/strong><\/li>\n<li><strong>Couleur : Noir et beige<\/strong><\/li>\n<li><strong>Fahir Giddy Bloddom x Izrafel X5 Xaya<\/strong><\/li>\n<li><strong>HD-A  <\/strong><\/li>\n<li><strong>DCM clair<\/strong><\/li>\n<li><strong>transporteur vWD<\/strong><\/li>\n<\/ul>\n","protected":false},"featured_media":2160,"comment_status":"open","ping_status":"closed","template":"","meta":[],"product_brand":[],"product_cat":[100],"product_tag":[],"class_list":{"0":"post-2625","1":"product","2":"type-product","3":"status-publish","4":"has-post-thumbnail","6":"product_cat-nos-dobermans","8":"first","9":"instock","10":"shipping-taxable","11":"product-type-simple"},"_links":{"self":[{"href":"https:\/\/oraodoberman.com\/fr\/wp-json\/wp\/v2\/product\/2625","targetHints":{"allow":["GET"]}}],"collection":[{"href":"https:\/\/oraodoberman.com\/fr\/wp-json\/wp\/v2\/product"}],"about":[{"href":"https:\/\/oraodoberman.com\/fr\/wp-json\/wp\/v2\/types\/product"}],"replies":[{"embeddable":true,"href":"https:\/\/oraodoberman.com\/fr\/wp-json\/wp\/v2\/comments?post=2625"}],"version-history":[{"count":3,"href":"https:\/\/oraodoberman.com\/fr\/wp-json\/wp\/v2\/product\/2625\/revisions"}],"predecessor-version":[{"id":9257,"href":"https:\/\/oraodoberman.com\/fr\/wp-json\/wp\/v2\/product\/2625\/revisions\/9257"}],"wp:featuredmedia":[{"embeddable":true,"href":"https:\/\/oraodoberman.com\/fr\/wp-json\/wp\/v2\/media\/2160"}],"wp:attachment":[{"href":"https:\/\/oraodoberman.com\/fr\/wp-json\/wp\/v2\/media?parent=2625"}],"wp:term":[{"taxonomy":"product_brand","embeddable":true,"href":"https:\/\/oraodoberman.com\/fr\/wp-json\/wp\/v2\/product_brand?post=2625"},{"taxonomy":"product_cat","embeddable":true,"href":"https:\/\/oraodoberman.com\/fr\/wp-json\/wp\/v2\/product_cat?post=2625"},{"taxonomy":"product_tag","embeddable":true,"href":"https:\/\/oraodoberman.com\/fr\/wp-json\/wp\/v2\/product_tag?post=2625"}],"curies":[{"name":"wp","href":"https:\/\/api.w.org\/{rel}","templated":true}]}}