{"id":10297,"date":"2026-02-22T21:54:07","date_gmt":"2026-02-22T20:54:07","guid":{"rendered":"https:\/\/oraodoberman.com\/?post_type=product&#038;p=10297"},"modified":"2026-02-22T21:56:37","modified_gmt":"2026-02-22T20:56:37","slug":"melody-aria-di-orao","status":"publish","type":"product","link":"https:\/\/oraodoberman.com\/fr\/chiens-dobermans\/doberman-a-vendre\/melody-aria-di-orao\/","title":{"rendered":"Melody Aria di Orao"},"content":{"rendered":"\t\t<div data-elementor-type=\"product-post\" data-elementor-id=\"10297\" class=\"elementor elementor-10297\" data-elementor-post-type=\"product\">\n\t\t\t\t<div class=\"elementor-element elementor-element-5663d64 e-flex e-con-boxed e-con e-parent\" data-id=\"5663d64\" data-element_type=\"container\" data-e-type=\"container\">\n\t\t\t\t\t<div class=\"e-con-inner\">\n\t\t\t\t<div class=\"elementor-element elementor-element-3cc0574 elementor-widget elementor-widget-text-editor\" data-id=\"3cc0574\" data-element_type=\"widget\" data-e-type=\"widget\" data-widget_type=\"text-editor.default\">\n\t\t\t\t<div class=\"elementor-widget-container\">\n\t\t\t\t\t\t\t\t\t<h6 class=\"font-claude-response-body break-words whitespace-normal leading-[1.7]\"><em><strong>D\u00e9couvrez notre chiot femelle Dobermann noir<\/strong><\/em><\/h6><p class=\"font-claude-response-body break-words whitespace-normal leading-[1.7]\">Cette magnifique chiot Dobermann noire est de la joie pure envelopp\u00e9e dans une robe \u00e9l\u00e9gante noire et feu. C\u00e2line, affectueuse et avec une \u00e9nergie qui illumine chaque pi\u00e8ce, cette petite a le don naturel de r\u00e9pandre le bonheur autour d&rsquo;elle.<\/p><p class=\"font-claude-response-body break-words whitespace-normal leading-[1.7]\">D\u00e8s la premi\u00e8re minute, elle devient le centre de la famille. Elle adore \u00eatre au c\u0153ur de tout, participer \u00e0 chaque moment de la journ\u00e9e et distribuer son amour sans limites \u00e0 quiconque s&rsquo;approche d&rsquo;elle. Son caract\u00e8re \u00e9quilibr\u00e9 et sa nature affectueuse en font la compagne parfaite pour les foyers pleins de vie, de rires et de mouvement.<\/p><p class=\"font-claude-response-body break-words whitespace-normal leading-[1.7]\">Avec les enfants, c&rsquo;est une merveille, patiente et joueuse \u00e0 la fois. Avec les adultes, une source in\u00e9puisable de tendresse et de loyaut\u00e9.<\/p><p class=\"font-claude-response-body break-words whitespace-normal leading-[1.7]\">\u00c9lev\u00e9e selon les plus hauts standards europ\u00e9ens au chenil Orao Dobermann, ce petit joyau noir est pr\u00eat \u00e0 remplir ton foyer d&rsquo;amour pour toujours.<\/p>\t\t\t\t\t\t\t\t<\/div>\n\t\t\t\t<\/div>\n\t\t\t\t<div class=\"elementor-element elementor-element-af33555 elementor-widget elementor-widget-gallery\" data-id=\"af33555\" data-element_type=\"widget\" data-e-type=\"widget\" data-settings=\"{&quot;columns&quot;:2,&quot;lazyload&quot;:&quot;yes&quot;,&quot;gallery_layout&quot;:&quot;grid&quot;,&quot;columns_tablet&quot;:2,&quot;columns_mobile&quot;:1,&quot;gap&quot;:{&quot;unit&quot;:&quot;px&quot;,&quot;size&quot;:10,&quot;sizes&quot;:[]},&quot;gap_tablet&quot;:{&quot;unit&quot;:&quot;px&quot;,&quot;size&quot;:10,&quot;sizes&quot;:[]},&quot;gap_mobile&quot;:{&quot;unit&quot;:&quot;px&quot;,&quot;size&quot;:10,&quot;sizes&quot;:[]},&quot;link_to&quot;:&quot;file&quot;,&quot;aspect_ratio&quot;:&quot;3:2&quot;,&quot;overlay_background&quot;:&quot;yes&quot;,&quot;content_hover_animation&quot;:&quot;fade-in&quot;}\" data-widget_type=\"gallery.default\">\n\t\t\t\t<div class=\"elementor-widget-container\">\n\t\t\t\t\t\t\t<div class=\"elementor-gallery__container\">\n\t\t\t\t\t\t\t<a class=\"e-gallery-item elementor-gallery-item elementor-animated-content\" href=\"https:\/\/oraodoberman.com\/wp-content\/uploads\/2026\/01\/DSC_4814.jpg\" data-elementor-open-lightbox=\"yes\" data-elementor-lightbox-slideshow=\"af33555\" data-elementor-lightbox-title=\"DSC_4814\" data-e-action-hash=\"#elementor-action%3Aaction%3Dlightbox%26settings%3DeyJpZCI6OTYwOCwidXJsIjoiaHR0cHM6XC9cL29yYW9kb2Jlcm1hbi5jb21cL3dwLWNvbnRlbnRcL3VwbG9hZHNcLzIwMjZcLzAxXC9EU0NfNDgxNC5qcGciLCJzbGlkZXNob3ciOiJhZjMzNTU1In0%3D\">\n\t\t\t\t\t<div class=\"e-gallery-image elementor-gallery-item__image\" data-thumbnail=\"https:\/\/oraodoberman.com\/wp-content\/uploads\/2026\/01\/DSC_4814-200x300.jpg\" data-width=\"200\" data-height=\"300\" aria-label=\"\" role=\"img\" ><\/div>\n\t\t\t\t\t\t\t\t\t\t\t<div class=\"elementor-gallery-item__overlay\"><\/div>\n\t\t\t\t\t\t\t\t\t\t\t\t\t\t<\/a>\n\t\t\t\t\t\t\t<a class=\"e-gallery-item elementor-gallery-item elementor-animated-content\" href=\"https:\/\/oraodoberman.com\/wp-content\/uploads\/2026\/01\/DSC_4815.jpg\" data-elementor-open-lightbox=\"yes\" data-elementor-lightbox-slideshow=\"af33555\" data-elementor-lightbox-title=\"DSC_4815\" data-e-action-hash=\"#elementor-action%3Aaction%3Dlightbox%26settings%3DeyJpZCI6OTYwMiwidXJsIjoiaHR0cHM6XC9cL29yYW9kb2Jlcm1hbi5jb21cL3dwLWNvbnRlbnRcL3VwbG9hZHNcLzIwMjZcLzAxXC9EU0NfNDgxNS5qcGciLCJzbGlkZXNob3ciOiJhZjMzNTU1In0%3D\">\n\t\t\t\t\t<div class=\"e-gallery-image elementor-gallery-item__image\" data-thumbnail=\"https:\/\/oraodoberman.com\/wp-content\/uploads\/2026\/01\/DSC_4815-200x300.jpg\" data-width=\"200\" data-height=\"300\" aria-label=\"\" role=\"img\" ><\/div>\n\t\t\t\t\t\t\t\t\t\t\t<div class=\"elementor-gallery-item__overlay\"><\/div>\n\t\t\t\t\t\t\t\t\t\t\t\t\t\t<\/a>\n\t\t\t\t\t\t\t<a class=\"e-gallery-item elementor-gallery-item elementor-animated-content\" href=\"https:\/\/oraodoberman.com\/wp-content\/uploads\/2026\/01\/DSC_4817.jpg\" data-elementor-open-lightbox=\"yes\" data-elementor-lightbox-slideshow=\"af33555\" data-elementor-lightbox-title=\"DSC_4817\" data-e-action-hash=\"#elementor-action%3Aaction%3Dlightbox%26settings%3DeyJpZCI6OTU4NCwidXJsIjoiaHR0cHM6XC9cL29yYW9kb2Jlcm1hbi5jb21cL3dwLWNvbnRlbnRcL3VwbG9hZHNcLzIwMjZcLzAxXC9EU0NfNDgxNy5qcGciLCJzbGlkZXNob3ciOiJhZjMzNTU1In0%3D\">\n\t\t\t\t\t<div class=\"e-gallery-image elementor-gallery-item__image\" data-thumbnail=\"https:\/\/oraodoberman.com\/wp-content\/uploads\/2026\/01\/DSC_4817-200x300.jpg\" data-width=\"200\" data-height=\"300\" aria-label=\"\" role=\"img\" ><\/div>\n\t\t\t\t\t\t\t\t\t\t\t<div class=\"elementor-gallery-item__overlay\"><\/div>\n\t\t\t\t\t\t\t\t\t\t\t\t\t\t<\/a>\n\t\t\t\t\t\t\t<a class=\"e-gallery-item elementor-gallery-item elementor-animated-content\" href=\"https:\/\/oraodoberman.com\/wp-content\/uploads\/2026\/01\/DSC_4824.jpg\" data-elementor-open-lightbox=\"yes\" data-elementor-lightbox-slideshow=\"af33555\" data-elementor-lightbox-title=\"DSC_4824\" data-e-action-hash=\"#elementor-action%3Aaction%3Dlightbox%26settings%3DeyJpZCI6OTU5NiwidXJsIjoiaHR0cHM6XC9cL29yYW9kb2Jlcm1hbi5jb21cL3dwLWNvbnRlbnRcL3VwbG9hZHNcLzIwMjZcLzAxXC9EU0NfNDgyNC5qcGciLCJzbGlkZXNob3ciOiJhZjMzNTU1In0%3D\">\n\t\t\t\t\t<div class=\"e-gallery-image elementor-gallery-item__image\" data-thumbnail=\"https:\/\/oraodoberman.com\/wp-content\/uploads\/2026\/01\/DSC_4824-300x200.jpg\" data-width=\"300\" data-height=\"200\" aria-label=\"\" role=\"img\" ><\/div>\n\t\t\t\t\t\t\t\t\t\t\t<div class=\"elementor-gallery-item__overlay\"><\/div>\n\t\t\t\t\t\t\t\t\t\t\t\t\t\t<\/a>\n\t\t\t\t\t\t\t<a class=\"e-gallery-item elementor-gallery-item elementor-animated-content\" href=\"https:\/\/oraodoberman.com\/wp-content\/uploads\/2026\/01\/DSC_4827.jpg\" data-elementor-open-lightbox=\"yes\" data-elementor-lightbox-slideshow=\"af33555\" data-elementor-lightbox-title=\"DSC_4827\" data-e-action-hash=\"#elementor-action%3Aaction%3Dlightbox%26settings%3DeyJpZCI6OTU5MCwidXJsIjoiaHR0cHM6XC9cL29yYW9kb2Jlcm1hbi5jb21cL3dwLWNvbnRlbnRcL3VwbG9hZHNcLzIwMjZcLzAxXC9EU0NfNDgyNy5qcGciLCJzbGlkZXNob3ciOiJhZjMzNTU1In0%3D\">\n\t\t\t\t\t<div class=\"e-gallery-image elementor-gallery-item__image\" data-thumbnail=\"https:\/\/oraodoberman.com\/wp-content\/uploads\/2026\/01\/DSC_4827-300x200.jpg\" data-width=\"300\" data-height=\"200\" aria-label=\"\" role=\"img\" ><\/div>\n\t\t\t\t\t\t\t\t\t\t\t<div class=\"elementor-gallery-item__overlay\"><\/div>\n\t\t\t\t\t\t\t\t\t\t\t\t\t\t<\/a>\n\t\t\t\t\t<\/div>\n\t\t\t\t\t<\/div>\n\t\t\t\t<\/div>\n\t\t\t\t\t<\/div>\n\t\t\t\t<\/div>\n\t\t\t\t<\/div>\n\t\t","protected":false},"excerpt":{"rendered":"<p>D\u00e9couvrez notre chiot femelle Dobermann noir Cette magnifique chiot Dobermann noire est de la joie pure envelopp\u00e9e dans une robe \u00e9l\u00e9gante noire et feu. C\u00e2line, affectueuse et avec une \u00e9nergie qui illumine chaque pi\u00e8ce, cette petite a le don naturel de r\u00e9pandre le bonheur autour d&rsquo;elle. D\u00e8s la premi\u00e8re minute, elle devient le centre de [&hellip;]<\/p>\n","protected":false},"featured_media":9608,"comment_status":"open","ping_status":"closed","template":"","meta":[],"product_brand":[],"product_cat":[103,155],"product_tag":[],"class_list":{"0":"post-10297","1":"product","2":"type-product","3":"status-publish","4":"has-post-thumbnail","6":"product_cat-doberman-a-vendre","7":"product_cat-m-litter","9":"first","10":"instock","11":"shipping-taxable","12":"product-type-simple"},"_links":{"self":[{"href":"https:\/\/oraodoberman.com\/fr\/wp-json\/wp\/v2\/product\/10297","targetHints":{"allow":["GET"]}}],"collection":[{"href":"https:\/\/oraodoberman.com\/fr\/wp-json\/wp\/v2\/product"}],"about":[{"href":"https:\/\/oraodoberman.com\/fr\/wp-json\/wp\/v2\/types\/product"}],"replies":[{"embeddable":true,"href":"https:\/\/oraodoberman.com\/fr\/wp-json\/wp\/v2\/comments?post=10297"}],"version-history":[{"count":4,"href":"https:\/\/oraodoberman.com\/fr\/wp-json\/wp\/v2\/product\/10297\/revisions"}],"predecessor-version":[{"id":10301,"href":"https:\/\/oraodoberman.com\/fr\/wp-json\/wp\/v2\/product\/10297\/revisions\/10301"}],"wp:featuredmedia":[{"embeddable":true,"href":"https:\/\/oraodoberman.com\/fr\/wp-json\/wp\/v2\/media\/9608"}],"wp:attachment":[{"href":"https:\/\/oraodoberman.com\/fr\/wp-json\/wp\/v2\/media?parent=10297"}],"wp:term":[{"taxonomy":"product_brand","embeddable":true,"href":"https:\/\/oraodoberman.com\/fr\/wp-json\/wp\/v2\/product_brand?post=10297"},{"taxonomy":"product_cat","embeddable":true,"href":"https:\/\/oraodoberman.com\/fr\/wp-json\/wp\/v2\/product_cat?post=10297"},{"taxonomy":"product_tag","embeddable":true,"href":"https:\/\/oraodoberman.com\/fr\/wp-json\/wp\/v2\/product_tag?post=10297"}],"curies":[{"name":"wp","href":"https:\/\/api.w.org\/{rel}","templated":true}]}}