{"id":10282,"date":"2026-02-22T21:42:28","date_gmt":"2026-02-22T20:42:28","guid":{"rendered":"https:\/\/oraodoberman.com\/?post_type=product&#038;p=10282"},"modified":"2026-02-22T21:45:19","modified_gmt":"2026-02-22T20:45:19","slug":"monsun-di-orao","status":"publish","type":"product","link":"https:\/\/oraodoberman.com\/fr\/chiens-dobermans\/doberman-a-vendre\/monsun-di-orao\/","title":{"rendered":"Monsun di Orao"},"content":{"rendered":"\t\t<div data-elementor-type=\"product-post\" data-elementor-id=\"10282\" class=\"elementor elementor-10282\" data-elementor-post-type=\"product\">\n\t\t\t\t<div class=\"elementor-element elementor-element-6ccecff e-flex e-con-boxed e-con e-parent\" data-id=\"6ccecff\" data-element_type=\"container\" data-e-type=\"container\">\n\t\t\t\t\t<div class=\"e-con-inner\">\n\t\t\t\t<div class=\"elementor-element elementor-element-d875924 elementor-widget elementor-widget-text-editor\" data-id=\"d875924\" data-element_type=\"widget\" data-e-type=\"widget\" data-widget_type=\"text-editor.default\">\n\t\t\t\t<div class=\"elementor-widget-container\">\n\t\t\t\t\t\t\t\t\t<h6 class=\"font-claude-response-body break-words whitespace-normal leading-[1.7]\"><em><strong>D\u00e9couvrez notre chiot m\u00e2le Dobermann brun<\/strong><\/em><\/h6><p class=\"font-claude-response-body break-words whitespace-normal leading-[1.7]\">Ce superbe chiot Dobermann brun est un tourbillon d&rsquo;\u00e9nergie et de personnalit\u00e9 d\u00e8s la premi\u00e8re seconde. Temp\u00e9ramentueux, vibrant et plein de vie, il est n\u00e9 pour vivre de grandes aventures aux c\u00f4t\u00e9s de ceux qui ne tiennent pas en place.<\/p><p class=\"font-claude-response-body break-words whitespace-normal leading-[1.7]\">Son caract\u00e8re espi\u00e8gle et joueur le rend irr\u00e9sistible. Toujours pr\u00eat pour le prochain jeu, la prochaine course, le prochain moment de pure joie. C&rsquo;est le genre de chien qui te vole le c\u0153ur d\u00e8s le premier regard et ne te le rend jamais.<\/p><p class=\"font-claude-response-body break-words whitespace-normal leading-[1.7]\">Parfait pour les familles actives et les personnes qui vivent la vie \u00e0 fond, ce chiot a besoin et m\u00e9rite un environnement plein de mouvement, de stimulations et d&rsquo;amour. En \u00e9change, il t&rsquo;offrira une loyaut\u00e9 absolue et une affection sans limites.<\/p><p class=\"font-claude-response-body break-words whitespace-normal leading-[1.7]\">\u00c9lev\u00e9 selon les plus hauts standards europ\u00e9ens au chenil Orao Dobermann, ce petit aventurier est pr\u00eat \u00e0 devenir le grand amour de ta vie et ton fid\u00e8le compagnon pour toujours.<\/p>\t\t\t\t\t\t\t\t<\/div>\n\t\t\t\t<\/div>\n\t\t\t\t<div class=\"elementor-element elementor-element-6fc9164 elementor-widget elementor-widget-gallery\" data-id=\"6fc9164\" data-element_type=\"widget\" data-e-type=\"widget\" data-settings=\"{&quot;columns&quot;:2,&quot;lazyload&quot;:&quot;yes&quot;,&quot;gallery_layout&quot;:&quot;grid&quot;,&quot;columns_tablet&quot;:2,&quot;columns_mobile&quot;:1,&quot;gap&quot;:{&quot;unit&quot;:&quot;px&quot;,&quot;size&quot;:10,&quot;sizes&quot;:[]},&quot;gap_tablet&quot;:{&quot;unit&quot;:&quot;px&quot;,&quot;size&quot;:10,&quot;sizes&quot;:[]},&quot;gap_mobile&quot;:{&quot;unit&quot;:&quot;px&quot;,&quot;size&quot;:10,&quot;sizes&quot;:[]},&quot;link_to&quot;:&quot;file&quot;,&quot;aspect_ratio&quot;:&quot;3:2&quot;,&quot;overlay_background&quot;:&quot;yes&quot;,&quot;content_hover_animation&quot;:&quot;fade-in&quot;}\" data-widget_type=\"gallery.default\">\n\t\t\t\t<div class=\"elementor-widget-container\">\n\t\t\t\t\t\t\t<div class=\"elementor-gallery__container\">\n\t\t\t\t\t\t\t<a class=\"e-gallery-item elementor-gallery-item elementor-animated-content\" href=\"https:\/\/oraodoberman.com\/wp-content\/uploads\/2026\/01\/DSC_4510.jpg\" data-elementor-open-lightbox=\"yes\" data-elementor-lightbox-slideshow=\"6fc9164\" data-elementor-lightbox-title=\"DSC_4510\" data-e-action-hash=\"#elementor-action%3Aaction%3Dlightbox%26settings%3DeyJpZCI6OTkyNiwidXJsIjoiaHR0cHM6XC9cL29yYW9kb2Jlcm1hbi5jb21cL3dwLWNvbnRlbnRcL3VwbG9hZHNcLzIwMjZcLzAxXC9EU0NfNDUxMC5qcGciLCJzbGlkZXNob3ciOiI2ZmM5MTY0In0%3D\">\n\t\t\t\t\t<div class=\"e-gallery-image elementor-gallery-item__image\" data-thumbnail=\"https:\/\/oraodoberman.com\/wp-content\/uploads\/2026\/01\/DSC_4510-200x300.jpg\" data-width=\"200\" data-height=\"300\" aria-label=\"\" role=\"img\" ><\/div>\n\t\t\t\t\t\t\t\t\t\t\t<div class=\"elementor-gallery-item__overlay\"><\/div>\n\t\t\t\t\t\t\t\t\t\t\t\t\t\t<\/a>\n\t\t\t\t\t\t\t<a class=\"e-gallery-item elementor-gallery-item elementor-animated-content\" href=\"https:\/\/oraodoberman.com\/wp-content\/uploads\/2026\/01\/DSC_4509.jpg\" data-elementor-open-lightbox=\"yes\" data-elementor-lightbox-slideshow=\"6fc9164\" data-elementor-lightbox-title=\"DSC_4509\" data-e-action-hash=\"#elementor-action%3Aaction%3Dlightbox%26settings%3DeyJpZCI6OTkzOCwidXJsIjoiaHR0cHM6XC9cL29yYW9kb2Jlcm1hbi5jb21cL3dwLWNvbnRlbnRcL3VwbG9hZHNcLzIwMjZcLzAxXC9EU0NfNDUwOS5qcGciLCJzbGlkZXNob3ciOiI2ZmM5MTY0In0%3D\">\n\t\t\t\t\t<div class=\"e-gallery-image elementor-gallery-item__image\" data-thumbnail=\"https:\/\/oraodoberman.com\/wp-content\/uploads\/2026\/01\/DSC_4509-200x300.jpg\" data-width=\"200\" data-height=\"300\" aria-label=\"\" role=\"img\" ><\/div>\n\t\t\t\t\t\t\t\t\t\t\t<div class=\"elementor-gallery-item__overlay\"><\/div>\n\t\t\t\t\t\t\t\t\t\t\t\t\t\t<\/a>\n\t\t\t\t\t\t\t<a class=\"e-gallery-item elementor-gallery-item elementor-animated-content\" href=\"https:\/\/oraodoberman.com\/wp-content\/uploads\/2026\/01\/DSC_4507.jpg\" data-elementor-open-lightbox=\"yes\" data-elementor-lightbox-slideshow=\"6fc9164\" data-elementor-lightbox-title=\"DSC_4507\" data-e-action-hash=\"#elementor-action%3Aaction%3Dlightbox%26settings%3DeyJpZCI6OTkzMiwidXJsIjoiaHR0cHM6XC9cL29yYW9kb2Jlcm1hbi5jb21cL3dwLWNvbnRlbnRcL3VwbG9hZHNcLzIwMjZcLzAxXC9EU0NfNDUwNy5qcGciLCJzbGlkZXNob3ciOiI2ZmM5MTY0In0%3D\">\n\t\t\t\t\t<div class=\"e-gallery-image elementor-gallery-item__image\" data-thumbnail=\"https:\/\/oraodoberman.com\/wp-content\/uploads\/2026\/01\/DSC_4507-200x300.jpg\" data-width=\"200\" data-height=\"300\" aria-label=\"\" role=\"img\" ><\/div>\n\t\t\t\t\t\t\t\t\t\t\t<div class=\"elementor-gallery-item__overlay\"><\/div>\n\t\t\t\t\t\t\t\t\t\t\t\t\t\t<\/a>\n\t\t\t\t\t\t\t<a class=\"e-gallery-item elementor-gallery-item elementor-animated-content\" href=\"https:\/\/oraodoberman.com\/wp-content\/uploads\/2026\/01\/DSC_4513.jpg\" data-elementor-open-lightbox=\"yes\" data-elementor-lightbox-slideshow=\"6fc9164\" data-elementor-lightbox-title=\"DSC_4513\" data-e-action-hash=\"#elementor-action%3Aaction%3Dlightbox%26settings%3DeyJpZCI6OTk0NCwidXJsIjoiaHR0cHM6XC9cL29yYW9kb2Jlcm1hbi5jb21cL3dwLWNvbnRlbnRcL3VwbG9hZHNcLzIwMjZcLzAxXC9EU0NfNDUxMy5qcGciLCJzbGlkZXNob3ciOiI2ZmM5MTY0In0%3D\">\n\t\t\t\t\t<div class=\"e-gallery-image elementor-gallery-item__image\" data-thumbnail=\"https:\/\/oraodoberman.com\/wp-content\/uploads\/2026\/01\/DSC_4513-300x200.jpg\" data-width=\"300\" data-height=\"200\" aria-label=\"\" role=\"img\" ><\/div>\n\t\t\t\t\t\t\t\t\t\t\t<div class=\"elementor-gallery-item__overlay\"><\/div>\n\t\t\t\t\t\t\t\t\t\t\t\t\t\t<\/a>\n\t\t\t\t\t\t\t<a class=\"e-gallery-item elementor-gallery-item elementor-animated-content\" href=\"https:\/\/oraodoberman.com\/wp-content\/uploads\/2026\/01\/DSC_4528.jpg\" data-elementor-open-lightbox=\"yes\" data-elementor-lightbox-slideshow=\"6fc9164\" data-elementor-lightbox-title=\"DSC_4528\" data-e-action-hash=\"#elementor-action%3Aaction%3Dlightbox%26settings%3DeyJpZCI6OTkyMCwidXJsIjoiaHR0cHM6XC9cL29yYW9kb2Jlcm1hbi5jb21cL3dwLWNvbnRlbnRcL3VwbG9hZHNcLzIwMjZcLzAxXC9EU0NfNDUyOC5qcGciLCJzbGlkZXNob3ciOiI2ZmM5MTY0In0%3D\">\n\t\t\t\t\t<div class=\"e-gallery-image elementor-gallery-item__image\" data-thumbnail=\"https:\/\/oraodoberman.com\/wp-content\/uploads\/2026\/01\/DSC_4528-300x200.jpg\" data-width=\"300\" data-height=\"200\" aria-label=\"\" role=\"img\" ><\/div>\n\t\t\t\t\t\t\t\t\t\t\t<div class=\"elementor-gallery-item__overlay\"><\/div>\n\t\t\t\t\t\t\t\t\t\t\t\t\t\t<\/a>\n\t\t\t\t\t<\/div>\n\t\t\t\t\t<\/div>\n\t\t\t\t<\/div>\n\t\t\t\t\t<\/div>\n\t\t\t\t<\/div>\n\t\t\t\t<\/div>\n\t\t","protected":false},"excerpt":{"rendered":"<p>D\u00e9couvrez notre chiot m\u00e2le Dobermann brun Ce superbe chiot Dobermann brun est un tourbillon d&rsquo;\u00e9nergie et de personnalit\u00e9 d\u00e8s la premi\u00e8re seconde. Temp\u00e9ramentueux, vibrant et plein de vie, il est n\u00e9 pour vivre de grandes aventures aux c\u00f4t\u00e9s de ceux qui ne tiennent pas en place. Son caract\u00e8re espi\u00e8gle et joueur le rend irr\u00e9sistible. Toujours [&hellip;]<\/p>\n","protected":false},"featured_media":9938,"comment_status":"open","ping_status":"closed","template":"","meta":[],"product_brand":[],"product_cat":[103,155],"product_tag":[],"class_list":{"0":"post-10282","1":"product","2":"type-product","3":"status-publish","4":"has-post-thumbnail","6":"product_cat-doberman-a-vendre","7":"product_cat-m-litter","9":"first","10":"instock","11":"shipping-taxable","12":"product-type-simple"},"_links":{"self":[{"href":"https:\/\/oraodoberman.com\/fr\/wp-json\/wp\/v2\/product\/10282","targetHints":{"allow":["GET"]}}],"collection":[{"href":"https:\/\/oraodoberman.com\/fr\/wp-json\/wp\/v2\/product"}],"about":[{"href":"https:\/\/oraodoberman.com\/fr\/wp-json\/wp\/v2\/types\/product"}],"replies":[{"embeddable":true,"href":"https:\/\/oraodoberman.com\/fr\/wp-json\/wp\/v2\/comments?post=10282"}],"version-history":[{"count":4,"href":"https:\/\/oraodoberman.com\/fr\/wp-json\/wp\/v2\/product\/10282\/revisions"}],"predecessor-version":[{"id":10286,"href":"https:\/\/oraodoberman.com\/fr\/wp-json\/wp\/v2\/product\/10282\/revisions\/10286"}],"wp:featuredmedia":[{"embeddable":true,"href":"https:\/\/oraodoberman.com\/fr\/wp-json\/wp\/v2\/media\/9938"}],"wp:attachment":[{"href":"https:\/\/oraodoberman.com\/fr\/wp-json\/wp\/v2\/media?parent=10282"}],"wp:term":[{"taxonomy":"product_brand","embeddable":true,"href":"https:\/\/oraodoberman.com\/fr\/wp-json\/wp\/v2\/product_brand?post=10282"},{"taxonomy":"product_cat","embeddable":true,"href":"https:\/\/oraodoberman.com\/fr\/wp-json\/wp\/v2\/product_cat?post=10282"},{"taxonomy":"product_tag","embeddable":true,"href":"https:\/\/oraodoberman.com\/fr\/wp-json\/wp\/v2\/product_tag?post=10282"}],"curies":[{"name":"wp","href":"https:\/\/api.w.org\/{rel}","templated":true}]}}