{"id":10276,"date":"2026-02-22T21:36:58","date_gmt":"2026-02-22T20:36:58","guid":{"rendered":"https:\/\/oraodoberman.com\/?post_type=product&#038;p=10276"},"modified":"2026-02-22T21:41:18","modified_gmt":"2026-02-22T20:41:18","slug":"elementor-10276","status":"publish","type":"product","link":"https:\/\/oraodoberman.com\/fr\/chiens-dobermans\/doberman-a-vendre\/elementor-10276\/","title":{"rendered":"Maggie di Orao"},"content":{"rendered":"\t\t<div data-elementor-type=\"product-post\" data-elementor-id=\"10276\" class=\"elementor elementor-10276\" data-elementor-post-type=\"product\">\n\t\t\t\t<div class=\"elementor-element elementor-element-f2c82a3 e-flex e-con-boxed e-con e-parent\" data-id=\"f2c82a3\" data-element_type=\"container\" data-e-type=\"container\">\n\t\t\t\t\t<div class=\"e-con-inner\">\n\t\t\t\t<div class=\"elementor-element elementor-element-121ab96 elementor-widget elementor-widget-text-editor\" data-id=\"121ab96\" data-element_type=\"widget\" data-e-type=\"widget\" data-widget_type=\"text-editor.default\">\n\t\t\t\t<div class=\"elementor-widget-container\">\n\t\t\t\t\t\t\t\t\t<h6 class=\"font-claude-response-body break-words whitespace-normal leading-[1.7]\"><em><strong>D\u00e9couvrez notre petite merveille brune<\/strong><\/em><\/h6><p class=\"font-claude-response-body break-words whitespace-normal leading-[1.7]\">Cette magnifique chienne Dobermann brune est de l&rsquo;\u00e9nergie pure et de l&rsquo;amour envelopp\u00e9s dans un corps \u00e9l\u00e9gant. Son caract\u00e8re joyeux et joueur en fait la compa\u00f1\u00e8re id\u00e9ale pour toute famille \u00e0 la recherche d&rsquo;un nouveau membre d\u00e9bordant de joie de vivre.<\/p><p class=\"font-claude-response-body break-words whitespace-normal leading-[1.7]\">D\u00e8s le premier instant, elle conquiert tous les c\u0153urs par sa nature affectueuse et son temp\u00e9rament \u00e9quilibr\u00e9. Elle adore jouer, explorer et rester toujours proche des personnes qu&rsquo;elle aime. Active, curieuse et pleine d&rsquo;enthousiasme, elle est pr\u00eate \u00e0 t&rsquo;accompagner dans chaque aventure du quotidien.<\/p><p class=\"font-claude-response-body break-words whitespace-normal leading-[1.7]\">\u00c9lev\u00e9e selon les plus hauts standards europ\u00e9ens au chenil Orao Dobermann, cette petite fille a re\u00e7u d\u00e8s sa naissance l&rsquo;amour, les soins et la socialisation n\u00e9cessaires pour s&rsquo;int\u00e9grer parfaitement dans sa nouvelle famille.<\/p><p class=\"font-claude-response-body break-words whitespace-normal leading-[1.7]\">Si tu cherches une chienne loyale, intelligente et rayonnante de joie, cette petite est n\u00e9e pour devenir le grand amour de ton foyer.<\/p>\t\t\t\t\t\t\t\t<\/div>\n\t\t\t\t<\/div>\n\t\t\t\t<div class=\"elementor-element elementor-element-b62fd82 elementor-widget elementor-widget-gallery\" data-id=\"b62fd82\" data-element_type=\"widget\" data-e-type=\"widget\" data-settings=\"{&quot;columns&quot;:2,&quot;lazyload&quot;:&quot;yes&quot;,&quot;gallery_layout&quot;:&quot;grid&quot;,&quot;columns_tablet&quot;:2,&quot;columns_mobile&quot;:1,&quot;gap&quot;:{&quot;unit&quot;:&quot;px&quot;,&quot;size&quot;:10,&quot;sizes&quot;:[]},&quot;gap_tablet&quot;:{&quot;unit&quot;:&quot;px&quot;,&quot;size&quot;:10,&quot;sizes&quot;:[]},&quot;gap_mobile&quot;:{&quot;unit&quot;:&quot;px&quot;,&quot;size&quot;:10,&quot;sizes&quot;:[]},&quot;link_to&quot;:&quot;file&quot;,&quot;aspect_ratio&quot;:&quot;3:2&quot;,&quot;overlay_background&quot;:&quot;yes&quot;,&quot;content_hover_animation&quot;:&quot;fade-in&quot;}\" data-widget_type=\"gallery.default\">\n\t\t\t\t<div class=\"elementor-widget-container\">\n\t\t\t\t\t\t\t<div class=\"elementor-gallery__container\">\n\t\t\t\t\t\t\t<a class=\"e-gallery-item elementor-gallery-item elementor-animated-content\" href=\"https:\/\/oraodoberman.com\/wp-content\/uploads\/2026\/01\/DSC_4772.jpg\" data-elementor-open-lightbox=\"yes\" data-elementor-lightbox-slideshow=\"b62fd82\" data-elementor-lightbox-title=\"DSC_4772\" data-e-action-hash=\"#elementor-action%3Aaction%3Dlightbox%26settings%3DeyJpZCI6OTYzOCwidXJsIjoiaHR0cHM6XC9cL29yYW9kb2Jlcm1hbi5jb21cL3dwLWNvbnRlbnRcL3VwbG9hZHNcLzIwMjZcLzAxXC9EU0NfNDc3Mi5qcGciLCJzbGlkZXNob3ciOiJiNjJmZDgyIn0%3D\">\n\t\t\t\t\t<div class=\"e-gallery-image elementor-gallery-item__image\" data-thumbnail=\"https:\/\/oraodoberman.com\/wp-content\/uploads\/2026\/01\/DSC_4772-300x200.jpg\" data-width=\"300\" data-height=\"200\" aria-label=\"\" role=\"img\" ><\/div>\n\t\t\t\t\t\t\t\t\t\t\t<div class=\"elementor-gallery-item__overlay\"><\/div>\n\t\t\t\t\t\t\t\t\t\t\t\t\t\t<\/a>\n\t\t\t\t\t\t\t<a class=\"e-gallery-item elementor-gallery-item elementor-animated-content\" href=\"https:\/\/oraodoberman.com\/wp-content\/uploads\/2026\/01\/DSC_4770.jpg\" data-elementor-open-lightbox=\"yes\" data-elementor-lightbox-slideshow=\"b62fd82\" data-elementor-lightbox-title=\"DSC_4770\" data-e-action-hash=\"#elementor-action%3Aaction%3Dlightbox%26settings%3DeyJpZCI6OTYzMiwidXJsIjoiaHR0cHM6XC9cL29yYW9kb2Jlcm1hbi5jb21cL3dwLWNvbnRlbnRcL3VwbG9hZHNcLzIwMjZcLzAxXC9EU0NfNDc3MC5qcGciLCJzbGlkZXNob3ciOiJiNjJmZDgyIn0%3D\">\n\t\t\t\t\t<div class=\"e-gallery-image elementor-gallery-item__image\" data-thumbnail=\"https:\/\/oraodoberman.com\/wp-content\/uploads\/2026\/01\/DSC_4770-300x200.jpg\" data-width=\"300\" data-height=\"200\" aria-label=\"\" role=\"img\" ><\/div>\n\t\t\t\t\t\t\t\t\t\t\t<div class=\"elementor-gallery-item__overlay\"><\/div>\n\t\t\t\t\t\t\t\t\t\t\t\t\t\t<\/a>\n\t\t\t\t\t\t\t<a class=\"e-gallery-item elementor-gallery-item elementor-animated-content\" href=\"https:\/\/oraodoberman.com\/wp-content\/uploads\/2026\/01\/DSC_4776.jpg\" data-elementor-open-lightbox=\"yes\" data-elementor-lightbox-slideshow=\"b62fd82\" data-elementor-lightbox-title=\"DSC_4776\" data-e-action-hash=\"#elementor-action%3Aaction%3Dlightbox%26settings%3DeyJpZCI6OTYyNiwidXJsIjoiaHR0cHM6XC9cL29yYW9kb2Jlcm1hbi5jb21cL3dwLWNvbnRlbnRcL3VwbG9hZHNcLzIwMjZcLzAxXC9EU0NfNDc3Ni5qcGciLCJzbGlkZXNob3ciOiJiNjJmZDgyIn0%3D\">\n\t\t\t\t\t<div class=\"e-gallery-image elementor-gallery-item__image\" data-thumbnail=\"https:\/\/oraodoberman.com\/wp-content\/uploads\/2026\/01\/DSC_4776-200x300.jpg\" data-width=\"200\" data-height=\"300\" aria-label=\"\" role=\"img\" ><\/div>\n\t\t\t\t\t\t\t\t\t\t\t<div class=\"elementor-gallery-item__overlay\"><\/div>\n\t\t\t\t\t\t\t\t\t\t\t\t\t\t<\/a>\n\t\t\t\t\t\t\t<a class=\"e-gallery-item elementor-gallery-item elementor-animated-content\" href=\"https:\/\/oraodoberman.com\/wp-content\/uploads\/2026\/01\/DSC_4778.jpg\" data-elementor-open-lightbox=\"yes\" data-elementor-lightbox-slideshow=\"b62fd82\" data-elementor-lightbox-title=\"DSC_4778\" data-e-action-hash=\"#elementor-action%3Aaction%3Dlightbox%26settings%3DeyJpZCI6OTYyMCwidXJsIjoiaHR0cHM6XC9cL29yYW9kb2Jlcm1hbi5jb21cL3dwLWNvbnRlbnRcL3VwbG9hZHNcLzIwMjZcLzAxXC9EU0NfNDc3OC5qcGciLCJzbGlkZXNob3ciOiJiNjJmZDgyIn0%3D\">\n\t\t\t\t\t<div class=\"e-gallery-image elementor-gallery-item__image\" data-thumbnail=\"https:\/\/oraodoberman.com\/wp-content\/uploads\/2026\/01\/DSC_4778-200x300.jpg\" data-width=\"200\" data-height=\"300\" aria-label=\"\" role=\"img\" ><\/div>\n\t\t\t\t\t\t\t\t\t\t\t<div class=\"elementor-gallery-item__overlay\"><\/div>\n\t\t\t\t\t\t\t\t\t\t\t\t\t\t<\/a>\n\t\t\t\t\t\t\t<a class=\"e-gallery-item elementor-gallery-item elementor-animated-content\" href=\"https:\/\/oraodoberman.com\/wp-content\/uploads\/2026\/01\/DSC_4784.jpg\" data-elementor-open-lightbox=\"yes\" data-elementor-lightbox-slideshow=\"b62fd82\" data-elementor-lightbox-title=\"DSC_4784\" data-e-action-hash=\"#elementor-action%3Aaction%3Dlightbox%26settings%3DeyJpZCI6OTYxNCwidXJsIjoiaHR0cHM6XC9cL29yYW9kb2Jlcm1hbi5jb21cL3dwLWNvbnRlbnRcL3VwbG9hZHNcLzIwMjZcLzAxXC9EU0NfNDc4NC5qcGciLCJzbGlkZXNob3ciOiJiNjJmZDgyIn0%3D\">\n\t\t\t\t\t<div class=\"e-gallery-image elementor-gallery-item__image\" data-thumbnail=\"https:\/\/oraodoberman.com\/wp-content\/uploads\/2026\/01\/DSC_4784-300x200.jpg\" data-width=\"300\" data-height=\"200\" aria-label=\"\" role=\"img\" ><\/div>\n\t\t\t\t\t\t\t\t\t\t\t<div class=\"elementor-gallery-item__overlay\"><\/div>\n\t\t\t\t\t\t\t\t\t\t\t\t\t\t<\/a>\n\t\t\t\t\t<\/div>\n\t\t\t\t\t<\/div>\n\t\t\t\t<\/div>\n\t\t\t\t\t<\/div>\n\t\t\t\t<\/div>\n\t\t\t\t<\/div>\n\t\t","protected":false},"excerpt":{"rendered":"<p>D\u00e9couvrez notre petite merveille brune Cette magnifique chienne Dobermann brune est de l&rsquo;\u00e9nergie pure et de l&rsquo;amour envelopp\u00e9s dans un corps \u00e9l\u00e9gant. Son caract\u00e8re joyeux et joueur en fait la compa\u00f1\u00e8re id\u00e9ale pour toute famille \u00e0 la recherche d&rsquo;un nouveau membre d\u00e9bordant de joie de vivre. D\u00e8s le premier instant, elle conquiert tous les c\u0153urs [&hellip;]<\/p>\n","protected":false},"featured_media":9626,"comment_status":"open","ping_status":"closed","template":"","meta":[],"product_brand":[],"product_cat":[103,155],"product_tag":[],"class_list":{"0":"post-10276","1":"product","2":"type-product","3":"status-publish","4":"has-post-thumbnail","6":"product_cat-doberman-a-vendre","7":"product_cat-m-litter","9":"first","10":"instock","11":"shipping-taxable","12":"product-type-simple"},"_links":{"self":[{"href":"https:\/\/oraodoberman.com\/fr\/wp-json\/wp\/v2\/product\/10276","targetHints":{"allow":["GET"]}}],"collection":[{"href":"https:\/\/oraodoberman.com\/fr\/wp-json\/wp\/v2\/product"}],"about":[{"href":"https:\/\/oraodoberman.com\/fr\/wp-json\/wp\/v2\/types\/product"}],"replies":[{"embeddable":true,"href":"https:\/\/oraodoberman.com\/fr\/wp-json\/wp\/v2\/comments?post=10276"}],"version-history":[{"count":5,"href":"https:\/\/oraodoberman.com\/fr\/wp-json\/wp\/v2\/product\/10276\/revisions"}],"predecessor-version":[{"id":10281,"href":"https:\/\/oraodoberman.com\/fr\/wp-json\/wp\/v2\/product\/10276\/revisions\/10281"}],"wp:featuredmedia":[{"embeddable":true,"href":"https:\/\/oraodoberman.com\/fr\/wp-json\/wp\/v2\/media\/9626"}],"wp:attachment":[{"href":"https:\/\/oraodoberman.com\/fr\/wp-json\/wp\/v2\/media?parent=10276"}],"wp:term":[{"taxonomy":"product_brand","embeddable":true,"href":"https:\/\/oraodoberman.com\/fr\/wp-json\/wp\/v2\/product_brand?post=10276"},{"taxonomy":"product_cat","embeddable":true,"href":"https:\/\/oraodoberman.com\/fr\/wp-json\/wp\/v2\/product_cat?post=10276"},{"taxonomy":"product_tag","embeddable":true,"href":"https:\/\/oraodoberman.com\/fr\/wp-json\/wp\/v2\/product_tag?post=10276"}],"curies":[{"name":"wp","href":"https:\/\/api.w.org\/{rel}","templated":true}]}}