{"id":10157,"date":"2026-02-18T20:40:56","date_gmt":"2026-02-18T19:40:56","guid":{"rendered":"https:\/\/oraodoberman.com\/?post_type=product&#038;p=10157"},"modified":"2026-05-02T10:05:44","modified_gmt":"2026-05-02T08:05:44","slug":"portee-k-en-mars","status":"publish","type":"product","link":"https:\/\/oraodoberman.com\/fr\/chiens-dobermans\/doberman-a-vendre\/portee-k-en-mars\/","title":{"rendered":"Port\u00e9e K en mars"},"content":{"rendered":"\t\t<div data-elementor-type=\"product-post\" data-elementor-id=\"10157\" class=\"elementor elementor-10157\" data-elementor-post-type=\"product\">\n\t\t\t\t<div class=\"elementor-element elementor-element-bed12ed e-flex e-con-boxed e-con e-parent\" data-id=\"bed12ed\" data-element_type=\"container\" data-e-type=\"container\">\n\t\t\t\t\t<div class=\"e-con-inner\">\n\t\t\t\t<div class=\"elementor-element elementor-element-ccecbd0 elementor-widget elementor-widget-text-editor\" data-id=\"ccecbd0\" data-element_type=\"widget\" data-e-type=\"widget\" data-widget_type=\"text-editor.default\">\n\t\t\t\t<div class=\"elementor-widget-container\">\n\t\t\t\t\t\t\t\t\t<p class=\"font-claude-response-body break-words whitespace-normal leading-[1.7]\">Chers amis d&rsquo;Orao Doberman,<\/p><p class=\"font-claude-response-body break-words whitespace-normal leading-[1.7]\">Nous avons le grand plaisir de vous annoncer une merveilleuse nouvelle : la gestation de notre m\u00e8re Masha di Orao et notre p\u00e8re Pablo del Nasi a \u00e9t\u00e9 confirm\u00e9e !<\/p><p class=\"font-claude-response-body break-words whitespace-normal leading-[1.7]\">La naissance est attendue en mars. Les chiots seront pr\u00eats pour le voyage ou \u00e0 \u00eatre r\u00e9cup\u00e9r\u00e9s en juin, lorsqu&rsquo;ils auront 3 mois et auront re\u00e7u toutes les vaccinations n\u00e9cessaires ainsi qu&rsquo;une socialisation de base. D&rsquo;ici l\u00e0, nous les pr\u00e9parerons avec le plus grand soin pour qu&rsquo;ils soient pleinement pr\u00eats \u00e0 rejoindre leur nouvelle maison et leur nouvelle famille.<\/p><p class=\"font-claude-response-body break-words whitespace-normal leading-[1.7]\">Nous attendons une port\u00e9e saine, vive et magnifique. Les r\u00e9servations se cl\u00f4turent bient\u00f4t !<\/p>\t\t\t\t\t\t\t\t<\/div>\n\t\t\t\t<\/div>\n\t\t\t\t<div class=\"elementor-element elementor-element-e82a3b3 elementor-widget elementor-widget-image\" data-id=\"e82a3b3\" data-element_type=\"widget\" data-e-type=\"widget\" data-widget_type=\"image.default\">\n\t\t\t\t<div class=\"elementor-widget-container\">\n\t\t\t\t\t\t\t\t\t\t\t\t\t\t\t<img fetchpriority=\"high\" decoding=\"async\" width=\"800\" height=\"534\" src=\"data:image\/gif;base64,R0lGODlhAQABAAAAACH5BAEKAAEALAAAAAABAAEAAAICTAEAOw==\" class=\"attachment-large size-large wp-image-3695 lazyload\" alt=\"- Orao Doberman odgajiva\u010dnica dobermana\" sizes=\"(max-width: 800px) 100vw, 800px\" title=\"-\" data-src=\"https:\/\/oraodoberman.com\/wp-content\/uploads\/2025\/03\/21284cc5-e758-4d4d-9142-4945ab47d403-1024x684.jpg\" data-srcset=\"https:\/\/oraodoberman.com\/wp-content\/uploads\/2025\/03\/21284cc5-e758-4d4d-9142-4945ab47d403-1024x684.jpg 1024w, https:\/\/oraodoberman.com\/wp-content\/uploads\/2025\/03\/21284cc5-e758-4d4d-9142-4945ab47d403-600x400.jpg 600w, https:\/\/oraodoberman.com\/wp-content\/uploads\/2025\/03\/21284cc5-e758-4d4d-9142-4945ab47d403-300x200.jpg 300w, https:\/\/oraodoberman.com\/wp-content\/uploads\/2025\/03\/21284cc5-e758-4d4d-9142-4945ab47d403-768x513.jpg 768w, https:\/\/oraodoberman.com\/wp-content\/uploads\/2025\/03\/21284cc5-e758-4d4d-9142-4945ab47d403-1536x1025.jpg 1536w, https:\/\/oraodoberman.com\/wp-content\/uploads\/2025\/03\/21284cc5-e758-4d4d-9142-4945ab47d403.jpg 2048w\">\t\t\t\t\t\t\t\t\t\t\t\t\t\t\t<\/div>\n\t\t\t\t<\/div>\n\t\t\t\t\t<\/div>\n\t\t\t\t<\/div>\n\t\t<div class=\"elementor-element elementor-element-b2cb8e0 e-flex e-con-boxed e-con e-parent\" data-id=\"b2cb8e0\" data-element_type=\"container\" data-e-type=\"container\">\n\t\t\t\t\t<div class=\"e-con-inner\">\n\t\t\t\t<div class=\"elementor-element elementor-element-d0cb0f8 elementor-widget elementor-widget-video\" data-id=\"d0cb0f8\" data-element_type=\"widget\" data-e-type=\"widget\" data-settings=\"{&quot;youtube_url&quot;:&quot;https:\\\/\\\/www.youtube.com\\\/shorts\\\/WUFunIqNzG8&quot;,&quot;video_type&quot;:&quot;youtube&quot;,&quot;controls&quot;:&quot;yes&quot;}\" data-widget_type=\"video.default\">\n\t\t\t\t<div class=\"elementor-widget-container\">\n\t\t\t\t\t\t\t<div class=\"elementor-wrapper elementor-open-inline\">\n\t\t\t<div class=\"elementor-video\"><\/div>\t\t<\/div>\n\t\t\t\t\t\t<\/div>\n\t\t\t\t<\/div>\n\t\t\t\t\t<\/div>\n\t\t\t\t<\/div>\n\t\t\t\t<\/div>\n\t\t","protected":false},"excerpt":{"rendered":"<p>Chers amis d&rsquo;Orao Doberman, Nous avons le grand plaisir de vous annoncer une merveilleuse nouvelle : la gestation de notre m\u00e8re Masha di Orao et notre p\u00e8re Pablo del Nasi a \u00e9t\u00e9 confirm\u00e9e ! La naissance est attendue en mars. Les chiots seront pr\u00eats pour le voyage ou \u00e0 \u00eatre r\u00e9cup\u00e9r\u00e9s en juin, lorsqu&rsquo;ils auront [&hellip;]<\/p>\n","protected":false},"featured_media":9961,"comment_status":"open","ping_status":"closed","template":"","meta":[],"product_brand":[],"product_cat":[103,151],"product_tag":[],"class_list":{"0":"post-10157","1":"product","2":"type-product","3":"status-publish","4":"has-post-thumbnail","6":"product_cat-doberman-a-vendre","7":"product_cat-k-litter","9":"first","10":"instock","11":"shipping-taxable","12":"product-type-simple"},"_links":{"self":[{"href":"https:\/\/oraodoberman.com\/fr\/wp-json\/wp\/v2\/product\/10157","targetHints":{"allow":["GET"]}}],"collection":[{"href":"https:\/\/oraodoberman.com\/fr\/wp-json\/wp\/v2\/product"}],"about":[{"href":"https:\/\/oraodoberman.com\/fr\/wp-json\/wp\/v2\/types\/product"}],"replies":[{"embeddable":true,"href":"https:\/\/oraodoberman.com\/fr\/wp-json\/wp\/v2\/comments?post=10157"}],"version-history":[{"count":10,"href":"https:\/\/oraodoberman.com\/fr\/wp-json\/wp\/v2\/product\/10157\/revisions"}],"predecessor-version":[{"id":11145,"href":"https:\/\/oraodoberman.com\/fr\/wp-json\/wp\/v2\/product\/10157\/revisions\/11145"}],"wp:featuredmedia":[{"embeddable":true,"href":"https:\/\/oraodoberman.com\/fr\/wp-json\/wp\/v2\/media\/9961"}],"wp:attachment":[{"href":"https:\/\/oraodoberman.com\/fr\/wp-json\/wp\/v2\/media?parent=10157"}],"wp:term":[{"taxonomy":"product_brand","embeddable":true,"href":"https:\/\/oraodoberman.com\/fr\/wp-json\/wp\/v2\/product_brand?post=10157"},{"taxonomy":"product_cat","embeddable":true,"href":"https:\/\/oraodoberman.com\/fr\/wp-json\/wp\/v2\/product_cat?post=10157"},{"taxonomy":"product_tag","embeddable":true,"href":"https:\/\/oraodoberman.com\/fr\/wp-json\/wp\/v2\/product_tag?post=10157"}],"curies":[{"name":"wp","href":"https:\/\/api.w.org\/{rel}","templated":true}]}}