{"id":7861,"date":"2025-09-02T20:15:16","date_gmt":"2025-09-02T20:15:16","guid":{"rendered":"https:\/\/oraodoberman.com\/?post_type=product&#038;p=7861"},"modified":"2025-09-02T20:18:22","modified_gmt":"2025-09-02T20:18:22","slug":"elementor-7861","status":"publish","type":"product","link":"https:\/\/oraodoberman.com\/es\/perros-doberman\/doberman-en-venta\/elementor-7861\/","title":{"rendered":"Roma di Orao"},"content":{"rendered":"\t\t<div data-elementor-type=\"product-post\" data-elementor-id=\"7861\" class=\"elementor elementor-7861\" data-elementor-post-type=\"product\">\n\t\t\t\t<div class=\"elementor-element elementor-element-34b120a e-flex e-con-boxed e-con e-parent\" data-id=\"34b120a\" data-element_type=\"container\" data-e-type=\"container\">\n\t\t\t\t\t<div class=\"e-con-inner\">\n\t\t\t\t<div class=\"elementor-element elementor-element-bcf371d elementor-widget elementor-widget-gallery\" data-id=\"bcf371d\" data-element_type=\"widget\" data-e-type=\"widget\" data-settings=\"{&quot;columns&quot;:2,&quot;lazyload&quot;:&quot;yes&quot;,&quot;gallery_layout&quot;:&quot;grid&quot;,&quot;columns_tablet&quot;:2,&quot;columns_mobile&quot;:1,&quot;gap&quot;:{&quot;unit&quot;:&quot;px&quot;,&quot;size&quot;:10,&quot;sizes&quot;:[]},&quot;gap_tablet&quot;:{&quot;unit&quot;:&quot;px&quot;,&quot;size&quot;:10,&quot;sizes&quot;:[]},&quot;gap_mobile&quot;:{&quot;unit&quot;:&quot;px&quot;,&quot;size&quot;:10,&quot;sizes&quot;:[]},&quot;link_to&quot;:&quot;file&quot;,&quot;aspect_ratio&quot;:&quot;3:2&quot;,&quot;overlay_background&quot;:&quot;yes&quot;,&quot;content_hover_animation&quot;:&quot;fade-in&quot;}\" data-widget_type=\"gallery.default\">\n\t\t\t\t<div class=\"elementor-widget-container\">\n\t\t\t\t\t\t\t<div class=\"elementor-gallery__container\">\n\t\t\t\t\t\t\t<a class=\"e-gallery-item elementor-gallery-item elementor-animated-content\" href=\"https:\/\/oraodoberman.com\/wp-content\/uploads\/2025\/08\/DSC_0584.jpg\" data-elementor-open-lightbox=\"yes\" data-elementor-lightbox-slideshow=\"bcf371d\" data-elementor-lightbox-title=\"DSC_0584\" data-e-action-hash=\"#elementor-action%3Aaction%3Dlightbox%26settings%3DeyJpZCI6NzIxMSwidXJsIjoiaHR0cHM6XC9cL29yYW9kb2Jlcm1hbi5jb21cL3dwLWNvbnRlbnRcL3VwbG9hZHNcLzIwMjVcLzA4XC9EU0NfMDU4NC5qcGciLCJzbGlkZXNob3ciOiJiY2YzNzFkIn0%3D\">\n\t\t\t\t\t<div class=\"e-gallery-image elementor-gallery-item__image\" data-thumbnail=\"https:\/\/oraodoberman.com\/wp-content\/uploads\/2025\/08\/DSC_0584-683x1024.jpg\" data-width=\"683\" data-height=\"1024\" aria-label=\"\" role=\"img\" ><\/div>\n\t\t\t\t\t\t\t\t\t\t\t<div class=\"elementor-gallery-item__overlay\"><\/div>\n\t\t\t\t\t\t\t\t\t\t\t\t\t\t<\/a>\n\t\t\t\t\t\t\t<a class=\"e-gallery-item elementor-gallery-item elementor-animated-content\" href=\"https:\/\/oraodoberman.com\/wp-content\/uploads\/2025\/08\/DSC_0580.jpg\" data-elementor-open-lightbox=\"yes\" data-elementor-lightbox-slideshow=\"bcf371d\" data-elementor-lightbox-title=\"DSC_0580\" data-e-action-hash=\"#elementor-action%3Aaction%3Dlightbox%26settings%3DeyJpZCI6NzIwNSwidXJsIjoiaHR0cHM6XC9cL29yYW9kb2Jlcm1hbi5jb21cL3dwLWNvbnRlbnRcL3VwbG9hZHNcLzIwMjVcLzA4XC9EU0NfMDU4MC5qcGciLCJzbGlkZXNob3ciOiJiY2YzNzFkIn0%3D\">\n\t\t\t\t\t<div class=\"e-gallery-image elementor-gallery-item__image\" data-thumbnail=\"https:\/\/oraodoberman.com\/wp-content\/uploads\/2025\/08\/DSC_0580-683x1024.jpg\" data-width=\"683\" data-height=\"1024\" aria-label=\"\" role=\"img\" ><\/div>\n\t\t\t\t\t\t\t\t\t\t\t<div class=\"elementor-gallery-item__overlay\"><\/div>\n\t\t\t\t\t\t\t\t\t\t\t\t\t\t<\/a>\n\t\t\t\t\t\t\t<a class=\"e-gallery-item elementor-gallery-item elementor-animated-content\" href=\"https:\/\/oraodoberman.com\/wp-content\/uploads\/2025\/08\/DSC_0569.jpg\" data-elementor-open-lightbox=\"yes\" data-elementor-lightbox-slideshow=\"bcf371d\" data-elementor-lightbox-title=\"DSC_0569\" data-e-action-hash=\"#elementor-action%3Aaction%3Dlightbox%26settings%3DeyJpZCI6NzIyMywidXJsIjoiaHR0cHM6XC9cL29yYW9kb2Jlcm1hbi5jb21cL3dwLWNvbnRlbnRcL3VwbG9hZHNcLzIwMjVcLzA4XC9EU0NfMDU2OS5qcGciLCJzbGlkZXNob3ciOiJiY2YzNzFkIn0%3D\">\n\t\t\t\t\t<div class=\"e-gallery-image elementor-gallery-item__image\" data-thumbnail=\"https:\/\/oraodoberman.com\/wp-content\/uploads\/2025\/08\/DSC_0569-683x1024.jpg\" data-width=\"683\" data-height=\"1024\" aria-label=\"\" role=\"img\" ><\/div>\n\t\t\t\t\t\t\t\t\t\t\t<div class=\"elementor-gallery-item__overlay\"><\/div>\n\t\t\t\t\t\t\t\t\t\t\t\t\t\t<\/a>\n\t\t\t\t\t\t\t<a class=\"e-gallery-item elementor-gallery-item elementor-animated-content\" href=\"https:\/\/oraodoberman.com\/wp-content\/uploads\/2025\/08\/DSC_0591.jpg\" data-elementor-open-lightbox=\"yes\" data-elementor-lightbox-slideshow=\"bcf371d\" data-elementor-lightbox-title=\"DSC_0591\" data-e-action-hash=\"#elementor-action%3Aaction%3Dlightbox%26settings%3DeyJpZCI6NzIxNywidXJsIjoiaHR0cHM6XC9cL29yYW9kb2Jlcm1hbi5jb21cL3dwLWNvbnRlbnRcL3VwbG9hZHNcLzIwMjVcLzA4XC9EU0NfMDU5MS5qcGciLCJzbGlkZXNob3ciOiJiY2YzNzFkIn0%3D\">\n\t\t\t\t\t<div class=\"e-gallery-image elementor-gallery-item__image\" data-thumbnail=\"https:\/\/oraodoberman.com\/wp-content\/uploads\/2025\/08\/DSC_0591-1024x683.jpg\" data-width=\"800\" data-height=\"534\" aria-label=\"\" role=\"img\" ><\/div>\n\t\t\t\t\t\t\t\t\t\t\t<div class=\"elementor-gallery-item__overlay\"><\/div>\n\t\t\t\t\t\t\t\t\t\t\t\t\t\t<\/a>\n\t\t\t\t\t<\/div>\n\t\t\t\t\t<\/div>\n\t\t\t\t<\/div>\n\t\t\t\t<div class=\"elementor-element elementor-element-4a1934c elementor-widget elementor-widget-text-editor\" data-id=\"4a1934c\" data-element_type=\"widget\" data-e-type=\"widget\" data-widget_type=\"text-editor.default\">\n\t\t\t\t<div class=\"elementor-widget-container\">\n\t\t\t\t\t\t\t\t\t<div class=\"flex-1  flex  flex-col  gap-3  px-4  max-w-3xl  mx-auto  w-full pt-1\"><div data-test-render-count=\"1\"><div><div class=\"group  relative  -tracking-[0.015em] pb-3\" data-is-streaming=\"false\"><div class=\"font-claude-response  relative  leading-[1.65rem]  [&amp;_pre&gt;div]:bg-bg-000\/50  [&amp;_pre&gt;div]:border-0.5  [&amp;_pre&gt;div]:border-border-400  [&amp;_.ignore-pre-bg&gt;div]:bg-transparent  [&amp;_.standard-markdown_:is(p,blockquote,h1,h2,h3,h4,h5,h6)]:pl-2  [&amp;_.standard-markdown_:is(p,blockquote,ul,ol,h1,h2,h3,h4,h5,h6)]:pr-8  [&amp;_.progressive-markdown_:is(p,blockquote,h1,h2,h3,h4,h5,h6)]:pl-2  [&amp;_.progressive-markdown_:is(p,blockquote,ul,ol,h1,h2,h3,h4,h5,h6)]:pr-8\"><div><div class=\"grid-cols-1 grid gap-2.5 [&amp;_&gt;_*]:min-w-0 standard-markdown\"><p class=\"whitespace-normal break-words\"><strong>Cachorra Doberman Marr\u00f3n \u2013 Tu Tierna Princesa<\/strong><\/p><p class=\"whitespace-normal break-words\">\u00a1Te presentamos a nuestra encantadora cachorra Doberman marr\u00f3n &#8211; una verdadera peque\u00f1a princesa que conquistar\u00e1 tu coraz\u00f3n con su apariencia elegante y su car\u00e1cter maravilloso! Esta peque\u00f1a dama inteligente y vivaz posee el equilibrio perfecto entre ternura y temperamento.<\/p><p class=\"whitespace-normal break-words\">Nuestra peque\u00f1a encantadora es extremadamente sociable y se lleva excelentemente con todos los miembros de la familia, incluyendo gatos. Su naturaleza alegre y su inter\u00e9s infinito en todo lo que la rodea la convierten en la compa\u00f1era ideal para familias activas que aman las aventuras.<\/p><p class=\"whitespace-normal break-words\">Su hermoso color marr\u00f3n irradia calidez y elegancia, mientras que su car\u00e1cter mimoso garantiza caricias infinitas y amor. Esta peque\u00f1a investigadora es incansablemente curiosa &#8211; siempre busca algo nuevo que aprender o con lo que jugar.<\/p><p class=\"whitespace-normal break-words\">Su naturaleza devota significa que se convertir\u00e1 en tu compa\u00f1era m\u00e1s fiel, y su inteligencia permite una educaci\u00f3n f\u00e1cil. La combinaci\u00f3n de ternura y energ\u00eda la hace perfecta para familias con ni\u00f1os.<\/p><p class=\"whitespace-normal break-words\"><strong>Pedigree:<\/strong><\/p><ul class=\"[&amp;:not(:last-child)_ul]:pb-1 [&amp;:not(:last-child)_ol]:pb-1 list-disc space-y-1.5 pl-7\"><li class=\"whitespace-normal break-words\">Padre: <a href=\"https:\/\/oraodoberman.com\/es\/perros-doberman\/nuestros-doberman\/pegaso-de-los-fedelissimi\/\">Pegas Della Fedelissimi<\/a><\/li><li class=\"whitespace-normal break-words\">Madre: <a href=\"https:\/\/oraodoberman.com\/es\/perros-doberman\/nuestros-doberman\/larga-vida-a-vinco-metida\/\">Vivat De Vinko Metida<\/a><\/li><\/ul><p class=\"whitespace-normal break-words\">\u00a1Tu nueva princesa est\u00e1 esperando para embellecer tu hogar!<\/p><\/div><\/div><\/div><\/div><\/div><\/div><\/div><div class=\"sticky bottom-0 mx-auto w-full pt-6 z-[5] relative\"><div class=\"absolute blur-md transition duration-300 pointer-events-none opacity-0 w-8 text-accent-brand inline-block select-none\" data-state=\"closed\">\u00a0<\/div><div class=\"flex items-center justify-center mix-blend-luminosity\">\u00a0<\/div><fieldset class=\"flex   w-full   min-w-0   flex-col\"><\/fieldset><\/div>\t\t\t\t\t\t\t\t<\/div>\n\t\t\t\t<\/div>\n\t\t\t\t\t<\/div>\n\t\t\t\t<\/div>\n\t\t\t\t<\/div>\n\t\t","protected":false},"excerpt":{"rendered":"<p>Cachorra Doberman Marr\u00f3n \u2013 Tu Tierna Princesa<\/p>\n","protected":false},"featured_media":7205,"comment_status":"open","ping_status":"closed","template":"","meta":[],"product_brand":[],"product_cat":[105,139],"product_tag":[],"class_list":{"0":"post-7861","1":"product","2":"type-product","3":"status-publish","4":"has-post-thumbnail","6":"product_cat-doberman-en-venta","7":"product_cat-r-litter","9":"first","10":"instock","11":"shipping-taxable","12":"product-type-simple"},"_links":{"self":[{"href":"https:\/\/oraodoberman.com\/es\/wp-json\/wp\/v2\/product\/7861","targetHints":{"allow":["GET"]}}],"collection":[{"href":"https:\/\/oraodoberman.com\/es\/wp-json\/wp\/v2\/product"}],"about":[{"href":"https:\/\/oraodoberman.com\/es\/wp-json\/wp\/v2\/types\/product"}],"replies":[{"embeddable":true,"href":"https:\/\/oraodoberman.com\/es\/wp-json\/wp\/v2\/comments?post=7861"}],"version-history":[{"count":0,"href":"https:\/\/oraodoberman.com\/es\/wp-json\/wp\/v2\/product\/7861\/revisions"}],"wp:featuredmedia":[{"embeddable":true,"href":"https:\/\/oraodoberman.com\/es\/wp-json\/wp\/v2\/media\/7205"}],"wp:attachment":[{"href":"https:\/\/oraodoberman.com\/es\/wp-json\/wp\/v2\/media?parent=7861"}],"wp:term":[{"taxonomy":"product_brand","embeddable":true,"href":"https:\/\/oraodoberman.com\/es\/wp-json\/wp\/v2\/product_brand?post=7861"},{"taxonomy":"product_cat","embeddable":true,"href":"https:\/\/oraodoberman.com\/es\/wp-json\/wp\/v2\/product_cat?post=7861"},{"taxonomy":"product_tag","embeddable":true,"href":"https:\/\/oraodoberman.com\/es\/wp-json\/wp\/v2\/product_tag?post=7861"}],"curies":[{"name":"wp","href":"https:\/\/api.w.org\/{rel}","templated":true}]}}