{"id":11081,"date":"2026-04-22T23:21:37","date_gmt":"2026-04-22T21:21:37","guid":{"rendered":"https:\/\/oraodoberman.com\/psi-dobermani\/sin%20categor\u00eda\/camada-bb-todos-los-bebes-marrones-estan-llegando\/"},"modified":"2026-04-23T18:00:27","modified_gmt":"2026-04-23T16:00:27","slug":"camada-bb-todos-los-bebes-marrones-estan-llegando","status":"publish","type":"product","link":"https:\/\/oraodoberman.com\/es\/perros-doberman\/doberman-en-venta\/camada-bb-todos-los-bebes-marrones-estan-llegando\/","title":{"rendered":"CAMADA BB \u2014 \u00a1Todos los beb\u00e9s marrones est\u00e1n llegando!"},"content":{"rendered":"\t\t<div data-elementor-type=\"product-post\" data-elementor-id=\"11081\" class=\"elementor elementor-11081 elementor-10988\" data-elementor-post-type=\"product\">\n\t\t\t\t<div class=\"elementor-element elementor-element-31aae2da e-flex e-con-boxed e-con e-parent\" data-id=\"31aae2da\" data-element_type=\"container\" data-e-type=\"container\">\n\t\t\t\t\t<div class=\"e-con-inner\">\n\t\t\t\t<div class=\"elementor-element elementor-element-4e79dc6e elementor-widget elementor-widget-text-editor\" data-id=\"4e79dc6e\" data-element_type=\"widget\" data-e-type=\"widget\" data-widget_type=\"text-editor.default\">\n\t\t\t\t<div class=\"elementor-widget-container\">\n\t\t\t\t\t\t\t\t\t<p style=\"text-align: left;\"> CAMADA BB \u2014 \u00a1Todos los beb\u00e9s marrones est\u00e1n llegando! <br>Para todos los que han estado esperando a nuestros cachorros marrones \u2014 \u00a1hemos preparado la sorpresa m\u00e1s dulce!<br>Estamos encantados de anunciar que una camada muy especial est\u00e1 en camino. We&#8217;re thrilled to announce that a very special litter is on the way. Nuestra camada ALL BB \u2014 es decir, All Brown Babies \u2014 est\u00e1 confirmada y se espera entre el 10 y el 15 de mayo. <br>Llamando a todos los amantes del chocolate \u2014 \u00a1nuestro coco es el m\u00e1s dulce que jam\u00e1s hayan visto! Prep\u00e1rense, porque estos peque\u00f1os corazones de chocolate est\u00e1n a punto de llegar. Las reservas ya est\u00e1n abiertas. No se lo pierdan \u2014 \u00a1nuestras camadas se reservan muy r\u00e1pido!<br>\u00a1Mant\u00e9nganse atentos para m\u00e1s novedades! Stay tuned for updates! <\/p>\t\t\t\t\t\t\t\t<\/div>\n\t\t\t\t<\/div>\n\t\t\t\t\t<\/div>\n\t\t\t\t<\/div>\n\t\t<div class=\"elementor-element elementor-element-143a624 e-flex e-con-boxed e-con e-parent\" data-id=\"143a624\" data-element_type=\"container\" data-e-type=\"container\">\n\t\t\t\t\t<div class=\"e-con-inner\">\n\t\t\t\t<div class=\"elementor-element elementor-element-ed270fd elementor-widget elementor-widget-image\" data-id=\"ed270fd\" data-element_type=\"widget\" data-e-type=\"widget\" data-widget_type=\"image.default\">\n\t\t\t\t<div class=\"elementor-widget-container\">\n\t\t\t\t\t\t\t\t\t\t\t\t\t\t\t<img fetchpriority=\"high\" decoding=\"async\" width=\"800\" height=\"625\" src=\"data:image\/gif;base64,R0lGODlhAQABAAAAACH5BAEKAAEALAAAAAABAAEAAAICTAEAOw==\" class=\"attachment-large size-large wp-image-11019 lazyload\" alt=\"- Orao Doberman odgajiva\u010dnica dobermana\" sizes=\"(max-width: 800px) 100vw, 800px\" title=\"-\" data-src=\"https:\/\/oraodoberman.com\/wp-content\/uploads\/2026\/04\/WhatsApp-Image-2026-04-22-at-23.08.14-1024x800.jpeg\" data-srcset=\"https:\/\/oraodoberman.com\/wp-content\/uploads\/2026\/04\/WhatsApp-Image-2026-04-22-at-23.08.14-1024x800.jpeg 1024w, https:\/\/oraodoberman.com\/wp-content\/uploads\/2026\/04\/WhatsApp-Image-2026-04-22-at-23.08.14-300x234.jpeg 300w, https:\/\/oraodoberman.com\/wp-content\/uploads\/2026\/04\/WhatsApp-Image-2026-04-22-at-23.08.14-768x600.jpeg 768w, https:\/\/oraodoberman.com\/wp-content\/uploads\/2026\/04\/WhatsApp-Image-2026-04-22-at-23.08.14-1536x1200.jpeg 1536w, https:\/\/oraodoberman.com\/wp-content\/uploads\/2026\/04\/WhatsApp-Image-2026-04-22-at-23.08.14-600x469.jpeg 600w, https:\/\/oraodoberman.com\/wp-content\/uploads\/2026\/04\/WhatsApp-Image-2026-04-22-at-23.08.14.jpeg 2048w\">\t\t\t\t\t\t\t\t\t\t\t\t\t\t\t<\/div>\n\t\t\t\t<\/div>\n\t\t\t\t\t<\/div>\n\t\t\t\t<\/div>\n\t\t\t\t<\/div>\n\t\t","protected":false},"excerpt":{"rendered":"<p>CAMADA BB \u2014 \u00a1Todos los beb\u00e9s marrones est\u00e1n llegando! Para todos los que han estado esperando a nuestros cachorros marrones \u2014 \u00a1hemos preparado la sorpresa m\u00e1s dulce!Estamos encantados de anunciar que una camada muy especial est\u00e1 en camino. We&#8217;re thrilled to announce that a very special litter is on the way. Nuestra camada ALL BB [&hellip;]<\/p>\n","protected":false},"featured_media":10994,"comment_status":"open","ping_status":"closed","template":"","meta":[],"product_brand":[],"product_cat":[105,166,167],"product_tag":[],"class_list":{"0":"post-11081","1":"product","2":"type-product","3":"status-publish","4":"has-post-thumbnail","6":"product_cat-doberman-en-venta","7":"product_cat-camada-bb","8":"product_cat-camada-bb-2","10":"first","11":"instock","12":"featured","13":"shipping-taxable","14":"product-type-simple"},"_links":{"self":[{"href":"https:\/\/oraodoberman.com\/es\/wp-json\/wp\/v2\/product\/11081","targetHints":{"allow":["GET"]}}],"collection":[{"href":"https:\/\/oraodoberman.com\/es\/wp-json\/wp\/v2\/product"}],"about":[{"href":"https:\/\/oraodoberman.com\/es\/wp-json\/wp\/v2\/types\/product"}],"replies":[{"embeddable":true,"href":"https:\/\/oraodoberman.com\/es\/wp-json\/wp\/v2\/comments?post=11081"}],"version-history":[{"count":3,"href":"https:\/\/oraodoberman.com\/es\/wp-json\/wp\/v2\/product\/11081\/revisions"}],"predecessor-version":[{"id":11083,"href":"https:\/\/oraodoberman.com\/es\/wp-json\/wp\/v2\/product\/11081\/revisions\/11083"}],"wp:featuredmedia":[{"embeddable":true,"href":"https:\/\/oraodoberman.com\/es\/wp-json\/wp\/v2\/media\/10994"}],"wp:attachment":[{"href":"https:\/\/oraodoberman.com\/es\/wp-json\/wp\/v2\/media?parent=11081"}],"wp:term":[{"taxonomy":"product_brand","embeddable":true,"href":"https:\/\/oraodoberman.com\/es\/wp-json\/wp\/v2\/product_brand?post=11081"},{"taxonomy":"product_cat","embeddable":true,"href":"https:\/\/oraodoberman.com\/es\/wp-json\/wp\/v2\/product_cat?post=11081"},{"taxonomy":"product_tag","embeddable":true,"href":"https:\/\/oraodoberman.com\/es\/wp-json\/wp\/v2\/product_tag?post=11081"}],"curies":[{"name":"wp","href":"https:\/\/api.w.org\/{rel}","templated":true}]}}