{"id":2619,"date":"2025-03-03T16:55:05","date_gmt":"2025-03-03T15:55:05","guid":{"rendered":"https:\/\/oraodoberman.com\/psi-dobermani\/freude-ist-der-schluessel\/"},"modified":"2026-01-10T23:33:32","modified_gmt":"2026-01-10T22:33:32","slug":"freude-ist-der-schluessel","status":"publish","type":"product","link":"https:\/\/oraodoberman.com\/de\/dobermann-hunde\/unsere-dobermanner\/freude-ist-der-schluessel\/","title":{"rendered":"Freude ist der Schl\u00fcssel."},"content":{"rendered":"\t\t<div data-elementor-type=\"product-post\" data-elementor-id=\"2619\" class=\"elementor elementor-2619 elementor-1480\" data-elementor-post-type=\"product\">\n\t\t\t\t<div class=\"elementor-element elementor-element-5994fe2 e-flex e-con-boxed e-con e-parent\" data-id=\"5994fe2\" data-element_type=\"container\" data-e-type=\"container\">\n\t\t\t\t\t<div class=\"e-con-inner\">\n\t\t\t\t<div class=\"elementor-element elementor-element-c059a3c elementor-widget elementor-widget-image\" data-id=\"c059a3c\" data-element_type=\"widget\" data-e-type=\"widget\" data-widget_type=\"image.default\">\n\t\t\t\t<div class=\"elementor-widget-container\">\n\t\t\t\t\t\t\t\t\t\t\t\t\t\t\t<img fetchpriority=\"high\" decoding=\"async\" width=\"800\" height=\"450\" src=\"data:image\/gif;base64,R0lGODlhAQABAAAAACH5BAEKAAEALAAAAAABAAEAAAICTAEAOw==\" class=\"attachment-large size-large wp-image-9104 lazyload\" alt=\"- Orao Doberman odgajiva\u010dnica dobermana\" sizes=\"(max-width: 800px) 100vw, 800px\" title=\"-\" data-src=\"https:\/\/oraodoberman.com\/wp-content\/uploads\/2025\/03\/Izrafel-Joy-Is-The-Key-1024x576.png\" data-srcset=\"https:\/\/oraodoberman.com\/wp-content\/uploads\/2025\/03\/Izrafel-Joy-Is-The-Key-1024x576.png 1024w, https:\/\/oraodoberman.com\/wp-content\/uploads\/2025\/03\/Izrafel-Joy-Is-The-Key-300x169.png 300w, https:\/\/oraodoberman.com\/wp-content\/uploads\/2025\/03\/Izrafel-Joy-Is-The-Key-768x432.png 768w, https:\/\/oraodoberman.com\/wp-content\/uploads\/2025\/03\/Izrafel-Joy-Is-The-Key-1536x864.png 1536w, https:\/\/oraodoberman.com\/wp-content\/uploads\/2025\/03\/Izrafel-Joy-Is-The-Key-2048x1152.png 2048w, https:\/\/oraodoberman.com\/wp-content\/uploads\/2025\/03\/Izrafel-Joy-Is-The-Key-600x338.png 600w\">\t\t\t\t\t\t\t\t\t\t\t\t\t\t\t<\/div>\n\t\t\t\t<\/div>\n\t\t\t\t\t<\/div>\n\t\t\t\t<\/div>\n\t\t<div class=\"elementor-element elementor-element-29e0437 e-flex e-con-boxed e-con e-parent\" data-id=\"29e0437\" data-element_type=\"container\" data-e-type=\"container\">\n\t\t\t\t\t<div class=\"e-con-inner\">\n\t\t\t\t<div class=\"elementor-element elementor-element-44abd85 elementor-widget elementor-widget-gallery\" data-id=\"44abd85\" data-element_type=\"widget\" data-e-type=\"widget\" data-settings=\"{&quot;gallery_layout&quot;:&quot;justified&quot;,&quot;ideal_row_height&quot;:{&quot;unit&quot;:&quot;px&quot;,&quot;size&quot;:500,&quot;sizes&quot;:[]},&quot;lazyload&quot;:&quot;yes&quot;,&quot;ideal_row_height_tablet&quot;:{&quot;unit&quot;:&quot;px&quot;,&quot;size&quot;:150,&quot;sizes&quot;:[]},&quot;ideal_row_height_mobile&quot;:{&quot;unit&quot;:&quot;px&quot;,&quot;size&quot;:150,&quot;sizes&quot;:[]},&quot;gap&quot;:{&quot;unit&quot;:&quot;px&quot;,&quot;size&quot;:10,&quot;sizes&quot;:[]},&quot;gap_tablet&quot;:{&quot;unit&quot;:&quot;px&quot;,&quot;size&quot;:10,&quot;sizes&quot;:[]},&quot;gap_mobile&quot;:{&quot;unit&quot;:&quot;px&quot;,&quot;size&quot;:10,&quot;sizes&quot;:[]},&quot;link_to&quot;:&quot;file&quot;,&quot;overlay_background&quot;:&quot;yes&quot;,&quot;content_hover_animation&quot;:&quot;fade-in&quot;}\" data-widget_type=\"gallery.default\">\n\t\t\t\t<div class=\"elementor-widget-container\">\n\t\t\t\t\t\t\t<div class=\"elementor-gallery__container\">\n\t\t\t\t\t\t\t<a class=\"e-gallery-item elementor-gallery-item elementor-animated-content\" href=\"https:\/\/oraodoberman.com\/wp-content\/uploads\/2025\/03\/Joy-is-the-key-2-odgajivacnica-pasa-Srbija.jpg\" data-elementor-open-lightbox=\"yes\" data-elementor-lightbox-slideshow=\"44abd85\" data-elementor-lightbox-title=\"Joy is the key 2 odgajivacnica pasa Srbija\" data-e-action-hash=\"#elementor-action%3Aaction%3Dlightbox%26settings%3DeyJpZCI6MjQ0MSwidXJsIjoiaHR0cHM6XC9cL29yYW9kb2Jlcm1hbi5jb21cL3dwLWNvbnRlbnRcL3VwbG9hZHNcLzIwMjVcLzAzXC9Kb3ktaXMtdGhlLWtleS0yLW9kZ2FqaXZhY25pY2EtcGFzYS1TcmJpamEuanBnIiwic2xpZGVzaG93IjoiNDRhYmQ4NSJ9\">\n\t\t\t\t\t<div class=\"e-gallery-image elementor-gallery-item__image\" data-thumbnail=\"https:\/\/oraodoberman.com\/wp-content\/uploads\/2025\/03\/Joy-is-the-key-2-odgajivacnica-pasa-Srbija-768x512.jpg\" data-width=\"768\" data-height=\"512\" aria-label=\"\" role=\"img\" ><\/div>\n\t\t\t\t\t\t\t\t\t\t\t<div class=\"elementor-gallery-item__overlay\"><\/div>\n\t\t\t\t\t\t\t\t\t\t\t\t\t\t<\/a>\n\t\t\t\t\t\t\t<a class=\"e-gallery-item elementor-gallery-item elementor-animated-content\" href=\"https:\/\/oraodoberman.com\/wp-content\/uploads\/2025\/03\/Joy-is-the-key-1-odgajivacnica-pasa-Srbija.jpg\" data-elementor-open-lightbox=\"yes\" data-elementor-lightbox-slideshow=\"44abd85\" data-elementor-lightbox-title=\"Joy is the key 1 odgajivacnica pasa Srbija\" data-e-action-hash=\"#elementor-action%3Aaction%3Dlightbox%26settings%3DeyJpZCI6MjQ0NSwidXJsIjoiaHR0cHM6XC9cL29yYW9kb2Jlcm1hbi5jb21cL3dwLWNvbnRlbnRcL3VwbG9hZHNcLzIwMjVcLzAzXC9Kb3ktaXMtdGhlLWtleS0xLW9kZ2FqaXZhY25pY2EtcGFzYS1TcmJpamEuanBnIiwic2xpZGVzaG93IjoiNDRhYmQ4NSJ9\">\n\t\t\t\t\t<div class=\"e-gallery-image elementor-gallery-item__image\" data-thumbnail=\"https:\/\/oraodoberman.com\/wp-content\/uploads\/2025\/03\/Joy-is-the-key-1-odgajivacnica-pasa-Srbija-768x1151.jpg\" data-width=\"768\" data-height=\"1151\" aria-label=\"\" role=\"img\" ><\/div>\n\t\t\t\t\t\t\t\t\t\t\t<div class=\"elementor-gallery-item__overlay\"><\/div>\n\t\t\t\t\t\t\t\t\t\t\t\t\t\t<\/a>\n\t\t\t\t\t<\/div>\n\t\t\t\t\t<\/div>\n\t\t\t\t<\/div>\n\t\t\t\t<div class=\"elementor-element elementor-element-e5e91e7 elementor-widget elementor-widget-text-editor\" data-id=\"e5e91e7\" data-element_type=\"widget\" data-e-type=\"widget\" data-widget_type=\"text-editor.default\">\n\t\t\t\t<div class=\"elementor-widget-container\">\n\t\t\t\t\t\t\t\t\t<p>Schwarze H\u00fcndin, kr\u00e4ftiges Skelett, sehr ausgepr\u00e4gter und kr\u00e4ftiger Kopf. Die Qualit\u00e4t des K\u00f6rperbaus erkennt man an der deutlichen Rechtwinkligkeit des K\u00f6rpers, den sch\u00f6nen Vorder- und Hinterwinkeln, einem trockenen Kopf, deutlich dunklen Augen und hochwertigem Zahnfleisch. F\u00fcr eine H\u00fcndin etwas robuster gebaut, ein Idealbild f\u00fcr einen Arbeitshund, sowohl hinsichtlich der k\u00f6rperlichen Konstitution als auch des stark ausgepr\u00e4gten Arbeitsinstinkts.    <\/p>\t\t\t\t\t\t\t\t<\/div>\n\t\t\t\t<\/div>\n\t\t\t\t\t<\/div>\n\t\t\t\t<\/div>\n\t\t\t\t<\/div>\n\t\t","protected":false},"excerpt":{"rendered":"<ul>\n<li><strong><em>Freude ist der Schl\u00fcssel.<\/em><\/strong><\/li>\n<li><strong>Geschlecht: Weiblich<\/strong><\/li>\n<li><strong>Geburt: 16.12.2021<\/strong><\/li>\n<li><strong>Farbe: Schwarz und Hellbraun<\/strong><\/li>\n<li><strong>Fahir Giddy Bloddom x Izrafel X5 Xaya<\/strong><\/li>\n<li><strong>HD-A  <\/strong><\/li>\n<li><strong>DCM klar<\/strong><\/li>\n<li><strong>vWD-Tr\u00e4ger<\/strong><\/li>\n<\/ul>\n","protected":false},"featured_media":2161,"comment_status":"open","ping_status":"closed","template":"","meta":[],"product_brand":[],"product_cat":[98],"product_tag":[],"class_list":{"0":"post-2619","1":"product","2":"type-product","3":"status-publish","4":"has-post-thumbnail","6":"product_cat-unsere-dobermanner","8":"first","9":"instock","10":"shipping-taxable","11":"product-type-simple"},"_links":{"self":[{"href":"https:\/\/oraodoberman.com\/de\/wp-json\/wp\/v2\/product\/2619","targetHints":{"allow":["GET"]}}],"collection":[{"href":"https:\/\/oraodoberman.com\/de\/wp-json\/wp\/v2\/product"}],"about":[{"href":"https:\/\/oraodoberman.com\/de\/wp-json\/wp\/v2\/types\/product"}],"replies":[{"embeddable":true,"href":"https:\/\/oraodoberman.com\/de\/wp-json\/wp\/v2\/comments?post=2619"}],"version-history":[{"count":3,"href":"https:\/\/oraodoberman.com\/de\/wp-json\/wp\/v2\/product\/2619\/revisions"}],"predecessor-version":[{"id":9279,"href":"https:\/\/oraodoberman.com\/de\/wp-json\/wp\/v2\/product\/2619\/revisions\/9279"}],"wp:featuredmedia":[{"embeddable":true,"href":"https:\/\/oraodoberman.com\/de\/wp-json\/wp\/v2\/media\/2161"}],"wp:attachment":[{"href":"https:\/\/oraodoberman.com\/de\/wp-json\/wp\/v2\/media?parent=2619"}],"wp:term":[{"taxonomy":"product_brand","embeddable":true,"href":"https:\/\/oraodoberman.com\/de\/wp-json\/wp\/v2\/product_brand?post=2619"},{"taxonomy":"product_cat","embeddable":true,"href":"https:\/\/oraodoberman.com\/de\/wp-json\/wp\/v2\/product_cat?post=2619"},{"taxonomy":"product_tag","embeddable":true,"href":"https:\/\/oraodoberman.com\/de\/wp-json\/wp\/v2\/product_tag?post=2619"}],"curies":[{"name":"wp","href":"https:\/\/api.w.org\/{rel}","templated":true}]}}