{"id":11086,"date":"2026-04-22T23:21:37","date_gmt":"2026-04-22T21:21:37","guid":{"rendered":"https:\/\/oraodoberman.com\/psi-dobermani\/unkategorisiert\/bb-wurf\/"},"modified":"2026-04-23T18:08:56","modified_gmt":"2026-04-23T16:08:56","slug":"bb-wurf","status":"publish","type":"product","link":"https:\/\/oraodoberman.com\/de\/dobermann-hunde\/bb-wurf\/bb-wurf\/","title":{"rendered":"BB-WURF"},"content":{"rendered":"\t\t<div data-elementor-type=\"product-post\" data-elementor-id=\"11086\" class=\"elementor elementor-11086 elementor-10988\" data-elementor-post-type=\"product\">\n\t\t\t\t<div class=\"elementor-element elementor-element-31aae2da e-flex e-con-boxed e-con e-parent\" data-id=\"31aae2da\" data-element_type=\"container\" data-e-type=\"container\">\n\t\t\t\t\t<div class=\"e-con-inner\">\n\t\t\t\t<div class=\"elementor-element elementor-element-4e79dc6e elementor-widget elementor-widget-text-editor\" data-id=\"4e79dc6e\" data-element_type=\"widget\" data-e-type=\"widget\" data-widget_type=\"text-editor.default\">\n\t\t\t\t<div class=\"elementor-widget-container\">\n\t\t\t\t\t\t\t\t\t<p style=\"text-align: left;\"> BB-WURF \u2014 Alle braunen Babys kommen! <br>F\u00fcr alle, die auf unsere braunen Welpen gewartet haben \u2014 wir haben die s\u00fc\u00dfeste \u00dcberraschung f\u00fcr euch vorbereitet!<br>Wir freuen uns sehr, ank\u00fcndigen zu k\u00f6nnen, dass ein ganz besonderer Wurf unterwegs ist. Unser ALL BB Wurf \u2014 also All Brown Babies \u2014 ist best\u00e4tigt und wird zwischen dem 10. und 15. Mai erwartet!  <br>An alle Schokoladenliebhaber \u2014 unser Coco ist der s\u00fc\u00dfeste, den ihr je gesehen habt! Macht euch bereit, denn diese kleinen Schokoherzen sind fast da.<br>Die Reservierungen sind jetzt ge\u00f6ffnet. Verpasst es nicht \u2014 unsere W\u00fcrfe sind schnell vergeben!  <br>Bleibt dran f\u00fcr weitere Updates! <\/p>\t\t\t\t\t\t\t\t<\/div>\n\t\t\t\t<\/div>\n\t\t\t\t\t<\/div>\n\t\t\t\t<\/div>\n\t\t<div class=\"elementor-element elementor-element-143a624 e-flex e-con-boxed e-con e-parent\" data-id=\"143a624\" data-element_type=\"container\" data-e-type=\"container\">\n\t\t\t\t\t<div class=\"e-con-inner\">\n\t\t\t\t<div class=\"elementor-element elementor-element-ed270fd elementor-widget elementor-widget-image\" data-id=\"ed270fd\" data-element_type=\"widget\" data-e-type=\"widget\" data-widget_type=\"image.default\">\n\t\t\t\t<div class=\"elementor-widget-container\">\n\t\t\t\t\t\t\t\t\t\t\t\t\t\t\t<img fetchpriority=\"high\" decoding=\"async\" width=\"800\" height=\"625\" src=\"data:image\/gif;base64,R0lGODlhAQABAAAAACH5BAEKAAEALAAAAAABAAEAAAICTAEAOw==\" class=\"attachment-large size-large wp-image-11017 lazyload\" alt=\"- Orao Doberman odgajiva\u010dnica dobermana\" sizes=\"(max-width: 800px) 100vw, 800px\" title=\"-\" data-src=\"https:\/\/oraodoberman.com\/wp-content\/uploads\/2026\/04\/WhatsApp-Image-2026-04-22-at-23.08.14-1024x800.jpeg\" data-srcset=\"https:\/\/oraodoberman.com\/wp-content\/uploads\/2026\/04\/WhatsApp-Image-2026-04-22-at-23.08.14-1024x800.jpeg 1024w, https:\/\/oraodoberman.com\/wp-content\/uploads\/2026\/04\/WhatsApp-Image-2026-04-22-at-23.08.14-300x234.jpeg 300w, https:\/\/oraodoberman.com\/wp-content\/uploads\/2026\/04\/WhatsApp-Image-2026-04-22-at-23.08.14-768x600.jpeg 768w, https:\/\/oraodoberman.com\/wp-content\/uploads\/2026\/04\/WhatsApp-Image-2026-04-22-at-23.08.14-1536x1200.jpeg 1536w, https:\/\/oraodoberman.com\/wp-content\/uploads\/2026\/04\/WhatsApp-Image-2026-04-22-at-23.08.14-600x469.jpeg 600w, https:\/\/oraodoberman.com\/wp-content\/uploads\/2026\/04\/WhatsApp-Image-2026-04-22-at-23.08.14.jpeg 2048w\">\t\t\t\t\t\t\t\t\t\t\t\t\t\t\t<\/div>\n\t\t\t\t<\/div>\n\t\t\t\t\t<\/div>\n\t\t\t\t<\/div>\n\t\t\t\t<\/div>\n\t\t","protected":false},"excerpt":{"rendered":"<p>BB-WURF \u2014 Alle braunen Babys kommen! F\u00fcr alle, die auf unsere braunen Welpen gewartet haben \u2014 wir haben die s\u00fc\u00dfeste \u00dcberraschung f\u00fcr euch vorbereitet!Wir freuen uns sehr, ank\u00fcndigen zu k\u00f6nnen, dass ein ganz besonderer Wurf unterwegs ist. Unser ALL BB Wurf \u2014 also All Brown Babies \u2014 ist best\u00e4tigt und wird zwischen dem 10. und [&hellip;]<\/p>\n","protected":false},"featured_media":10992,"comment_status":"open","ping_status":"closed","template":"","meta":[],"product_brand":[],"product_cat":[168,169,102],"product_tag":[],"class_list":{"0":"post-11086","1":"product","2":"type-product","3":"status-publish","4":"has-post-thumbnail","6":"product_cat-bb-wurf","7":"product_cat-bb-wurf-2","8":"product_cat-dobermann-zu-verkaufen","10":"first","11":"instock","12":"featured","13":"shipping-taxable","14":"product-type-simple"},"_links":{"self":[{"href":"https:\/\/oraodoberman.com\/de\/wp-json\/wp\/v2\/product\/11086","targetHints":{"allow":["GET"]}}],"collection":[{"href":"https:\/\/oraodoberman.com\/de\/wp-json\/wp\/v2\/product"}],"about":[{"href":"https:\/\/oraodoberman.com\/de\/wp-json\/wp\/v2\/types\/product"}],"replies":[{"embeddable":true,"href":"https:\/\/oraodoberman.com\/de\/wp-json\/wp\/v2\/comments?post=11086"}],"version-history":[{"count":4,"href":"https:\/\/oraodoberman.com\/de\/wp-json\/wp\/v2\/product\/11086\/revisions"}],"predecessor-version":[{"id":11090,"href":"https:\/\/oraodoberman.com\/de\/wp-json\/wp\/v2\/product\/11086\/revisions\/11090"}],"wp:featuredmedia":[{"embeddable":true,"href":"https:\/\/oraodoberman.com\/de\/wp-json\/wp\/v2\/media\/10992"}],"wp:attachment":[{"href":"https:\/\/oraodoberman.com\/de\/wp-json\/wp\/v2\/media?parent=11086"}],"wp:term":[{"taxonomy":"product_brand","embeddable":true,"href":"https:\/\/oraodoberman.com\/de\/wp-json\/wp\/v2\/product_brand?post=11086"},{"taxonomy":"product_cat","embeddable":true,"href":"https:\/\/oraodoberman.com\/de\/wp-json\/wp\/v2\/product_cat?post=11086"},{"taxonomy":"product_tag","embeddable":true,"href":"https:\/\/oraodoberman.com\/de\/wp-json\/wp\/v2\/product_tag?post=11086"}],"curies":[{"name":"wp","href":"https:\/\/api.w.org\/{rel}","templated":true}]}}