{"id":10740,"date":"2026-03-30T21:22:03","date_gmt":"2026-03-30T19:22:03","guid":{"rendered":"https:\/\/oraodoberman.com\/psi-dobermani\/unkategorisiert\/s-litter-april\/"},"modified":"2026-05-02T09:16:20","modified_gmt":"2026-05-02T07:16:20","slug":"s-litter-april","status":"publish","type":"product","link":"https:\/\/oraodoberman.com\/de\/dobermann-hunde\/dobermann-zu-verkaufen\/s-litter-april\/","title":{"rendered":"S Wurf im April"},"content":{"rendered":"\t\t<div data-elementor-type=\"product-post\" data-elementor-id=\"10740\" class=\"elementor elementor-10740 elementor-10617\" data-elementor-post-type=\"product\">\n\t\t\t\t<div class=\"elementor-element elementor-element-ee7fc44 e-flex e-con-boxed e-con e-parent\" data-id=\"ee7fc44\" data-element_type=\"container\" data-e-type=\"container\">\n\t\t\t\t\t<div class=\"e-con-inner\">\n\t\t\t\t<div class=\"elementor-element elementor-element-be0624d elementor-widget elementor-widget-text-editor\" data-id=\"be0624d\" data-element_type=\"widget\" data-e-type=\"widget\" data-widget_type=\"text-editor.default\">\n\t\t\t\t<div class=\"elementor-widget-container\">\n\t\t\t\t\t\t\t\t\t<p>Liebe Freunde der Orao Doberman Gemeinschaft,<\/p><p class=\"p1\">Wir freuen uns, wunderbare Neuigkeiten mit euch zu teilen \u2013 <strong>unsere Welpen sind angekommen!<\/strong><\/p><p class=\"p2\">Tanya begann die Geburt auf nat\u00fcrliche Weise in der Nacht zwischen dem 4. und 5. April, obwohl die Entbindung schlie\u00dflich per Kaiserschnitt abgeschlossen wurde. Mutter und Welpen geht es sehr gut. Wir durften einen wundersch\u00f6nen Wurf von 13 Welpen begr\u00fc\u00dfen \u2013 10 schwarze und 3 braune. Darunter sind 8 R\u00fcden und 5 H\u00fcndinnen, alle gesund, lebhaft und mit gro\u00dfem Appetit von Anfang an.   <\/p><p class=\"p2\" style=\"text-align: left;\">Ihr durchschnittliches Gewicht am ersten Tag lag bei starken 430 Gramm. Tanya erholt sich gut und hat sich bereits in ihre Rolle als f\u00fcrsorgliche Mutter eingefunden, die ihre Kleinen aufmerksam beobachtet. <\/p><p><strong>Reservierungen sind jetzt ge\u00f6ffnet!<br><br><\/strong><\/p>\t\t\t\t\t\t\t\t<\/div>\n\t\t\t\t<\/div>\n\t\t\t\t<div class=\"elementor-element elementor-element-fe77710 elementor-widget elementor-widget-image\" data-id=\"fe77710\" data-element_type=\"widget\" data-e-type=\"widget\" data-widget_type=\"image.default\">\n\t\t\t\t<div class=\"elementor-widget-container\">\n\t\t\t\t\t\t\t\t\t\t\t\t\t\t\t<img fetchpriority=\"high\" decoding=\"async\" width=\"800\" height=\"600\" src=\"data:image\/gif;base64,R0lGODlhAQABAAAAACH5BAEKAAEALAAAAAABAAEAAAICTAEAOw==\" class=\"attachment-large size-large wp-image-10907 lazyload\" alt=\"April litter OraoDobermann\" sizes=\"(max-width: 800px) 100vw, 800px\" title=\"-\" data-src=\"https:\/\/oraodoberman.com\/wp-content\/uploads\/2026\/03\/April-litter-OraoDobermann-1024x768.jpeg\" data-srcset=\"https:\/\/oraodoberman.com\/wp-content\/uploads\/2026\/03\/April-litter-OraoDobermann-1024x768.jpeg 1024w, https:\/\/oraodoberman.com\/wp-content\/uploads\/2026\/03\/April-litter-OraoDobermann-300x225.jpeg 300w, https:\/\/oraodoberman.com\/wp-content\/uploads\/2026\/03\/April-litter-OraoDobermann-768x576.jpeg 768w, https:\/\/oraodoberman.com\/wp-content\/uploads\/2026\/03\/April-litter-OraoDobermann-1536x1152.jpeg 1536w, https:\/\/oraodoberman.com\/wp-content\/uploads\/2026\/03\/April-litter-OraoDobermann-600x450.jpeg 600w, https:\/\/oraodoberman.com\/wp-content\/uploads\/2026\/03\/April-litter-OraoDobermann.jpeg 2048w\">\t\t\t\t\t\t\t\t\t\t\t\t\t\t\t<\/div>\n\t\t\t\t<\/div>\n\t\t\t\t<div class=\"elementor-element elementor-element-fb37114 elementor-widget elementor-widget-text-editor\" data-id=\"fb37114\" data-element_type=\"widget\" data-e-type=\"widget\" data-widget_type=\"text-editor.default\">\n\t\t\t\t<div class=\"elementor-widget-container\">\n\t\t\t\t\t\t\t\t\t<p>Die Welpen werden voraussichtlich im Juli zur Abholung oder zum Transport bereit sein, sobald sie ein Alter von 3 Monaten erreicht haben und alle notwendigen Impfungen sowie die erste Sozialisierung abgeschlossen sind. Bis dahin werden wir uns voll und ganz darauf konzentrieren, sie optimal auf ihr neues Zuhause und ihre neuen Familien vorzubereiten. Bleibt gespannt auf weitere Updates, w\u00e4hrend sie wachsen!  <\/p><p class=\"p1\"><strong>Reservieren Sie Ihren Welpen!<\/strong><\/p>\t\t\t\t\t\t\t\t<\/div>\n\t\t\t\t<\/div>\n\t\t\t\t<div class=\"elementor-element elementor-element-edc7b5e elementor-widget elementor-widget-image\" data-id=\"edc7b5e\" data-element_type=\"widget\" data-e-type=\"widget\" data-widget_type=\"image.default\">\n\t\t\t\t<div class=\"elementor-widget-container\">\n\t\t\t\t\t\t\t\t\t\t\t\t\t\t\t<img decoding=\"async\" width=\"800\" height=\"800\" src=\"data:image\/gif;base64,R0lGODlhAQABAAAAACH5BAEKAAEALAAAAAABAAEAAAICTAEAOw==\" class=\"attachment-large size-large wp-image-10693 lazyload\" alt=\"- Orao Doberman odgajiva\u010dnica dobermana\" sizes=\"(max-width: 800px) 100vw, 800px\" title=\"-\" data-src=\"https:\/\/oraodoberman.com\/wp-content\/uploads\/2026\/04\/AprilS-litter_Tanya-Toscha-von-AshantiPablo-del-Nasi.png\" data-srcset=\"https:\/\/oraodoberman.com\/wp-content\/uploads\/2026\/04\/AprilS-litter_Tanya-Toscha-von-AshantiPablo-del-Nasi.png 1000w, https:\/\/oraodoberman.com\/wp-content\/uploads\/2026\/04\/AprilS-litter_Tanya-Toscha-von-AshantiPablo-del-Nasi-300x300.png 300w, https:\/\/oraodoberman.com\/wp-content\/uploads\/2026\/04\/AprilS-litter_Tanya-Toscha-von-AshantiPablo-del-Nasi-150x150.png 150w, https:\/\/oraodoberman.com\/wp-content\/uploads\/2026\/04\/AprilS-litter_Tanya-Toscha-von-AshantiPablo-del-Nasi-768x768.png 768w, https:\/\/oraodoberman.com\/wp-content\/uploads\/2026\/04\/AprilS-litter_Tanya-Toscha-von-AshantiPablo-del-Nasi-600x600.png 600w, https:\/\/oraodoberman.com\/wp-content\/uploads\/2026\/04\/AprilS-litter_Tanya-Toscha-von-AshantiPablo-del-Nasi-100x100.png 100w\">\t\t\t\t\t\t\t\t\t\t\t\t\t\t\t<\/div>\n\t\t\t\t<\/div>\n\t\t\t\t\t<\/div>\n\t\t\t\t<\/div>\n\t\t<div class=\"elementor-element elementor-element-39685e3 e-flex e-con-boxed e-con e-parent\" data-id=\"39685e3\" data-element_type=\"container\" data-e-type=\"container\">\n\t\t\t\t\t<div class=\"e-con-inner\">\n\t\t\t\t<div class=\"elementor-element elementor-element-206109c elementor-widget elementor-widget-video\" data-id=\"206109c\" data-element_type=\"widget\" data-e-type=\"widget\" data-settings=\"{&quot;youtube_url&quot;:&quot;https:\\\/\\\/www.youtube.com\\\/shorts\\\/ttHLdUk_UMg&quot;,&quot;video_type&quot;:&quot;youtube&quot;,&quot;controls&quot;:&quot;yes&quot;}\" data-widget_type=\"video.default\">\n\t\t\t\t<div class=\"elementor-widget-container\">\n\t\t\t\t\t\t\t<div class=\"elementor-wrapper elementor-open-inline\">\n\t\t\t<div class=\"elementor-video\"><\/div>\t\t<\/div>\n\t\t\t\t\t\t<\/div>\n\t\t\t\t<\/div>\n\t\t\t\t<div class=\"elementor-element elementor-element-1890cf9 elementor-widget elementor-widget-video\" data-id=\"1890cf9\" data-element_type=\"widget\" data-e-type=\"widget\" data-settings=\"{&quot;youtube_url&quot;:&quot;https:\\\/\\\/youtube.com\\\/shorts\\\/xDEHEeUEgMY?si=bAmN3bC7SsArpX9u&quot;,&quot;video_type&quot;:&quot;youtube&quot;,&quot;controls&quot;:&quot;yes&quot;}\" data-widget_type=\"video.default\">\n\t\t\t\t<div class=\"elementor-widget-container\">\n\t\t\t\t\t\t\t<div class=\"elementor-wrapper elementor-open-inline\">\n\t\t\t<div class=\"elementor-video\"><\/div>\t\t<\/div>\n\t\t\t\t\t\t<\/div>\n\t\t\t\t<\/div>\n\t\t\t\t\t<\/div>\n\t\t\t\t<\/div>\n\t\t\t\t<\/div>\n\t\t","protected":false},"excerpt":{"rendered":"<p>Liebe Freunde der Orao Doberman Gemeinschaft, Wir freuen uns, wunderbare Neuigkeiten mit euch zu teilen \u2013 unsere Welpen sind angekommen! Tanya begann die Geburt auf nat\u00fcrliche Weise in der Nacht zwischen dem 4. und 5. April, obwohl die Entbindung schlie\u00dflich per Kaiserschnitt abgeschlossen wurde. Mutter und Welpen geht es sehr gut. Wir durften einen wundersch\u00f6nen [&hellip;]<\/p>\n","protected":false},"featured_media":10767,"comment_status":"open","ping_status":"closed","template":"","meta":[],"product_brand":[],"product_cat":[102,160],"product_tag":[],"class_list":{"0":"post-10740","1":"product","2":"type-product","3":"status-publish","4":"has-post-thumbnail","6":"product_cat-dobermann-zu-verkaufen","7":"product_cat-s-litter","9":"first","10":"instock","11":"shipping-taxable","12":"product-type-simple"},"_links":{"self":[{"href":"https:\/\/oraodoberman.com\/de\/wp-json\/wp\/v2\/product\/10740","targetHints":{"allow":["GET"]}}],"collection":[{"href":"https:\/\/oraodoberman.com\/de\/wp-json\/wp\/v2\/product"}],"about":[{"href":"https:\/\/oraodoberman.com\/de\/wp-json\/wp\/v2\/types\/product"}],"replies":[{"embeddable":true,"href":"https:\/\/oraodoberman.com\/de\/wp-json\/wp\/v2\/comments?post=10740"}],"version-history":[{"count":19,"href":"https:\/\/oraodoberman.com\/de\/wp-json\/wp\/v2\/product\/10740\/revisions"}],"predecessor-version":[{"id":11118,"href":"https:\/\/oraodoberman.com\/de\/wp-json\/wp\/v2\/product\/10740\/revisions\/11118"}],"wp:featuredmedia":[{"embeddable":true,"href":"https:\/\/oraodoberman.com\/de\/wp-json\/wp\/v2\/media\/10767"}],"wp:attachment":[{"href":"https:\/\/oraodoberman.com\/de\/wp-json\/wp\/v2\/media?parent=10740"}],"wp:term":[{"taxonomy":"product_brand","embeddable":true,"href":"https:\/\/oraodoberman.com\/de\/wp-json\/wp\/v2\/product_brand?post=10740"},{"taxonomy":"product_cat","embeddable":true,"href":"https:\/\/oraodoberman.com\/de\/wp-json\/wp\/v2\/product_cat?post=10740"},{"taxonomy":"product_tag","embeddable":true,"href":"https:\/\/oraodoberman.com\/de\/wp-json\/wp\/v2\/product_tag?post=10740"}],"curies":[{"name":"wp","href":"https:\/\/api.w.org\/{rel}","templated":true}]}}